{"id":165,"date":"2025-03-13T03:34:07","date_gmt":"2025-03-13T03:34:07","guid":{"rendered":"https:\/\/alavancagemdigitalmkt.com.br\/toolsul\/?page_id=165"},"modified":"2025-10-03T19:05:05","modified_gmt":"2025-10-03T19:05:05","slug":"assistencia-tecnica","status":"publish","type":"page","link":"https:\/\/producao.lucasprogramador.com.br\/toolsul\/assistencia-tecnica\/","title":{"rendered":"Assist\u00eancia t\u00e9cnica"},"content":{"rendered":"\t\t<div data-elementor-type=\"wp-page\" data-elementor-id=\"165\" class=\"elementor elementor-165\" data-elementor-post-type=\"page\">\n\t\t\t\t<div class=\"elementor-element elementor-element-6de96957 e-flex e-con-boxed e-con e-parent\" data-id=\"6de96957\" data-element_type=\"container\" data-settings=\"{&quot;background_background&quot;:&quot;classic&quot;}\">\n\t\t\t\t\t<div class=\"e-con-inner\">\n\t\t<div class=\"elementor-element elementor-element-64a0c0b8 e-flex e-con-boxed e-con e-child\" data-id=\"64a0c0b8\" data-element_type=\"container\">\n\t\t\t\t\t<div class=\"e-con-inner\">\n\t\t\t\t<div class=\"elementor-element elementor-element-c9c3ab4 elementor-widget elementor-widget-heading\" data-id=\"c9c3ab4\" data-element_type=\"widget\" data-widget_type=\"heading.default\">\n\t\t\t\t<div class=\"elementor-widget-container\">\n\t\t\t\t\t<h1 class=\"elementor-heading-title elementor-size-default\">Assist\u00eancia t\u00e9cnica<\/h1>\t\t\t\t<\/div>\n\t\t\t\t<\/div>\n\t\t\t\t\t<\/div>\n\t\t\t\t<\/div>\n\t\t\t\t\t<\/div>\n\t\t\t\t<\/div>\n\t\t<div class=\"elementor-element elementor-element-642b9633 e-flex e-con-boxed e-con e-parent\" data-id=\"642b9633\" data-element_type=\"container\" data-settings=\"{&quot;background_background&quot;:&quot;classic&quot;}\">\n\t\t\t\t\t<div class=\"e-con-inner\">\n\t\t<div class=\"elementor-element elementor-element-4d76c91b e-con-full e-flex e-con e-child\" data-id=\"4d76c91b\" data-element_type=\"container\">\n\t\t\t\t<div class=\"elementor-element elementor-element-41a6a950 elementor-widget elementor-widget-heading\" data-id=\"41a6a950\" data-element_type=\"widget\" data-widget_type=\"heading.default\">\n\t\t\t\t<div class=\"elementor-widget-container\">\n\t\t\t\t\t<h6 class=\"elementor-heading-title elementor-size-default\">Reformas de Dispositivos<\/h6>\t\t\t\t<\/div>\n\t\t\t\t<\/div>\n\t\t\t\t<div class=\"elementor-element elementor-element-1330467d elementor-widget elementor-widget-heading\" data-id=\"1330467d\" data-element_type=\"widget\" data-widget_type=\"heading.default\">\n\t\t\t\t<div class=\"elementor-widget-container\">\n\t\t\t\t\t<h2 class=\"elementor-heading-title elementor-size-default\">Suporte T\u00e9cnico Especializado\n<\/h2>\t\t\t\t<\/div>\n\t\t\t\t<\/div>\n\t\t\t\t<div class=\"elementor-element elementor-element-5fb8d144 elementor-widget elementor-widget-text-editor\" data-id=\"5fb8d144\" data-element_type=\"widget\" data-widget_type=\"text-editor.default\">\n\t\t\t\t<div class=\"elementor-widget-container\">\n\t\t\t\t\t\t\t\t\tAtuamos na manuten\u00e7\u00e3o e na melhoria de dispositivos e ferramentas industriais, garantindo confiabilidade e maior vida \u00fatil aos seus equipamentos.\n\t\t\t\t\t\t\t\t<\/div>\n\t\t\t\t<\/div>\n\t\t\t\t<div class=\"elementor-element elementor-element-4f5c4916 elementor-widget elementor-widget-text-editor\" data-id=\"4f5c4916\" data-element_type=\"widget\" data-widget_type=\"text-editor.default\">\n\t\t\t\t<div class=\"elementor-widget-container\">\n\t\t\t\t\t\t\t\t\t<p>Nossos servi\u00e7os incluem:<\/p><ul><li>Reparos corretivos e preventivos \u2013 para evitar paradas inesperadas e reduzir custos de manuten\u00e7\u00e3o.<\/li><li>Ajustes e modifica\u00e7\u00f5es t\u00e9cnicas \u2013 adaptando dispositivos para maior efici\u00eancia no processo produtivo.<\/li><li>Consultoria especializada \u2013 identificamos oportunidades de redu\u00e7\u00e3o de custos, aumento de produtividade e aprimoramento da qualidade.<\/li><\/ul>\t\t\t\t\t\t\t\t<\/div>\n\t\t\t\t<\/div>\n\t\t\t\t<div class=\"elementor-element elementor-element-641a6994 elementor-widget elementor-widget-button\" data-id=\"641a6994\" data-element_type=\"widget\" data-widget_type=\"button.default\">\n\t\t\t\t<div class=\"elementor-widget-container\">\n\t\t\t\t\t\t\t\t\t<div class=\"elementor-button-wrapper\">\n\t\t\t\t\t<a class=\"elementor-button elementor-button-link elementor-size-sm\" href=\"#\">\n\t\t\t\t\t\t<span class=\"elementor-button-content-wrapper\">\n\t\t\t\t\t\t\t\t\t<span class=\"elementor-button-text\">Fazer or\u00e7amento<\/span>\n\t\t\t\t\t<\/span>\n\t\t\t\t\t<\/a>\n\t\t\t\t<\/div>\n\t\t\t\t\t\t\t\t<\/div>\n\t\t\t\t<\/div>\n\t\t\t\t<\/div>\n\t\t<div class=\"elementor-element elementor-element-3f43ff2e e-con-full e-flex e-con e-child\" data-id=\"3f43ff2e\" data-element_type=\"container\">\n\t\t\t\t<div class=\"elementor-element elementor-element-798f8187 elementor-widget elementor-widget-image\" data-id=\"798f8187\" data-element_type=\"widget\" data-widget_type=\"image.default\">\n\t\t\t\t<div class=\"elementor-widget-container\">\n\t\t\t\t\t\t\t\t\t\t\t\t\t\t\t<img fetchpriority=\"high\" decoding=\"async\" width=\"1536\" height=\"1536\" src=\"https:\/\/producao.lucasprogramador.com.br\/toolsul\/wp-content\/uploads\/2025\/10\/WhatsApp-Image-2025-10-03-at-15.51.46.jpeg\" class=\"attachment-full size-full wp-image-372\" alt=\"\" srcset=\"https:\/\/producao.lucasprogramador.com.br\/toolsul\/wp-content\/uploads\/2025\/10\/WhatsApp-Image-2025-10-03-at-15.51.46.jpeg 1536w, https:\/\/producao.lucasprogramador.com.br\/toolsul\/wp-content\/uploads\/2025\/10\/WhatsApp-Image-2025-10-03-at-15.51.46-300x300.jpeg 300w, https:\/\/producao.lucasprogramador.com.br\/toolsul\/wp-content\/uploads\/2025\/10\/WhatsApp-Image-2025-10-03-at-15.51.46-1024x1024.jpeg 1024w, https:\/\/producao.lucasprogramador.com.br\/toolsul\/wp-content\/uploads\/2025\/10\/WhatsApp-Image-2025-10-03-at-15.51.46-150x150.jpeg 150w, https:\/\/producao.lucasprogramador.com.br\/toolsul\/wp-content\/uploads\/2025\/10\/WhatsApp-Image-2025-10-03-at-15.51.46-768x768.jpeg 768w\" sizes=\"(max-width: 1536px) 100vw, 1536px\" \/>\t\t\t\t\t\t\t\t\t\t\t\t\t\t\t<\/div>\n\t\t\t\t<\/div>\n\t\t\t\t<\/div>\n\t\t\t\t\t<\/div>\n\t\t\t\t<\/div>\n\t\t<div class=\"elementor-element elementor-element-410d7049 elementor-hidden-desktop elementor-hidden-tablet elementor-hidden-mobile e-flex e-con-boxed e-con e-parent\" data-id=\"410d7049\" data-element_type=\"container\" data-settings=\"{&quot;background_background&quot;:&quot;classic&quot;}\">\n\t\t\t\t\t<div class=\"e-con-inner\">\n\t\t<div class=\"elementor-element elementor-element-22c650ff e-flex e-con-boxed e-con e-child\" data-id=\"22c650ff\" data-element_type=\"container\">\n\t\t\t\t\t<div class=\"e-con-inner\">\n\t\t\t\t<div class=\"elementor-element elementor-element-67c98cd8 elementor-widget elementor-widget-heading\" data-id=\"67c98cd8\" data-element_type=\"widget\" data-widget_type=\"heading.default\">\n\t\t\t\t<div class=\"elementor-widget-container\">\n\t\t\t\t\t<h6 class=\"elementor-heading-title elementor-size-default\">Assist\u00eancia T\u00e9cnica<\/h6>\t\t\t\t<\/div>\n\t\t\t\t<\/div>\n\t\t\t\t<div class=\"elementor-element elementor-element-1bf6024b elementor-widget elementor-widget-heading\" data-id=\"1bf6024b\" data-element_type=\"widget\" data-widget_type=\"heading.default\">\n\t\t\t\t<div class=\"elementor-widget-container\">\n\t\t\t\t\t<h2 class=\"elementor-heading-title elementor-size-default\">Assist\u00eancia T\u00e9cnica Especializada para M\u00e1ximo Desempenho\n\n<\/h2>\t\t\t\t<\/div>\n\t\t\t\t<\/div>\n\t\t\t\t<div class=\"elementor-element elementor-element-6fda64c elementor-widget elementor-widget-spacer\" data-id=\"6fda64c\" data-element_type=\"widget\" data-widget_type=\"spacer.default\">\n\t\t\t\t<div class=\"elementor-widget-container\">\n\t\t\t\t\t\t\t<div class=\"elementor-spacer\">\n\t\t\t<div class=\"elementor-spacer-inner\"><\/div>\n\t\t<\/div>\n\t\t\t\t\t\t<\/div>\n\t\t\t\t<\/div>\n\t\t\t\t\t<\/div>\n\t\t\t\t<\/div>\n\t\t<div class=\"elementor-element elementor-element-3696d5db e-flex e-con-boxed e-con e-child\" data-id=\"3696d5db\" data-element_type=\"container\">\n\t\t\t\t\t<div class=\"e-con-inner\">\n\t\t<div class=\"elementor-element elementor-element-7d49a332 e-con-full e-flex e-con e-child\" data-id=\"7d49a332\" data-element_type=\"container\">\n\t\t<div class=\"elementor-element elementor-element-2e7d7ddf e-con-full e-flex e-con e-child\" data-id=\"2e7d7ddf\" data-element_type=\"container\" data-settings=\"{&quot;background_background&quot;:&quot;classic&quot;}\">\n\t\t\t\t<div class=\"elementor-element elementor-element-41f452d9 elementor-widget elementor-widget-icon-box\" data-id=\"41f452d9\" data-element_type=\"widget\" data-widget_type=\"icon-box.default\">\n\t\t\t\t<div class=\"elementor-widget-container\">\n\t\t\t\t\t\t\t<div class=\"elementor-icon-box-wrapper\">\n\n\t\t\t\n\t\t\t\t\t\t<div class=\"elementor-icon-box-content\">\n\n\t\t\t\t\t\t\t\t\t<div class=\"elementor-icon-box-title\">\n\t\t\t\t\t\t<span  >\n\t\t\t\t\t\t\tMec\u00e2nicos\t\t\t\t\t\t<\/span>\n\t\t\t\t\t<\/div>\n\t\t\t\t\n\t\t\t\t\t\t\t\t\t<p class=\"elementor-icon-box-description\">\n\t\t\t\t\t\tGarantimos a recupera\u00e7\u00e3o e o desempenho ideal de sistemas mec\u00e2nicos com diagn\u00f3sticos precisos, ajustes e substitui\u00e7\u00e3o de componentes.\t\t\t\t\t<\/p>\n\t\t\t\t\n\t\t\t<\/div>\n\t\t\t\n\t\t<\/div>\n\t\t\t\t\t\t<\/div>\n\t\t\t\t<\/div>\n\t\t\t\t<div class=\"elementor-element elementor-element-62f7cd39 elementor-align-left elementor-widget elementor-widget-button\" data-id=\"62f7cd39\" data-element_type=\"widget\" data-widget_type=\"button.default\">\n\t\t\t\t<div class=\"elementor-widget-container\">\n\t\t\t\t\t\t\t\t\t<div class=\"elementor-button-wrapper\">\n\t\t\t\t\t<a class=\"elementor-button elementor-button-link elementor-size-sm\" href=\"#\">\n\t\t\t\t\t\t<span class=\"elementor-button-content-wrapper\">\n\t\t\t\t\t\t\t\t\t<span class=\"elementor-button-text\">Fazer or\u00e7amento<\/span>\n\t\t\t\t\t<\/span>\n\t\t\t\t\t<\/a>\n\t\t\t\t<\/div>\n\t\t\t\t\t\t\t\t<\/div>\n\t\t\t\t<\/div>\n\t\t\t\t<\/div>\n\t\t\t\t<\/div>\n\t\t<div class=\"elementor-element elementor-element-642a7c48 e-con-full e-flex e-con e-child\" data-id=\"642a7c48\" data-element_type=\"container\">\n\t\t<div class=\"elementor-element elementor-element-1d7f33a8 e-con-full e-flex e-con e-child\" data-id=\"1d7f33a8\" data-element_type=\"container\" data-settings=\"{&quot;background_background&quot;:&quot;classic&quot;}\">\n\t\t\t\t<div class=\"elementor-element elementor-element-691c2365 elementor-widget elementor-widget-icon-box\" data-id=\"691c2365\" data-element_type=\"widget\" data-widget_type=\"icon-box.default\">\n\t\t\t\t<div class=\"elementor-widget-container\">\n\t\t\t\t\t\t\t<div class=\"elementor-icon-box-wrapper\">\n\n\t\t\t\n\t\t\t\t\t\t<div class=\"elementor-icon-box-content\">\n\n\t\t\t\t\t\t\t\t\t<div class=\"elementor-icon-box-title\">\n\t\t\t\t\t\t<span  >\n\t\t\t\t\t\t\tControle\t\t\t\t\t\t<\/span>\n\t\t\t\t\t<\/div>\n\t\t\t\t\n\t\t\t\t\t\t\t\t\t<p class=\"elementor-icon-box-description\">\n\t\t\t\t\t\tOferecemos assist\u00eancia t\u00e9cnica para sistemas de controle, garantindo ajustes, calibra\u00e7\u00e3o e manuten\u00e7\u00e3o preventiva.\t\t\t\t\t<\/p>\n\t\t\t\t\n\t\t\t<\/div>\n\t\t\t\n\t\t<\/div>\n\t\t\t\t\t\t<\/div>\n\t\t\t\t<\/div>\n\t\t\t\t<div class=\"elementor-element elementor-element-23f99341 elementor-align-left elementor-widget elementor-widget-button\" data-id=\"23f99341\" data-element_type=\"widget\" data-widget_type=\"button.default\">\n\t\t\t\t<div class=\"elementor-widget-container\">\n\t\t\t\t\t\t\t\t\t<div class=\"elementor-button-wrapper\">\n\t\t\t\t\t<a class=\"elementor-button elementor-button-link elementor-size-sm\" href=\"#\">\n\t\t\t\t\t\t<span class=\"elementor-button-content-wrapper\">\n\t\t\t\t\t\t\t\t\t<span class=\"elementor-button-text\">Fazer or\u00e7amento<\/span>\n\t\t\t\t\t<\/span>\n\t\t\t\t\t<\/a>\n\t\t\t\t<\/div>\n\t\t\t\t\t\t\t\t<\/div>\n\t\t\t\t<\/div>\n\t\t\t\t<\/div>\n\t\t\t\t<\/div>\n\t\t<div class=\"elementor-element elementor-element-27520141 e-con-full e-flex e-con e-child\" data-id=\"27520141\" data-element_type=\"container\">\n\t\t<div class=\"elementor-element elementor-element-3095fa21 e-con-full e-flex e-con e-child\" data-id=\"3095fa21\" data-element_type=\"container\" data-settings=\"{&quot;background_background&quot;:&quot;classic&quot;}\">\n\t\t\t\t<div class=\"elementor-element elementor-element-51a544 elementor-widget elementor-widget-icon-box\" data-id=\"51a544\" data-element_type=\"widget\" data-widget_type=\"icon-box.default\">\n\t\t\t\t<div class=\"elementor-widget-container\">\n\t\t\t\t\t\t\t<div class=\"elementor-icon-box-wrapper\">\n\n\t\t\t\n\t\t\t\t\t\t<div class=\"elementor-icon-box-content\">\n\n\t\t\t\t\t\t\t\t\t<div class=\"elementor-icon-box-title\">\n\t\t\t\t\t\t<span  >\n\t\t\t\t\t\t\tFixa\u00e7\u00e3o\t\t\t\t\t\t<\/span>\n\t\t\t\t\t<\/div>\n\t\t\t\t\n\t\t\t\t\t\t\t\t\t<p class=\"elementor-icon-box-description\">\n\t\t\t\t\t\tRealizamos assist\u00eancia t\u00e9cnica especializada em dispositivos de fixa\u00e7\u00e3o, garantindo que operem com m\u00e1xima efici\u00eancia e seguran\u00e7a.\t\t\t\t\t<\/p>\n\t\t\t\t\n\t\t\t<\/div>\n\t\t\t\n\t\t<\/div>\n\t\t\t\t\t\t<\/div>\n\t\t\t\t<\/div>\n\t\t\t\t<div class=\"elementor-element elementor-element-2d0b096d elementor-align-left elementor-widget elementor-widget-button\" data-id=\"2d0b096d\" data-element_type=\"widget\" data-widget_type=\"button.default\">\n\t\t\t\t<div class=\"elementor-widget-container\">\n\t\t\t\t\t\t\t\t\t<div class=\"elementor-button-wrapper\">\n\t\t\t\t\t<a class=\"elementor-button elementor-button-link elementor-size-sm\" href=\"#\">\n\t\t\t\t\t\t<span class=\"elementor-button-content-wrapper\">\n\t\t\t\t\t\t\t\t\t<span class=\"elementor-button-text\">Fazer or\u00e7amento<\/span>\n\t\t\t\t\t<\/span>\n\t\t\t\t\t<\/a>\n\t\t\t\t<\/div>\n\t\t\t\t\t\t\t\t<\/div>\n\t\t\t\t<\/div>\n\t\t\t\t<\/div>\n\t\t\t\t<\/div>\n\t\t\t\t\t<\/div>\n\t\t\t\t<\/div>\n\t\t\t\t\t<\/div>\n\t\t\t\t<\/div>\n\t\t\t\t<\/div>\n\t\t","protected":false},"excerpt":{"rendered":"<p>Reformas de Dispositivos Suporte T\u00e9cnico Especializado Atuamos na manuten\u00e7\u00e3o e na melhoria de dispositivos e ferramentas industriais, garantindo confiabilidade e maior vida \u00fatil aos seus equipamentos. Nossos servi\u00e7os incluem: Reparos corretivos e preventivos \u2013 para evitar paradas inesperadas e reduzir custos de manuten\u00e7\u00e3o. Ajustes e modifica\u00e7\u00f5es t\u00e9cnicas \u2013 adaptando dispositivos para maior efici\u00eancia no processo [&hellip;]<\/p>\n","protected":false},"author":1,"featured_media":0,"parent":0,"menu_order":0,"comment_status":"closed","ping_status":"closed","template":"elementor_header_footer","meta":{"footnotes":""},"class_list":["post-165","page","type-page","status-publish","hentry"],"_links":{"self":[{"href":"https:\/\/producao.lucasprogramador.com.br\/toolsul\/wp-json\/wp\/v2\/pages\/165","targetHints":{"allow":["GET"]}}],"collection":[{"href":"https:\/\/producao.lucasprogramador.com.br\/toolsul\/wp-json\/wp\/v2\/pages"}],"about":[{"href":"https:\/\/producao.lucasprogramador.com.br\/toolsul\/wp-json\/wp\/v2\/types\/page"}],"author":[{"embeddable":true,"href":"https:\/\/producao.lucasprogramador.com.br\/toolsul\/wp-json\/wp\/v2\/users\/1"}],"replies":[{"embeddable":true,"href":"https:\/\/producao.lucasprogramador.com.br\/toolsul\/wp-json\/wp\/v2\/comments?post=165"}],"version-history":[{"count":25,"href":"https:\/\/producao.lucasprogramador.com.br\/toolsul\/wp-json\/wp\/v2\/pages\/165\/revisions"}],"predecessor-version":[{"id":406,"href":"https:\/\/producao.lucasprogramador.com.br\/toolsul\/wp-json\/wp\/v2\/pages\/165\/revisions\/406"}],"wp:attachment":[{"href":"https:\/\/producao.lucasprogramador.com.br\/toolsul\/wp-json\/wp\/v2\/media?parent=165"}],"curies":[{"name":"wp","href":"https:\/\/api.w.org\/{rel}","templated":true}]}}