{"id":902,"date":"2022-09-15T17:24:03","date_gmt":"2022-09-15T20:24:03","guid":{"rendered":"https:\/\/sintemmd.org\/?page_id=902"},"modified":"2022-09-15T17:49:53","modified_gmt":"2022-09-15T20:49:53","slug":"atendimento-sindical","status":"publish","type":"page","link":"https:\/\/producao.lucasprogramador.com.br\/sintemd\/atendimento-sindical\/","title":{"rendered":"Atendimento Sindical"},"content":{"rendered":"\n<figure class=\"wp-block-image size-large\"><img fetchpriority=\"high\" decoding=\"async\" width=\"1024\" height=\"639\" src=\"https:\/\/producao.lucasprogramador.com.br\/sintemd\/wp-content\/uploads\/2022\/09\/copia-gps-sindicato-1024x639.jpg\" alt=\"\" class=\"wp-image-903\" srcset=\"https:\/\/producao.lucasprogramador.com.br\/sintemd\/wp-content\/uploads\/2022\/09\/copia-gps-sindicato-1024x639.jpg 1024w, https:\/\/producao.lucasprogramador.com.br\/sintemd\/wp-content\/uploads\/2022\/09\/copia-gps-sindicato-300x187.jpg 300w, https:\/\/producao.lucasprogramador.com.br\/sintemd\/wp-content\/uploads\/2022\/09\/copia-gps-sindicato-768x479.jpg 768w, https:\/\/producao.lucasprogramador.com.br\/sintemd\/wp-content\/uploads\/2022\/09\/copia-gps-sindicato-1536x958.jpg 1536w, https:\/\/producao.lucasprogramador.com.br\/sintemd\/wp-content\/uploads\/2022\/09\/copia-gps-sindicato-2048x1278.jpg 2048w, https:\/\/producao.lucasprogramador.com.br\/sintemd\/wp-content\/uploads\/2022\/09\/copia-gps-sindicato-800x500.jpg 800w, https:\/\/producao.lucasprogramador.com.br\/sintemd\/wp-content\/uploads\/2022\/09\/copia-gps-sindicato-400x250.jpg 400w\" sizes=\"(max-width: 1024px) 100vw, 1024px\" \/><\/figure>\n\n\n\n<p>A diretoria do Sindicato presta atendimento aos servidores da Educa\u00e7\u00e3o, sempre \u00e0 disposi\u00e7\u00e3o dos quase 2.000 profissionais da Rede Municipal de Educa\u00e7\u00e3o com presteza e qualidade de servi\u00e7os.<\/p>\n","protected":false},"excerpt":{"rendered":"<p>A diretoria do Sindicato presta atendimento aos servidores da Educa\u00e7\u00e3o, sempre \u00e0 disposi\u00e7\u00e3o dos quase 2.000 profissionais da Rede Municipal de Educa\u00e7\u00e3o com presteza e qualidade de servi\u00e7os.<\/p>\n","protected":false},"author":3,"featured_media":0,"parent":0,"menu_order":0,"comment_status":"closed","ping_status":"closed","template":"","meta":{"footnotes":""},"class_list":["post-902","page","type-page","status-publish","hentry"],"_links":{"self":[{"href":"https:\/\/producao.lucasprogramador.com.br\/sintemd\/wp-json\/wp\/v2\/pages\/902","targetHints":{"allow":["GET"]}}],"collection":[{"href":"https:\/\/producao.lucasprogramador.com.br\/sintemd\/wp-json\/wp\/v2\/pages"}],"about":[{"href":"https:\/\/producao.lucasprogramador.com.br\/sintemd\/wp-json\/wp\/v2\/types\/page"}],"author":[{"embeddable":true,"href":"https:\/\/producao.lucasprogramador.com.br\/sintemd\/wp-json\/wp\/v2\/users\/3"}],"replies":[{"embeddable":true,"href":"https:\/\/producao.lucasprogramador.com.br\/sintemd\/wp-json\/wp\/v2\/comments?post=902"}],"version-history":[{"count":1,"href":"https:\/\/producao.lucasprogramador.com.br\/sintemd\/wp-json\/wp\/v2\/pages\/902\/revisions"}],"predecessor-version":[{"id":904,"href":"https:\/\/producao.lucasprogramador.com.br\/sintemd\/wp-json\/wp\/v2\/pages\/902\/revisions\/904"}],"wp:attachment":[{"href":"https:\/\/producao.lucasprogramador.com.br\/sintemd\/wp-json\/wp\/v2\/media?parent=902"}],"curies":[{"name":"wp","href":"https:\/\/api.w.org\/{rel}","templated":true}]}}