{"id":136,"date":"2021-11-10T15:41:10","date_gmt":"2021-11-10T18:41:10","guid":{"rendered":"https:\/\/localhost\/sintemmd\/?page_id=136"},"modified":"2024-05-18T11:55:50","modified_gmt":"2024-05-18T14:55:50","slug":"juridico","status":"publish","type":"page","link":"https:\/\/producao.lucasprogramador.com.br\/sintemd\/juridico\/","title":{"rendered":"Jur\u00eddico"},"content":{"rendered":"\t\t<div data-elementor-type=\"wp-page\" data-elementor-id=\"136\" class=\"elementor elementor-136\">\n\t\t\t\t\t\t<section class=\"elementor-section elementor-top-section elementor-element elementor-element-1b8f2dc3 elementor-section-boxed elementor-section-height-default elementor-section-height-default\" data-id=\"1b8f2dc3\" data-element_type=\"section\" data-e-type=\"section\">\n\t\t\t\t\t\t<div class=\"elementor-container elementor-column-gap-default\">\n\t\t\t\t\t<div class=\"elementor-column elementor-col-50 elementor-top-column elementor-element elementor-element-51e2b2f7\" data-id=\"51e2b2f7\" data-element_type=\"column\" data-e-type=\"column\">\n\t\t\t<div class=\"elementor-widget-wrap elementor-element-populated\">\n\t\t\t\t\t\t<div class=\"elementor-element elementor-element-666dcf6f de_scroll_animation_no elementor-invisible elementor-widget elementor-widget-heading\" data-id=\"666dcf6f\" data-element_type=\"widget\" data-e-type=\"widget\" data-settings=\"{&quot;_animation&quot;:&quot;fadeIn&quot;}\" data-widget_type=\"heading.default\">\n\t\t\t\t<div class=\"elementor-widget-container\">\n\t\t\t\t\t<h1 class=\"elementor-heading-title elementor-size-default\">Assist\u00eancia Jur\u00eddica\n<\/h1>\t\t\t\t<\/div>\n\t\t\t\t<\/div>\n\t\t\t\t\t<\/div>\n\t\t<\/div>\n\t\t\t\t<div class=\"elementor-column elementor-col-50 elementor-top-column elementor-element elementor-element-61ab16e\" data-id=\"61ab16e\" data-element_type=\"column\" data-e-type=\"column\">\n\t\t\t<div class=\"elementor-widget-wrap elementor-element-populated\">\n\t\t\t\t\t\t<div class=\"elementor-element elementor-element-22916aac de_scroll_animation_no elementor-invisible elementor-widget elementor-widget-text-editor\" data-id=\"22916aac\" data-element_type=\"widget\" data-e-type=\"widget\" data-settings=\"{&quot;_animation&quot;:&quot;fadeIn&quot;}\" data-widget_type=\"text-editor.default\">\n\t\t\t\t<div class=\"elementor-widget-container\">\n\t\t\t\t\t\t\t\t\t<p>O SINTEMMD conta com um departamento jur\u00eddico com larga experi\u00eancia e atua\u00e7\u00e3o em todo o estado de Minas Gerais. A\u00a0 equipe de advogados e estagi\u00e1rios se encarrega em fortalecer a luta da classe trabalhadora junto a justi\u00e7a.<\/p>\n<p>Entre em contato conosco para agendar o seu atendimento. WhatsApp (37)3212-8559<\/p>\t\t\t\t\t\t\t\t<\/div>\n\t\t\t\t<\/div>\n\t\t\t\t\t<\/div>\n\t\t<\/div>\n\t\t\t\t\t<\/div>\n\t\t<\/section>\n\t\t\t\t<section class=\"elementor-section elementor-top-section elementor-element elementor-element-2575cd40 elementor-section-boxed elementor-section-height-default elementor-section-height-default\" data-id=\"2575cd40\" data-element_type=\"section\" data-e-type=\"section\">\n\t\t\t\t\t\t<div class=\"elementor-container elementor-column-gap-default\">\n\t\t\t\t\t<div class=\"elementor-column elementor-col-50 elementor-top-column elementor-element elementor-element-1bb81b4f\" data-id=\"1bb81b4f\" data-element_type=\"column\" data-e-type=\"column\">\n\t\t\t<div class=\"elementor-widget-wrap elementor-element-populated\">\n\t\t\t\t\t\t<div class=\"elementor-element elementor-element-13d06c0f de_scroll_animation_no elementor-invisible elementor-widget elementor-widget-image\" data-id=\"13d06c0f\" data-element_type=\"widget\" data-e-type=\"widget\" data-settings=\"{&quot;_animation&quot;:&quot;fadeIn&quot;}\" data-widget_type=\"image.default\">\n\t\t\t\t<div class=\"elementor-widget-container\">\n\t\t\t\t\t\t\t\t\t\t\t\t\t\t\t<img fetchpriority=\"high\" decoding=\"async\" width=\"1080\" height=\"1080\" src=\"https:\/\/producao.lucasprogramador.com.br\/sintemd\/wp-content\/uploads\/2023\/03\/WhatsApp-Image-2023-03-21-at-20.21.49.jpeg\" class=\"attachment-full size-full wp-image-933\" alt=\"\" srcset=\"https:\/\/producao.lucasprogramador.com.br\/sintemd\/wp-content\/uploads\/2023\/03\/WhatsApp-Image-2023-03-21-at-20.21.49.jpeg 1080w, https:\/\/producao.lucasprogramador.com.br\/sintemd\/wp-content\/uploads\/2023\/03\/WhatsApp-Image-2023-03-21-at-20.21.49-300x300.jpeg 300w, https:\/\/producao.lucasprogramador.com.br\/sintemd\/wp-content\/uploads\/2023\/03\/WhatsApp-Image-2023-03-21-at-20.21.49-1024x1024.jpeg 1024w, https:\/\/producao.lucasprogramador.com.br\/sintemd\/wp-content\/uploads\/2023\/03\/WhatsApp-Image-2023-03-21-at-20.21.49-150x150.jpeg 150w, https:\/\/producao.lucasprogramador.com.br\/sintemd\/wp-content\/uploads\/2023\/03\/WhatsApp-Image-2023-03-21-at-20.21.49-768x768.jpeg 768w\" sizes=\"(max-width: 1080px) 100vw, 1080px\" \/>\t\t\t\t\t\t\t\t\t\t\t\t\t\t\t<\/div>\n\t\t\t\t<\/div>\n\t\t\t\t\t<\/div>\n\t\t<\/div>\n\t\t\t\t<div class=\"elementor-column elementor-col-50 elementor-top-column elementor-element elementor-element-3d0c592\" data-id=\"3d0c592\" data-element_type=\"column\" data-e-type=\"column\">\n\t\t\t<div class=\"elementor-widget-wrap elementor-element-populated\">\n\t\t\t\t\t\t<div class=\"elementor-element elementor-element-f675dcb de_scroll_animation_no elementor-invisible elementor-widget elementor-widget-image\" data-id=\"f675dcb\" data-element_type=\"widget\" data-e-type=\"widget\" data-settings=\"{&quot;_animation&quot;:&quot;fadeIn&quot;}\" data-widget_type=\"image.default\">\n\t\t\t\t<div class=\"elementor-widget-container\">\n\t\t\t\t\t\t\t\t\t\t\t\t\t\t\t<img decoding=\"async\" width=\"1080\" height=\"1080\" src=\"https:\/\/producao.lucasprogramador.com.br\/sintemd\/wp-content\/uploads\/2024\/05\/FOLGAS-ELEITORAIS-ORIENTACOES.webp\" class=\"attachment-full size-full wp-image-1269\" alt=\"\" srcset=\"https:\/\/producao.lucasprogramador.com.br\/sintemd\/wp-content\/uploads\/2024\/05\/FOLGAS-ELEITORAIS-ORIENTACOES.webp 1080w, https:\/\/producao.lucasprogramador.com.br\/sintemd\/wp-content\/uploads\/2024\/05\/FOLGAS-ELEITORAIS-ORIENTACOES-300x300.webp 300w, https:\/\/producao.lucasprogramador.com.br\/sintemd\/wp-content\/uploads\/2024\/05\/FOLGAS-ELEITORAIS-ORIENTACOES-1024x1024.webp 1024w, https:\/\/producao.lucasprogramador.com.br\/sintemd\/wp-content\/uploads\/2024\/05\/FOLGAS-ELEITORAIS-ORIENTACOES-150x150.webp 150w, https:\/\/producao.lucasprogramador.com.br\/sintemd\/wp-content\/uploads\/2024\/05\/FOLGAS-ELEITORAIS-ORIENTACOES-768x768.webp 768w, https:\/\/producao.lucasprogramador.com.br\/sintemd\/wp-content\/uploads\/2024\/05\/FOLGAS-ELEITORAIS-ORIENTACOES-650x650.webp 650w\" sizes=\"(max-width: 1080px) 100vw, 1080px\" \/>\t\t\t\t\t\t\t\t\t\t\t\t\t\t\t<\/div>\n\t\t\t\t<\/div>\n\t\t\t\t\t<\/div>\n\t\t<\/div>\n\t\t\t\t\t<\/div>\n\t\t<\/section>\n\t\t\t\t<\/div>\n\t\t","protected":false},"excerpt":{"rendered":"<p>Assist\u00eancia Jur\u00eddica O SINTEMMD conta com um departamento jur\u00eddico com larga experi\u00eancia e atua\u00e7\u00e3o em todo o estado de Minas Gerais. A\u00a0 equipe de advogados e estagi\u00e1rios se encarrega em fortalecer a luta da classe trabalhadora junto a justi\u00e7a. Entre em contato conosco para agendar o seu atendimento. WhatsApp (37)3212-8559<\/p>\n","protected":false},"author":3,"featured_media":0,"parent":0,"menu_order":0,"comment_status":"closed","ping_status":"closed","template":"elementor_header_footer","meta":{"footnotes":""},"class_list":["post-136","page","type-page","status-publish","hentry"],"_links":{"self":[{"href":"https:\/\/producao.lucasprogramador.com.br\/sintemd\/wp-json\/wp\/v2\/pages\/136","targetHints":{"allow":["GET"]}}],"collection":[{"href":"https:\/\/producao.lucasprogramador.com.br\/sintemd\/wp-json\/wp\/v2\/pages"}],"about":[{"href":"https:\/\/producao.lucasprogramador.com.br\/sintemd\/wp-json\/wp\/v2\/types\/page"}],"author":[{"embeddable":true,"href":"https:\/\/producao.lucasprogramador.com.br\/sintemd\/wp-json\/wp\/v2\/users\/3"}],"replies":[{"embeddable":true,"href":"https:\/\/producao.lucasprogramador.com.br\/sintemd\/wp-json\/wp\/v2\/comments?post=136"}],"version-history":[{"count":31,"href":"https:\/\/producao.lucasprogramador.com.br\/sintemd\/wp-json\/wp\/v2\/pages\/136\/revisions"}],"predecessor-version":[{"id":1307,"href":"https:\/\/producao.lucasprogramador.com.br\/sintemd\/wp-json\/wp\/v2\/pages\/136\/revisions\/1307"}],"wp:attachment":[{"href":"https:\/\/producao.lucasprogramador.com.br\/sintemd\/wp-json\/wp\/v2\/media?parent=136"}],"curies":[{"name":"wp","href":"https:\/\/api.w.org\/{rel}","templated":true}]}}