{"id":1265,"date":"2024-05-11T00:25:31","date_gmt":"2024-05-11T03:25:31","guid":{"rendered":"https:\/\/producao.lucasprogramador.com.br\/sintemd\/?page_id=1265"},"modified":"2024-05-11T00:32:20","modified_gmt":"2024-05-11T03:32:20","slug":"juridico-2","status":"publish","type":"page","link":"https:\/\/producao.lucasprogramador.com.br\/sintemd\/juridico-2\/","title":{"rendered":"Jur\u00eddico"},"content":{"rendered":"\t\t<div data-elementor-type=\"wp-page\" data-elementor-id=\"1265\" class=\"elementor elementor-1265\">\n\t\t\t\t\t\t<section class=\"elementor-section elementor-top-section elementor-element elementor-element-4f55db57 elementor-section-boxed elementor-section-height-default elementor-section-height-default\" data-id=\"4f55db57\" data-element_type=\"section\" data-e-type=\"section\">\n\t\t\t\t\t\t<div class=\"elementor-container elementor-column-gap-default\">\n\t\t\t\t\t<div class=\"elementor-column elementor-col-50 elementor-top-column elementor-element elementor-element-539db2e4\" data-id=\"539db2e4\" data-element_type=\"column\" data-e-type=\"column\">\n\t\t\t<div class=\"elementor-widget-wrap elementor-element-populated\">\n\t\t\t\t\t\t<div class=\"elementor-element elementor-element-3f819341 de_scroll_animation_no elementor-invisible elementor-widget elementor-widget-heading\" data-id=\"3f819341\" data-element_type=\"widget\" data-e-type=\"widget\" data-settings=\"{&quot;_animation&quot;:&quot;fadeIn&quot;}\" data-widget_type=\"heading.default\">\n\t\t\t\t<div class=\"elementor-widget-container\">\n\t\t\t\t\t<h1 class=\"elementor-heading-title elementor-size-default\">Jur\u00eddico<\/h1>\t\t\t\t<\/div>\n\t\t\t\t<\/div>\n\t\t\t\t\t<\/div>\n\t\t<\/div>\n\t\t\t\t<div class=\"elementor-column elementor-col-50 elementor-top-column elementor-element elementor-element-5c457765\" data-id=\"5c457765\" data-element_type=\"column\" data-e-type=\"column\">\n\t\t\t<div class=\"elementor-widget-wrap elementor-element-populated\">\n\t\t\t\t\t\t<div class=\"elementor-element elementor-element-755f5d6d elementor-widget__width-inherit de_scroll_animation_no elementor-invisible elementor-widget elementor-widget-text-editor\" data-id=\"755f5d6d\" data-element_type=\"widget\" data-e-type=\"widget\" data-settings=\"{&quot;_animation&quot;:&quot;fadeIn&quot;}\" data-widget_type=\"text-editor.default\">\n\t\t\t\t<div class=\"elementor-widget-container\">\n\t\t\t\t\t\t\t\t\t<p>O SINTEMMD conta com um departamento jur\u00eddico com larga experi\u00eancia e atua\u00e7\u00e3o em todo o estado de Minas Gerais. A\u00a0 equipe de advogados e estagi\u00e1rios se encarrega em fortalecer a luta da classe trabalhadora junto a justi\u00e7a.<\/p><p>Entre em contato conosco para agendar o seu atendimento. WhatsApp (37)3212-8559<\/p><figure class=\"wp-block-gallery has-nested-images columns-default is-cropped wp-block-gallery-1 is-layout-flex wp-block-gallery-is-layout-flex\"><\/figure>\t\t\t\t\t\t\t\t<\/div>\n\t\t\t\t<\/div>\n\t\t\t\t\t<\/div>\n\t\t<\/div>\n\t\t\t\t\t<\/div>\n\t\t<\/section>\n\t\t\t\t<section class=\"elementor-section elementor-top-section elementor-element elementor-element-61b13f91 elementor-section-boxed elementor-section-height-default elementor-section-height-default\" data-id=\"61b13f91\" data-element_type=\"section\" data-e-type=\"section\">\n\t\t\t\t\t\t<div class=\"elementor-container elementor-column-gap-default\">\n\t\t\t\t\t<div class=\"elementor-column elementor-col-100 elementor-top-column elementor-element elementor-element-2f3d9b04\" data-id=\"2f3d9b04\" data-element_type=\"column\" data-e-type=\"column\">\n\t\t\t<div class=\"elementor-widget-wrap elementor-element-populated\">\n\t\t\t\t\t\t<section class=\"elementor-section elementor-inner-section elementor-element elementor-element-f15fd46 elementor-section-boxed elementor-section-height-default elementor-section-height-default\" data-id=\"f15fd46\" data-element_type=\"section\" data-e-type=\"section\">\n\t\t\t\t\t\t<div class=\"elementor-container elementor-column-gap-default\">\n\t\t\t\t\t<div class=\"elementor-column elementor-col-50 elementor-inner-column elementor-element elementor-element-bca65ed\" data-id=\"bca65ed\" data-element_type=\"column\" data-e-type=\"column\">\n\t\t\t<div class=\"elementor-widget-wrap elementor-element-populated\">\n\t\t\t\t\t\t<div class=\"elementor-element elementor-element-9eed4d1 de_scroll_animation_no elementor-invisible elementor-widget elementor-widget-image\" data-id=\"9eed4d1\" data-element_type=\"widget\" data-e-type=\"widget\" data-settings=\"{&quot;_animation&quot;:&quot;fadeIn&quot;}\" data-widget_type=\"image.default\">\n\t\t\t\t<div class=\"elementor-widget-container\">\n\t\t\t\t\t\t\t\t\t\t\t\t\t\t\t<img fetchpriority=\"high\" decoding=\"async\" width=\"1080\" height=\"1080\" src=\"https:\/\/producao.lucasprogramador.com.br\/sintemd\/wp-content\/uploads\/2024\/05\/WhatsApp-Image-2023-03-21-at-20.21.49.webp\" class=\"attachment-full size-full wp-image-1268\" alt=\"\" srcset=\"https:\/\/producao.lucasprogramador.com.br\/sintemd\/wp-content\/uploads\/2024\/05\/WhatsApp-Image-2023-03-21-at-20.21.49.webp 1080w, https:\/\/producao.lucasprogramador.com.br\/sintemd\/wp-content\/uploads\/2024\/05\/WhatsApp-Image-2023-03-21-at-20.21.49-300x300.webp 300w, https:\/\/producao.lucasprogramador.com.br\/sintemd\/wp-content\/uploads\/2024\/05\/WhatsApp-Image-2023-03-21-at-20.21.49-1024x1024.webp 1024w, https:\/\/producao.lucasprogramador.com.br\/sintemd\/wp-content\/uploads\/2024\/05\/WhatsApp-Image-2023-03-21-at-20.21.49-150x150.webp 150w, https:\/\/producao.lucasprogramador.com.br\/sintemd\/wp-content\/uploads\/2024\/05\/WhatsApp-Image-2023-03-21-at-20.21.49-768x768.webp 768w, https:\/\/producao.lucasprogramador.com.br\/sintemd\/wp-content\/uploads\/2024\/05\/WhatsApp-Image-2023-03-21-at-20.21.49-650x650.webp 650w\" sizes=\"(max-width: 1080px) 100vw, 1080px\" \/>\t\t\t\t\t\t\t\t\t\t\t\t\t\t\t<\/div>\n\t\t\t\t<\/div>\n\t\t\t\t\t<\/div>\n\t\t<\/div>\n\t\t\t\t<div class=\"elementor-column elementor-col-50 elementor-inner-column elementor-element elementor-element-4d1715e\" data-id=\"4d1715e\" data-element_type=\"column\" data-e-type=\"column\">\n\t\t\t<div class=\"elementor-widget-wrap elementor-element-populated\">\n\t\t\t\t\t\t<div class=\"elementor-element elementor-element-e7eb526 de_scroll_animation_no elementor-invisible elementor-widget elementor-widget-image\" data-id=\"e7eb526\" data-element_type=\"widget\" data-e-type=\"widget\" data-settings=\"{&quot;_animation&quot;:&quot;fadeIn&quot;}\" data-widget_type=\"image.default\">\n\t\t\t\t<div class=\"elementor-widget-container\">\n\t\t\t\t\t\t\t\t\t\t\t\t\t\t\t<img decoding=\"async\" width=\"1080\" height=\"1080\" src=\"https:\/\/producao.lucasprogramador.com.br\/sintemd\/wp-content\/uploads\/2024\/05\/FOLGAS-ELEITORAIS-ORIENTACOES.webp\" class=\"attachment-full size-full wp-image-1269\" alt=\"\" srcset=\"https:\/\/producao.lucasprogramador.com.br\/sintemd\/wp-content\/uploads\/2024\/05\/FOLGAS-ELEITORAIS-ORIENTACOES.webp 1080w, https:\/\/producao.lucasprogramador.com.br\/sintemd\/wp-content\/uploads\/2024\/05\/FOLGAS-ELEITORAIS-ORIENTACOES-300x300.webp 300w, https:\/\/producao.lucasprogramador.com.br\/sintemd\/wp-content\/uploads\/2024\/05\/FOLGAS-ELEITORAIS-ORIENTACOES-1024x1024.webp 1024w, https:\/\/producao.lucasprogramador.com.br\/sintemd\/wp-content\/uploads\/2024\/05\/FOLGAS-ELEITORAIS-ORIENTACOES-150x150.webp 150w, https:\/\/producao.lucasprogramador.com.br\/sintemd\/wp-content\/uploads\/2024\/05\/FOLGAS-ELEITORAIS-ORIENTACOES-768x768.webp 768w, https:\/\/producao.lucasprogramador.com.br\/sintemd\/wp-content\/uploads\/2024\/05\/FOLGAS-ELEITORAIS-ORIENTACOES-650x650.webp 650w\" sizes=\"(max-width: 1080px) 100vw, 1080px\" \/>\t\t\t\t\t\t\t\t\t\t\t\t\t\t\t<\/div>\n\t\t\t\t<\/div>\n\t\t\t\t\t<\/div>\n\t\t<\/div>\n\t\t\t\t\t<\/div>\n\t\t<\/section>\n\t\t\t\t\t<\/div>\n\t\t<\/div>\n\t\t\t\t\t<\/div>\n\t\t<\/section>\n\t\t\t\t<section class=\"elementor-section elementor-top-section elementor-element elementor-element-3655e254 elementor-section-boxed elementor-section-height-default elementor-section-height-default\" data-id=\"3655e254\" data-element_type=\"section\" data-e-type=\"section\">\n\t\t\t\t\t\t<div class=\"elementor-container elementor-column-gap-default\">\n\t\t\t\t\t<div class=\"elementor-column elementor-col-50 elementor-top-column elementor-element elementor-element-66b3b662\" data-id=\"66b3b662\" data-element_type=\"column\" data-e-type=\"column\">\n\t\t\t<div class=\"elementor-widget-wrap elementor-element-populated\">\n\t\t\t\t\t\t<div class=\"elementor-element elementor-element-761cc2f3 de_scroll_animation_no elementor-invisible elementor-widget elementor-widget-heading\" data-id=\"761cc2f3\" data-element_type=\"widget\" data-e-type=\"widget\" data-settings=\"{&quot;_animation&quot;:&quot;fadeIn&quot;}\" data-widget_type=\"heading.default\">\n\t\t\t\t<div class=\"elementor-widget-container\">\n\t\t\t\t\t<h3 class=\"elementor-heading-title elementor-size-default\">Talent wins games, but teamwork and intelligence win championships.<\/h3>\t\t\t\t<\/div>\n\t\t\t\t<\/div>\n\t\t\t\t\t<\/div>\n\t\t<\/div>\n\t\t\t\t<div class=\"elementor-column elementor-col-50 elementor-top-column elementor-element elementor-element-44d6ccc1\" data-id=\"44d6ccc1\" data-element_type=\"column\" data-e-type=\"column\">\n\t\t\t<div class=\"elementor-widget-wrap elementor-element-populated\">\n\t\t\t\t\t\t<div class=\"elementor-element elementor-element-304c63a4 de_scroll_animation_no elementor-invisible elementor-widget elementor-widget-text-editor\" data-id=\"304c63a4\" data-element_type=\"widget\" data-e-type=\"widget\" data-settings=\"{&quot;_animation&quot;:&quot;fadeIn&quot;}\" data-widget_type=\"text-editor.default\">\n\t\t\t\t<div class=\"elementor-widget-container\">\n\t\t\t\t\t\t\t\t\t<p>Lorem ipsum dolor sit amet, consectetur adipiscing elit, sed do eiusmod tempor incididunt ut labore et dolore magna aliqua. Purus gravida quis blandit turpis cursus in hac habitasse platea.<\/p><p>Imperdiet massa tincidunt nunc pulvinar sapien et ligula ullamcorper malesuada. Tortor condimentum lacinia quis vel eros donec ac odio tempor. Euismod elementum nisi quis eleifend quam.<\/p><p>Pellentesque dignissim enim sit amet venenatis urna. Duis ut diam quam nulla porttitor. In iaculis nunc sed augue lacus. Diam vulputate ut pharetra sit amet aliquam.<\/p>\t\t\t\t\t\t\t\t<\/div>\n\t\t\t\t<\/div>\n\t\t\t\t\t<\/div>\n\t\t<\/div>\n\t\t\t\t\t<\/div>\n\t\t<\/section>\n\t\t\t\t<\/div>\n\t\t","protected":false},"excerpt":{"rendered":"<p>Jur\u00eddico O SINTEMMD conta com um departamento jur\u00eddico com larga experi\u00eancia e atua\u00e7\u00e3o em todo o estado de Minas Gerais. A\u00a0 equipe de advogados e estagi\u00e1rios se encarrega em fortalecer a luta da classe trabalhadora junto a justi\u00e7a. Entre em contato conosco para agendar o seu atendimento. WhatsApp (37)3212-8559 Talent wins games, but teamwork and [&hellip;]<\/p>\n","protected":false},"author":3,"featured_media":0,"parent":0,"menu_order":0,"comment_status":"closed","ping_status":"closed","template":"elementor_header_footer","meta":{"footnotes":""},"class_list":["post-1265","page","type-page","status-publish","hentry"],"_links":{"self":[{"href":"https:\/\/producao.lucasprogramador.com.br\/sintemd\/wp-json\/wp\/v2\/pages\/1265","targetHints":{"allow":["GET"]}}],"collection":[{"href":"https:\/\/producao.lucasprogramador.com.br\/sintemd\/wp-json\/wp\/v2\/pages"}],"about":[{"href":"https:\/\/producao.lucasprogramador.com.br\/sintemd\/wp-json\/wp\/v2\/types\/page"}],"author":[{"embeddable":true,"href":"https:\/\/producao.lucasprogramador.com.br\/sintemd\/wp-json\/wp\/v2\/users\/3"}],"replies":[{"embeddable":true,"href":"https:\/\/producao.lucasprogramador.com.br\/sintemd\/wp-json\/wp\/v2\/comments?post=1265"}],"version-history":[{"count":4,"href":"https:\/\/producao.lucasprogramador.com.br\/sintemd\/wp-json\/wp\/v2\/pages\/1265\/revisions"}],"predecessor-version":[{"id":1272,"href":"https:\/\/producao.lucasprogramador.com.br\/sintemd\/wp-json\/wp\/v2\/pages\/1265\/revisions\/1272"}],"wp:attachment":[{"href":"https:\/\/producao.lucasprogramador.com.br\/sintemd\/wp-json\/wp\/v2\/media?parent=1265"}],"curies":[{"name":"wp","href":"https:\/\/api.w.org\/{rel}","templated":true}]}}