{"id":801,"date":"2025-08-14T17:50:17","date_gmt":"2025-08-14T17:50:17","guid":{"rendered":"https:\/\/producao.lucasprogramador.com.br\/minhacasameusonho\/?page_id=801"},"modified":"2025-08-20T18:11:27","modified_gmt":"2025-08-20T18:11:27","slug":"onde-estamos","status":"publish","type":"page","link":"https:\/\/producao.lucasprogramador.com.br\/minhacasameusonho\/onde-estamos\/","title":{"rendered":"Onde estamos"},"content":{"rendered":"\t\t<div data-elementor-type=\"wp-page\" data-elementor-id=\"801\" class=\"elementor elementor-801\" data-elementor-post-type=\"page\">\n\t\t\t\t<div class=\"elementor-element elementor-element-9b3ccd2 e-flex e-con-boxed e-con e-parent\" data-id=\"9b3ccd2\" data-element_type=\"container\" data-settings=\"{&quot;background_background&quot;:&quot;classic&quot;}\">\n\t\t\t\t\t<div class=\"e-con-inner\">\n\t\t<div class=\"elementor-element elementor-element-8f9f2e0 e-con-full e-flex e-con e-child\" data-id=\"8f9f2e0\" data-element_type=\"container\">\n\t\t\t\t<div class=\"elementor-element elementor-element-4f519d0 elementor-widget elementor-widget-heading\" data-id=\"4f519d0\" data-element_type=\"widget\" data-widget_type=\"heading.default\">\n\t\t\t\t\t<h2 class=\"elementor-heading-title elementor-size-default\">Onde estamos<\/h2>\t\t\t\t<\/div>\n\t\t\t\t<div class=\"elementor-element elementor-element-c95e512 elementor-widget__width-initial elementor-widget elementor-widget-text-editor\" data-id=\"c95e512\" data-element_type=\"widget\" data-widget_type=\"text-editor.default\">\n\t\t\t\t\t\t\t\t\t<p>A Verbena est\u00e1 presente em dois dos destinos mais desejados do Brasil, oferecemos im\u00f3veis exclusivos que unem beleza natural, alta valoriza\u00e7\u00e3o e oportunidades \u00fanicas para quem busca investir ou viver bem.<\/p>\t\t\t\t\t\t\t\t<\/div>\n\t\t\t\t<\/div>\n\t\t<div class=\"elementor-element elementor-element-36c6c49 e-con-full e-flex e-con e-child\" data-id=\"36c6c49\" data-element_type=\"container\">\n\t\t\t\t<\/div>\n\t\t\t\t\t<\/div>\n\t\t\t\t<\/div>\n\t\t<div class=\"elementor-element elementor-element-ce022df e-flex e-con-boxed e-con e-parent\" data-id=\"ce022df\" data-element_type=\"container\" data-settings=\"{&quot;background_background&quot;:&quot;classic&quot;}\">\n\t\t\t\t\t<div class=\"e-con-inner\">\n\t\t<div class=\"elementor-element elementor-element-d725d65 e-con-full e-flex e-con e-child\" data-id=\"d725d65\" data-element_type=\"container\">\n\t\t<div class=\"elementor-element elementor-element-a40d510 e-con-full e-flex e-con e-child\" data-id=\"a40d510\" data-element_type=\"container\">\n\t\t\t\t<div class=\"elementor-element elementor-element-e8652ac elementor-widget elementor-widget-heading\" data-id=\"e8652ac\" data-element_type=\"widget\" data-widget_type=\"heading.default\">\n\t\t\t\t\t<h2 class=\"elementor-heading-title elementor-size-default\"><br><br>Bahia<\/h2>\t\t\t\t<\/div>\n\t\t\t\t<div class=\"elementor-element elementor-element-46cb27e elementor-widget elementor-widget-text-editor\" data-id=\"46cb27e\" data-element_type=\"widget\" data-widget_type=\"text-editor.default\">\n\t\t\t\t\t\t\t\t\t<p><strong>Porto Seguro<\/strong><\/p><p>O para\u00edso do litoral sul da Bahia, conhecido por suas praias paradis\u00edacas de \u00e1guas mornas, fal\u00e9sias impressionantes e paisagens que encantam qualquer visitante. Localizada na Costa do Descobrimento, Porto Seguro conta com 70 km de belas praias e \u00e9 hoje um dos destinos mais procurados do mundo.<\/p><p><strong>Potencial e destaque tur\u00edstico:<\/strong><\/p><p>Turismo aumentou 17% em 2025 em compara\u00e7\u00e3o ao ano interior.<br \/>1\u00b0 lugar em performance no turismo nacional no primeiro semestre de 2025, superando at\u00e9 o Rio de Janeiro.<\/p>\t\t\t\t\t\t\t\t<\/div>\n\t\t\t\t<div class=\"elementor-element elementor-element-8612bfd elementor-widget elementor-widget-heading\" data-id=\"8612bfd\" data-element_type=\"widget\" data-widget_type=\"heading.default\">\n\t\t\t\t\t<h5 class=\"elementor-heading-title elementor-size-default\">Destaques imperd\u00edveis:<\/h5>\t\t\t\t<\/div>\n\t\t\t\t<div class=\"elementor-element elementor-element-fd1ce39 elementor-icon-list--layout-traditional elementor-list-item-link-full_width elementor-widget elementor-widget-icon-list\" data-id=\"fd1ce39\" data-element_type=\"widget\" data-widget_type=\"icon-list.default\">\n\t\t\t\t\t\t\t<ul class=\"elementor-icon-list-items\">\n\t\t\t\t\t\t\t<li class=\"elementor-icon-list-item\">\n\t\t\t\t\t\t\t\t\t\t\t<span class=\"elementor-icon-list-icon\">\n\t\t\t\t\t\t\t<svg aria-hidden=\"true\" class=\"e-font-icon-svg e-fas-check\" viewBox=\"0 0 512 512\" xmlns=\"http:\/\/www.w3.org\/2000\/svg\"><path d=\"M173.898 439.404l-166.4-166.4c-9.997-9.997-9.997-26.206 0-36.204l36.203-36.204c9.997-9.998 26.207-9.998 36.204 0L192 312.69 432.095 72.596c9.997-9.997 26.207-9.997 36.204 0l36.203 36.204c9.997 9.997 9.997 26.206 0 36.204l-294.4 294.401c-9.998 9.997-26.207 9.997-36.204-.001z\"><\/path><\/svg>\t\t\t\t\t\t<\/span>\n\t\t\t\t\t\t\t\t\t\t<span class=\"elementor-icon-list-text\">Caraiva - Praia da Barra<\/span>\n\t\t\t\t\t\t\t\t\t<\/li>\n\t\t\t\t\t\t\t\t<li class=\"elementor-icon-list-item\">\n\t\t\t\t\t\t\t\t\t\t\t<span class=\"elementor-icon-list-icon\">\n\t\t\t\t\t\t\t<svg aria-hidden=\"true\" class=\"e-font-icon-svg e-fas-check\" viewBox=\"0 0 512 512\" xmlns=\"http:\/\/www.w3.org\/2000\/svg\"><path d=\"M173.898 439.404l-166.4-166.4c-9.997-9.997-9.997-26.206 0-36.204l36.203-36.204c9.997-9.998 26.207-9.998 36.204 0L192 312.69 432.095 72.596c9.997-9.997 26.207-9.997 36.204 0l36.203 36.204c9.997 9.997 9.997 26.206 0 36.204l-294.4 294.401c-9.998 9.997-26.207 9.997-36.204-.001z\"><\/path><\/svg>\t\t\t\t\t\t<\/span>\n\t\t\t\t\t\t\t\t\t\t<span class=\"elementor-icon-list-text\">Praia do Espelho<\/span>\n\t\t\t\t\t\t\t\t\t<\/li>\n\t\t\t\t\t\t\t\t<li class=\"elementor-icon-list-item\">\n\t\t\t\t\t\t\t\t\t\t\t<span class=\"elementor-icon-list-icon\">\n\t\t\t\t\t\t\t<svg aria-hidden=\"true\" class=\"e-font-icon-svg e-fas-check\" viewBox=\"0 0 512 512\" xmlns=\"http:\/\/www.w3.org\/2000\/svg\"><path d=\"M173.898 439.404l-166.4-166.4c-9.997-9.997-9.997-26.206 0-36.204l36.203-36.204c9.997-9.998 26.207-9.998 36.204 0L192 312.69 432.095 72.596c9.997-9.997 26.207-9.997 36.204 0l36.203 36.204c9.997 9.997 9.997 26.206 0 36.204l-294.4 294.401c-9.998 9.997-26.207 9.997-36.204-.001z\"><\/path><\/svg>\t\t\t\t\t\t<\/span>\n\t\t\t\t\t\t\t\t\t\t<span class=\"elementor-icon-list-text\">Arraial d'Ajuda - Praia do Ta\u00edpe<\/span>\n\t\t\t\t\t\t\t\t\t<\/li>\n\t\t\t\t\t\t\t\t<li class=\"elementor-icon-list-item\">\n\t\t\t\t\t\t\t\t\t\t\t<span class=\"elementor-icon-list-icon\">\n\t\t\t\t\t\t\t<svg aria-hidden=\"true\" class=\"e-font-icon-svg e-fas-check\" viewBox=\"0 0 512 512\" xmlns=\"http:\/\/www.w3.org\/2000\/svg\"><path d=\"M173.898 439.404l-166.4-166.4c-9.997-9.997-9.997-26.206 0-36.204l36.203-36.204c9.997-9.998 26.207-9.998 36.204 0L192 312.69 432.095 72.596c9.997-9.997 26.207-9.997 36.204 0l36.203 36.204c9.997 9.997 9.997 26.206 0 36.204l-294.4 294.401c-9.998 9.997-26.207 9.997-36.204-.001z\"><\/path><\/svg>\t\t\t\t\t\t<\/span>\n\t\t\t\t\t\t\t\t\t\t<span class=\"elementor-icon-list-text\">Quadrado Trancoso<\/span>\n\t\t\t\t\t\t\t\t\t<\/li>\n\t\t\t\t\t\t<\/ul>\n\t\t\t\t\t\t<\/div>\n\t\t\t\t<\/div>\n\t\t\t\t<div class=\"elementor-element elementor-element-2559d5f elementor-widget elementor-widget-image\" data-id=\"2559d5f\" data-element_type=\"widget\" data-widget_type=\"image.default\">\n\t\t\t\t\t\t\t\t\t\t\t\t\t\t\t<img fetchpriority=\"high\" decoding=\"async\" width=\"462\" height=\"598\" src=\"https:\/\/producao.lucasprogramador.com.br\/minhacasameusonho\/wp-content\/uploads\/2025\/08\/quadrado-trancoso.webp\" class=\"attachment-full size-full wp-image-872\" alt=\"\" srcset=\"https:\/\/producao.lucasprogramador.com.br\/minhacasameusonho\/wp-content\/uploads\/2025\/08\/quadrado-trancoso.webp 462w, https:\/\/producao.lucasprogramador.com.br\/minhacasameusonho\/wp-content\/uploads\/2025\/08\/quadrado-trancoso-232x300.webp 232w\" sizes=\"(max-width: 462px) 100vw, 462px\" \/>\t\t\t\t\t\t\t\t\t\t\t\t\t\t\t<\/div>\n\t\t\t\t<\/div>\n\t\t<div class=\"elementor-element elementor-element-c5ec65c e-con-full e-flex e-con e-child\" data-id=\"c5ec65c\" data-element_type=\"container\">\n\t\t\t\t<div class=\"elementor-element elementor-element-2d38f22 elementor-widget elementor-widget-image\" data-id=\"2d38f22\" data-element_type=\"widget\" data-widget_type=\"image.default\">\n\t\t\t\t\t\t\t\t\t\t\t\t\t\t\t<img decoding=\"async\" width=\"270\" height=\"227\" src=\"https:\/\/producao.lucasprogramador.com.br\/minhacasameusonho\/wp-content\/uploads\/2025\/08\/arraial-dajuda.webp\" class=\"attachment-large size-large wp-image-883\" alt=\"\" \/>\t\t\t\t\t\t\t\t\t\t\t\t\t\t\t<\/div>\n\t\t\t\t<div class=\"elementor-element elementor-element-7f378dc elementor-widget elementor-widget-image\" data-id=\"7f378dc\" data-element_type=\"widget\" data-widget_type=\"image.default\">\n\t\t\t\t\t\t\t\t\t\t\t\t\t\t\t<img decoding=\"async\" width=\"271\" height=\"227\" src=\"https:\/\/producao.lucasprogramador.com.br\/minhacasameusonho\/wp-content\/uploads\/2025\/08\/caraiva.webp\" class=\"attachment-large size-large wp-image-884\" alt=\"\" \/>\t\t\t\t\t\t\t\t\t\t\t\t\t\t\t<\/div>\n\t\t\t\t<div class=\"elementor-element elementor-element-3b2a1d1 elementor-widget elementor-widget-image\" data-id=\"3b2a1d1\" data-element_type=\"widget\" data-widget_type=\"image.default\">\n\t\t\t\t\t\t\t\t\t\t\t\t\t\t\t<img loading=\"lazy\" decoding=\"async\" width=\"271\" height=\"227\" src=\"https:\/\/producao.lucasprogramador.com.br\/minhacasameusonho\/wp-content\/uploads\/2025\/08\/praia-do-espelho.webp\" class=\"attachment-large size-large wp-image-885\" alt=\"\" \/>\t\t\t\t\t\t\t\t\t\t\t\t\t\t\t<\/div>\n\t\t\t\t<div class=\"elementor-element elementor-element-e59c61e elementor-widget elementor-widget-image\" data-id=\"e59c61e\" data-element_type=\"widget\" data-widget_type=\"image.default\">\n\t\t\t\t\t\t\t\t\t\t\t\t\t\t\t<img loading=\"lazy\" decoding=\"async\" width=\"270\" height=\"227\" src=\"https:\/\/producao.lucasprogramador.com.br\/minhacasameusonho\/wp-content\/uploads\/2025\/08\/praia-da-caraiva.jpg\" class=\"attachment-large size-large wp-image-886\" alt=\"\" \/>\t\t\t\t\t\t\t\t\t\t\t\t\t\t\t<\/div>\n\t\t\t\t<\/div>\n\t\t<div class=\"elementor-element elementor-element-028196a e-con-full e-flex e-con e-child\" data-id=\"028196a\" data-element_type=\"container\">\n\t\t\t\t<div class=\"elementor-element elementor-element-3effde6 elementor-widget__width-initial elementor-widget elementor-widget-text-editor\" data-id=\"3effde6\" data-element_type=\"widget\" data-widget_type=\"text-editor.default\">\n\t\t\t\t\t\t\t\t\t<p>Quer fazer parte desse crescimento? Conhe\u00e7a nossos empreendimentos com localiza\u00e7\u00e3o estrat\u00e9gica, infraestrutura completa e alto potencial de valoriza\u00e7\u00e3o.<\/p>\t\t\t\t\t\t\t\t<\/div>\n\t\t\t\t<div class=\"elementor-element elementor-element-53c20a3 elementor-align-center elementor-widget elementor-widget-button\" data-id=\"53c20a3\" data-element_type=\"widget\" data-widget_type=\"button.default\">\n\t\t\t\t\t\t\t\t\t\t<a class=\"elementor-button elementor-button-link elementor-size-sm\" href=\"#whatsapp-bahia\">\n\t\t\t\t\t\t<span class=\"elementor-button-content-wrapper\">\n\t\t\t\t\t\t\t\t\t<span class=\"elementor-button-text\">ENTRE EM CONTATO E RECEBA MAIS INFORMA\u00c7\u00d5ES<\/span>\n\t\t\t\t\t<\/span>\n\t\t\t\t\t<\/a>\n\t\t\t\t\t\t\t\t<\/div>\n\t\t\t\t<\/div>\n\t\t\t\t\t<\/div>\n\t\t\t\t<\/div>\n\t\t<div class=\"elementor-element elementor-element-494b11e e-flex e-con-boxed e-con e-parent\" data-id=\"494b11e\" data-element_type=\"container\" data-settings=\"{&quot;background_background&quot;:&quot;classic&quot;}\">\n\t\t\t\t\t<div class=\"e-con-inner\">\n\t\t<div class=\"elementor-element elementor-element-8bd71b8 e-con-full e-flex e-con e-child\" data-id=\"8bd71b8\" data-element_type=\"container\">\n\t\t\t\t<div class=\"elementor-element elementor-element-e27d7d0 elementor-widget elementor-widget-image\" data-id=\"e27d7d0\" data-element_type=\"widget\" data-widget_type=\"image.default\">\n\t\t\t\t\t\t\t\t\t\t\t\t\t\t\t<img loading=\"lazy\" decoding=\"async\" width=\"462\" height=\"598\" src=\"https:\/\/producao.lucasprogramador.com.br\/minhacasameusonho\/wp-content\/uploads\/2025\/08\/porto-belo-5.webp\" class=\"attachment-large size-large wp-image-878\" alt=\"\" srcset=\"https:\/\/producao.lucasprogramador.com.br\/minhacasameusonho\/wp-content\/uploads\/2025\/08\/porto-belo-5.webp 462w, https:\/\/producao.lucasprogramador.com.br\/minhacasameusonho\/wp-content\/uploads\/2025\/08\/porto-belo-5-232x300.webp 232w\" sizes=\"(max-width: 462px) 100vw, 462px\" \/>\t\t\t\t\t\t\t\t\t\t\t\t\t\t\t<\/div>\n\t\t<div class=\"elementor-element elementor-element-6a52ce9 e-con-full e-flex e-con e-child\" data-id=\"6a52ce9\" data-element_type=\"container\">\n\t\t\t\t<div class=\"elementor-element elementor-element-af2f143 elementor-widget elementor-widget-heading\" data-id=\"af2f143\" data-element_type=\"widget\" data-widget_type=\"heading.default\">\n\t\t\t\t\t<h2 class=\"elementor-heading-title elementor-size-default\">Santa Catarina<\/h2>\t\t\t\t<\/div>\n\t\t\t\t<div class=\"elementor-element elementor-element-eca993f elementor-widget elementor-widget-text-editor\" data-id=\"eca993f\" data-element_type=\"widget\" data-widget_type=\"text-editor.default\">\n\t\t\t\t\t\t\t\t\t<p><strong>Porto Belo<br \/><br \/><\/strong>Conhecida como a Capital dos Transatl\u00e2nticos, Porto Belo \u00e9 um dos principais destinos de cruzeiros no Brasil. Suas praias cristalinas, ilhas e biodiversidade atraem turistas para atividades como mergulho e trilhas, enquanto sua tranquilidade e qualidade de vida conquistam investidores exigentes.<br \/><br \/><strong>Atra\u00e7\u00e3o em destaque:<br \/><br \/><\/strong>O Pier Oporto, em constru\u00e7\u00e3o em Itapema (SC), ser\u00e1 um marco arquitet\u00f4nico com mais de 18 mil m\u00b2 e abrigar\u00e1 o primeiro Hard Rock Caf\u00e9 sobre as \u00e1guas do mundo. Com vista 360\u00b0 para o mar, promete movimentar ainda mais o turismo e o mercado imobili\u00e1rio local.<br \/><br \/><strong>Valoriza\u00e7\u00e3o imobili\u00e1ria:<br \/><\/strong><br \/>Em 2025, Porto Belo foi a 3a cidade de Santa Catarina que mais vendeu im\u00f3veis, movimentando R$ 1,1 bilh\u00e3o em vendas no primeiro semestre.<\/p><p>Entre os 10 destinos mais procurados no Airbnb, evidenciando seu potencial para moradia ou investimentos com alta rentabilidade.<\/p>\t\t\t\t\t\t\t\t<\/div>\n\t\t\t\t<\/div>\n\t\t\t\t<\/div>\n\t\t<div class=\"elementor-element elementor-element-0645384 e-con-full e-flex e-con e-child\" data-id=\"0645384\" data-element_type=\"container\">\n\t\t\t\t<div class=\"elementor-element elementor-element-4b50c9a elementor-widget elementor-widget-image\" data-id=\"4b50c9a\" data-element_type=\"widget\" data-widget_type=\"image.default\">\n\t\t\t\t\t\t\t\t\t\t\t\t\t\t\t<img loading=\"lazy\" decoding=\"async\" width=\"270\" height=\"227\" src=\"https:\/\/producao.lucasprogramador.com.br\/minhacasameusonho\/wp-content\/uploads\/2025\/08\/hard-rock.webp\" class=\"attachment-large size-large wp-image-873\" alt=\"\" \/>\t\t\t\t\t\t\t\t\t\t\t\t\t\t\t<\/div>\n\t\t\t\t<div class=\"elementor-element elementor-element-dc78fed elementor-widget elementor-widget-image\" data-id=\"dc78fed\" data-element_type=\"widget\" data-widget_type=\"image.default\">\n\t\t\t\t\t\t\t\t\t\t\t\t\t\t\t<img loading=\"lazy\" decoding=\"async\" width=\"271\" height=\"227\" src=\"https:\/\/producao.lucasprogramador.com.br\/minhacasameusonho\/wp-content\/uploads\/2025\/08\/porto-belo-2.webp\" class=\"attachment-large size-large wp-image-874\" alt=\"\" \/>\t\t\t\t\t\t\t\t\t\t\t\t\t\t\t<\/div>\n\t\t\t\t<div class=\"elementor-element elementor-element-9ca539e elementor-widget elementor-widget-image\" data-id=\"9ca539e\" data-element_type=\"widget\" data-widget_type=\"image.default\">\n\t\t\t\t\t\t\t\t\t\t\t\t\t\t\t<img loading=\"lazy\" decoding=\"async\" width=\"271\" height=\"227\" src=\"https:\/\/producao.lucasprogramador.com.br\/minhacasameusonho\/wp-content\/uploads\/2025\/08\/porto-belo-3.webp\" class=\"attachment-large size-large wp-image-875\" alt=\"\" \/>\t\t\t\t\t\t\t\t\t\t\t\t\t\t\t<\/div>\n\t\t\t\t<div class=\"elementor-element elementor-element-ff5b793 elementor-widget elementor-widget-image\" data-id=\"ff5b793\" data-element_type=\"widget\" data-widget_type=\"image.default\">\n\t\t\t\t\t\t\t\t\t\t\t\t\t\t\t<img loading=\"lazy\" decoding=\"async\" width=\"270\" height=\"227\" src=\"https:\/\/producao.lucasprogramador.com.br\/minhacasameusonho\/wp-content\/uploads\/2025\/08\/pier-o-porto-itapema.webp\" class=\"attachment-large size-large wp-image-876\" alt=\"\" \/>\t\t\t\t\t\t\t\t\t\t\t\t\t\t\t<\/div>\n\t\t\t\t<\/div>\n\t\t<div class=\"elementor-element elementor-element-0412d95 e-con-full e-flex e-con e-child\" data-id=\"0412d95\" data-element_type=\"container\">\n\t\t\t\t<div class=\"elementor-element elementor-element-04e3c26 elementor-widget elementor-widget-text-editor\" data-id=\"04e3c26\" data-element_type=\"widget\" data-widget_type=\"text-editor.default\">\n\t\t\t\t\t\t\t\t\t<p>Quer fazer parte desse crescimento? Conhe\u00e7a nossos empreendimentos com localiza\u00e7\u00e3o estrat\u00e9gica, infraestrutura completa e alto potencial de valoriza\u00e7\u00e3o.<\/p>\t\t\t\t\t\t\t\t<\/div>\n\t\t\t\t<div class=\"elementor-element elementor-element-de132e0 elementor-align-center elementor-widget elementor-widget-button\" data-id=\"de132e0\" data-element_type=\"widget\" data-widget_type=\"button.default\">\n\t\t\t\t\t\t\t\t\t\t<a class=\"elementor-button elementor-button-link elementor-size-sm\" href=\"#whatsapp-sul\">\n\t\t\t\t\t\t<span class=\"elementor-button-content-wrapper\">\n\t\t\t\t\t\t\t\t\t<span class=\"elementor-button-text\">ENTRE EM CONTATO E RECEBA MAIS INFORMA\u00c7\u00d5ES<\/span>\n\t\t\t\t\t<\/span>\n\t\t\t\t\t<\/a>\n\t\t\t\t\t\t\t\t<\/div>\n\t\t\t\t<\/div>\n\t\t\t\t\t<\/div>\n\t\t\t\t<\/div>\n\t\t\t\t<\/div>\n\t\t","protected":false},"excerpt":{"rendered":"<p>Onde estamos A Verbena est\u00e1 presente em dois dos destinos mais desejados do Brasil, oferecemos im\u00f3veis exclusivos que unem beleza natural, alta valoriza\u00e7\u00e3o e oportunidades \u00fanicas para quem busca investir ou viver bem. Bahia Porto Seguro O para\u00edso do litoral sul da Bahia, conhecido por suas praias paradis\u00edacas de \u00e1guas mornas, fal\u00e9sias impressionantes e paisagens [&hellip;]<\/p>\n","protected":false},"author":1,"featured_media":0,"parent":0,"menu_order":0,"comment_status":"closed","ping_status":"closed","template":"elementor_header_footer","meta":{"footnotes":""},"class_list":["post-801","page","type-page","status-publish","hentry"],"_links":{"self":[{"href":"https:\/\/producao.lucasprogramador.com.br\/minhacasameusonho\/wp-json\/wp\/v2\/pages\/801","targetHints":{"allow":["GET"]}}],"collection":[{"href":"https:\/\/producao.lucasprogramador.com.br\/minhacasameusonho\/wp-json\/wp\/v2\/pages"}],"about":[{"href":"https:\/\/producao.lucasprogramador.com.br\/minhacasameusonho\/wp-json\/wp\/v2\/types\/page"}],"author":[{"embeddable":true,"href":"https:\/\/producao.lucasprogramador.com.br\/minhacasameusonho\/wp-json\/wp\/v2\/users\/1"}],"replies":[{"embeddable":true,"href":"https:\/\/producao.lucasprogramador.com.br\/minhacasameusonho\/wp-json\/wp\/v2\/comments?post=801"}],"version-history":[{"count":31,"href":"https:\/\/producao.lucasprogramador.com.br\/minhacasameusonho\/wp-json\/wp\/v2\/pages\/801\/revisions"}],"predecessor-version":[{"id":906,"href":"https:\/\/producao.lucasprogramador.com.br\/minhacasameusonho\/wp-json\/wp\/v2\/pages\/801\/revisions\/906"}],"wp:attachment":[{"href":"https:\/\/producao.lucasprogramador.com.br\/minhacasameusonho\/wp-json\/wp\/v2\/media?parent=801"}],"curies":[{"name":"wp","href":"https:\/\/api.w.org\/{rel}","templated":true}]}}