{"id":626,"date":"2026-03-30T20:43:18","date_gmt":"2026-03-30T23:43:18","guid":{"rendered":"https:\/\/producao.lucasprogramador.com.br\/lemagnifique\/?page_id=626"},"modified":"2026-03-30T20:45:08","modified_gmt":"2026-03-30T23:45:08","slug":"contato","status":"publish","type":"page","link":"https:\/\/producao.lucasprogramador.com.br\/lemagnifique\/contato\/","title":{"rendered":"Contato"},"content":{"rendered":"\t\t<div data-elementor-type=\"wp-page\" data-elementor-id=\"626\" class=\"elementor elementor-626\" data-elementor-post-type=\"page\">\n\t\t\t\t<div class=\"elementor-element elementor-element-951d178 e-flex e-con-boxed e-con e-parent\" data-id=\"951d178\" data-element_type=\"container\" data-e-type=\"container\" data-settings=\"{&quot;background_background&quot;:&quot;classic&quot;}\">\n\t\t\t\t\t<div class=\"e-con-inner\">\n\t\t<div class=\"elementor-element elementor-element-59094d7 e-con-full e-flex e-con e-child\" data-id=\"59094d7\" data-element_type=\"container\" data-e-type=\"container\">\n\t\t\t\t<div class=\"elementor-element elementor-element-60cbb1a elementor-widget__width-inherit elementor-widget elementor-widget-heading\" data-id=\"60cbb1a\" data-element_type=\"widget\" data-e-type=\"widget\" data-widget_type=\"heading.default\">\n\t\t\t\t\t<h2 class=\"elementor-heading-title elementor-size-default\">Contato<\/h2>\t\t\t\t<\/div>\n\t\t\t\t<div class=\"elementor-element elementor-element-e6b38ac elementor-widget elementor-widget-text-editor\" data-id=\"e6b38ac\" data-element_type=\"widget\" data-e-type=\"widget\" data-widget_type=\"text-editor.default\">\n\t\t\t\t\t\t\t\t\tVoc\u00ea pode me encontrar em:\t\t\t\t\t\t\t\t<\/div>\n\t\t\t\t<div class=\"elementor-element elementor-element-5c0b86b elementor-widget-divider--view-line elementor-widget elementor-widget-divider\" data-id=\"5c0b86b\" data-element_type=\"widget\" data-e-type=\"widget\" data-widget_type=\"divider.default\">\n\t\t\t\t\t\t\t<div class=\"elementor-divider\">\n\t\t\t<span class=\"elementor-divider-separator\">\n\t\t\t\t\t\t<\/span>\n\t\t<\/div>\n\t\t\t\t\t\t<\/div>\n\t\t<div class=\"elementor-element elementor-element-82a47a4 e-con-full e-flex e-con e-child\" data-id=\"82a47a4\" data-element_type=\"container\" data-e-type=\"container\">\n\t\t<div class=\"elementor-element elementor-element-bad2b30 e-con-full e-flex e-con e-child\" data-id=\"bad2b30\" data-element_type=\"container\" data-e-type=\"container\">\n\t\t\t\t<div class=\"elementor-element elementor-element-b3e92af elementor-widget elementor-widget-google_maps\" data-id=\"b3e92af\" data-element_type=\"widget\" data-e-type=\"widget\" data-widget_type=\"google_maps.default\">\n\t\t\t\t\t\t\t<div class=\"elementor-custom-embed\">\n\t\t\t<iframe loading=\"lazy\"\n\t\t\t\t\tsrc=\"https:\/\/maps.google.com\/maps?q=Le%20Magnifique%20Macap%C3%A1%2F%20AP&#038;t=m&#038;z=15&#038;output=embed&#038;iwloc=near\"\n\t\t\t\t\ttitle=\"Le Magnifique Macap\u00e1\/ AP\"\n\t\t\t\t\taria-label=\"Le Magnifique Macap\u00e1\/ AP\"\n\t\t\t><\/iframe>\n\t\t<\/div>\n\t\t\t\t\t\t<\/div>\n\t\t\t\t<\/div>\n\t\t<div class=\"elementor-element elementor-element-5db4b6d e-con-full e-flex e-con e-child\" data-id=\"5db4b6d\" data-element_type=\"container\" data-e-type=\"container\">\n\t\t\t\t<div class=\"elementor-element elementor-element-88e465c elementor-widget elementor-widget-heading\" data-id=\"88e465c\" data-element_type=\"widget\" data-e-type=\"widget\" data-widget_type=\"heading.default\">\n\t\t\t\t\t<h2 class=\"elementor-heading-title elementor-size-default\">Unidade 1 - Macap\u00e1<\/h2>\t\t\t\t<\/div>\n\t\t\t\t<div class=\"elementor-element elementor-element-8fe600c elementor-widget elementor-widget-text-editor\" data-id=\"8fe600c\" data-element_type=\"widget\" data-e-type=\"widget\" data-widget_type=\"text-editor.default\">\n\t\t\t\t\t\t\t\t\t<p>Av. Princesa Isabel, 53A &#8211; Bairro Jesus de Nazar\u00e9, Macap\u00e1\/ AP<\/p>\t\t\t\t\t\t\t\t<\/div>\n\t\t\t\t<\/div>\n\t\t\t\t<\/div>\n\t\t<div class=\"elementor-element elementor-element-6934fdd e-con-full e-flex e-con e-child\" data-id=\"6934fdd\" data-element_type=\"container\" data-e-type=\"container\">\n\t\t<div class=\"elementor-element elementor-element-01c73b1 e-con-full e-flex e-con e-child\" data-id=\"01c73b1\" data-element_type=\"container\" data-e-type=\"container\">\n\t\t\t\t<div class=\"elementor-element elementor-element-8a6c625 elementor-widget elementor-widget-heading\" data-id=\"8a6c625\" data-element_type=\"widget\" data-e-type=\"widget\" data-widget_type=\"heading.default\">\n\t\t\t\t\t<h2 class=\"elementor-heading-title elementor-size-default\">Unidade 2 - Bel\u00e9m<\/h2>\t\t\t\t<\/div>\n\t\t\t\t<div class=\"elementor-element elementor-element-1056170 elementor-widget elementor-widget-text-editor\" data-id=\"1056170\" data-element_type=\"widget\" data-e-type=\"widget\" data-widget_type=\"text-editor.default\">\n\t\t\t\t\t\t\t\t\tAv. Serzedelo Corr\u00eaa, 1038 &#8211; Batista Campos, Bel\u00e9m &#8211; PA\t\t\t\t\t\t\t\t<\/div>\n\t\t\t\t<\/div>\n\t\t<div class=\"elementor-element elementor-element-c3b4270 e-con-full e-flex e-con e-child\" data-id=\"c3b4270\" data-element_type=\"container\" data-e-type=\"container\">\n\t\t\t\t<div class=\"elementor-element elementor-element-4ef1866 elementor-widget elementor-widget-google_maps\" data-id=\"4ef1866\" data-element_type=\"widget\" data-e-type=\"widget\" data-widget_type=\"google_maps.default\">\n\t\t\t\t\t\t\t<div class=\"elementor-custom-embed\">\n\t\t\t<iframe loading=\"lazy\"\n\t\t\t\t\tsrc=\"https:\/\/maps.google.com\/maps?q=Le%20Magnifique%20bel%C3%A9m%20par%C3%A1&#038;t=m&#038;z=15&#038;output=embed&#038;iwloc=near\"\n\t\t\t\t\ttitle=\"Le Magnifique bel\u00e9m par\u00e1\"\n\t\t\t\t\taria-label=\"Le Magnifique bel\u00e9m par\u00e1\"\n\t\t\t><\/iframe>\n\t\t<\/div>\n\t\t\t\t\t\t<\/div>\n\t\t\t\t<\/div>\n\t\t\t\t<\/div>\n\t\t\t\t<\/div>\n\t\t\t\t\t<\/div>\n\t\t\t\t<\/div>\n\t\t\t\t<\/div>\n\t\t","protected":false},"excerpt":{"rendered":"<p>Contato Voc\u00ea pode me encontrar em: Unidade 1 &#8211; Macap\u00e1 Av. Princesa Isabel, 53A &#8211; Bairro Jesus de Nazar\u00e9, Macap\u00e1\/ AP Unidade 2 &#8211; Bel\u00e9m Av. Serzedelo Corr\u00eaa, 1038 &#8211; Batista Campos, Bel\u00e9m &#8211; PA<\/p>\n","protected":false},"author":3,"featured_media":0,"parent":0,"menu_order":0,"comment_status":"closed","ping_status":"closed","template":"elementor_header_footer","meta":{"footnotes":""},"class_list":["post-626","page","type-page","status-publish","hentry"],"_links":{"self":[{"href":"https:\/\/producao.lucasprogramador.com.br\/lemagnifique\/wp-json\/wp\/v2\/pages\/626","targetHints":{"allow":["GET"]}}],"collection":[{"href":"https:\/\/producao.lucasprogramador.com.br\/lemagnifique\/wp-json\/wp\/v2\/pages"}],"about":[{"href":"https:\/\/producao.lucasprogramador.com.br\/lemagnifique\/wp-json\/wp\/v2\/types\/page"}],"author":[{"embeddable":true,"href":"https:\/\/producao.lucasprogramador.com.br\/lemagnifique\/wp-json\/wp\/v2\/users\/3"}],"replies":[{"embeddable":true,"href":"https:\/\/producao.lucasprogramador.com.br\/lemagnifique\/wp-json\/wp\/v2\/comments?post=626"}],"version-history":[{"count":4,"href":"https:\/\/producao.lucasprogramador.com.br\/lemagnifique\/wp-json\/wp\/v2\/pages\/626\/revisions"}],"predecessor-version":[{"id":635,"href":"https:\/\/producao.lucasprogramador.com.br\/lemagnifique\/wp-json\/wp\/v2\/pages\/626\/revisions\/635"}],"wp:attachment":[{"href":"https:\/\/producao.lucasprogramador.com.br\/lemagnifique\/wp-json\/wp\/v2\/media?parent=626"}],"curies":[{"name":"wp","href":"https:\/\/api.w.org\/{rel}","templated":true}]}}