{"id":625,"date":"2026-03-30T20:43:11","date_gmt":"2026-03-30T23:43:11","guid":{"rendered":"https:\/\/producao.lucasprogramador.com.br\/lemagnifique\/?page_id=625"},"modified":"2026-04-14T18:30:23","modified_gmt":"2026-04-14T21:30:23","slug":"servicos","status":"publish","type":"page","link":"https:\/\/producao.lucasprogramador.com.br\/lemagnifique\/servicos\/","title":{"rendered":"Servi\u00e7os"},"content":{"rendered":"\t\t<div data-elementor-type=\"wp-page\" data-elementor-id=\"625\" class=\"elementor elementor-625\" data-elementor-post-type=\"page\">\n\t\t\t\t<div class=\"elementor-element elementor-element-76ef630 e-flex e-con-boxed e-con e-parent\" data-id=\"76ef630\" data-element_type=\"container\" data-e-type=\"container\" data-settings=\"{&quot;background_background&quot;:&quot;classic&quot;}\">\n\t\t\t\t\t<div class=\"e-con-inner\">\n\t\t<div class=\"elementor-element elementor-element-c7afb4e e-con-full e-flex e-con e-child\" data-id=\"c7afb4e\" data-element_type=\"container\" data-e-type=\"container\">\n\t\t<div class=\"elementor-element elementor-element-1c0372b e-con-full e-flex e-con e-child\" data-id=\"1c0372b\" data-element_type=\"container\" data-e-type=\"container\" data-settings=\"{&quot;background_background&quot;:&quot;classic&quot;}\">\n\t\t\t\t<div class=\"elementor-element elementor-element-b6009a8 elementor-widget elementor-widget-heading\" data-id=\"b6009a8\" data-element_type=\"widget\" data-e-type=\"widget\" data-widget_type=\"heading.default\">\n\t\t\t\t\t<h2 class=\"elementor-heading-title elementor-size-default\">Transplante Capilar<\/h2>\t\t\t\t<\/div>\n\t\t\t\t<div class=\"elementor-element elementor-element-544e75f elementor-widget elementor-widget-text-editor\" data-id=\"544e75f\" data-element_type=\"widget\" data-e-type=\"widget\" data-widget_type=\"text-editor.default\">\n\t\t\t\t\t\t\t\t\t<p data-start=\"90\" data-end=\"308\">Recupere sua autoestima com transplante capilar. Resultados naturais com uma t\u00e9cnica moderna.<\/p>\t\t\t\t\t\t\t\t<\/div>\n\t\t\t\t<\/div>\n\t\t<div class=\"elementor-element elementor-element-c8b4d0a e-con-full e-flex e-con e-child\" data-id=\"c8b4d0a\" data-element_type=\"container\" data-e-type=\"container\" data-settings=\"{&quot;background_background&quot;:&quot;classic&quot;}\">\n\t\t\t\t<div class=\"elementor-element elementor-element-b01a49d elementor-widget elementor-widget-heading\" data-id=\"b01a49d\" data-element_type=\"widget\" data-e-type=\"widget\" data-widget_type=\"heading.default\">\n\t\t\t\t\t<h2 class=\"elementor-heading-title elementor-size-default\">Transplante de Barba<\/h2>\t\t\t\t<\/div>\n\t\t\t\t<div class=\"elementor-element elementor-element-2305444 elementor-widget elementor-widget-text-editor\" data-id=\"2305444\" data-element_type=\"widget\" data-e-type=\"widget\" data-widget_type=\"text-editor.default\">\n\t\t\t\t\t\t\t\t\t<p data-start=\"90\" data-end=\"308\">Conquiste uma barba cheia e alinhada. O transplante preenche falhas e melhora o contorno facial com resultado natural.<\/p>\t\t\t\t\t\t\t\t<\/div>\n\t\t\t\t<\/div>\n\t\t<div class=\"elementor-element elementor-element-ba8fa15 e-con-full e-flex e-con e-child\" data-id=\"ba8fa15\" data-element_type=\"container\" data-e-type=\"container\" data-settings=\"{&quot;background_background&quot;:&quot;classic&quot;}\">\n\t\t\t\t<div class=\"elementor-element elementor-element-17adf52 elementor-widget elementor-widget-heading\" data-id=\"17adf52\" data-element_type=\"widget\" data-e-type=\"widget\" data-widget_type=\"heading.default\">\n\t\t\t\t\t<h2 class=\"elementor-heading-title elementor-size-default\">Transplante de Sobrancelha<\/h2>\t\t\t\t<\/div>\n\t\t\t\t<div class=\"elementor-element elementor-element-5f5c570 elementor-widget elementor-widget-text-editor\" data-id=\"5f5c570\" data-element_type=\"widget\" data-e-type=\"widget\" data-widget_type=\"text-editor.default\">\n\t\t\t\t\t\t\t\t\t<p data-start=\"90\" data-end=\"308\">Realce sua express\u00e3o com sobrancelhas mais volumosas. O transplante corrige falhas e devolve o formato ideal.<\/p>\t\t\t\t\t\t\t\t<\/div>\n\t\t\t\t<\/div>\n\t\t\t\t<\/div>\n\t\t<div class=\"elementor-element elementor-element-a3c0cf2 e-con-full e-flex e-con e-child\" data-id=\"a3c0cf2\" data-element_type=\"container\" data-e-type=\"container\">\n\t\t<div class=\"elementor-element elementor-element-31eab57 e-con-full e-flex e-con e-child\" data-id=\"31eab57\" data-element_type=\"container\" data-e-type=\"container\" data-settings=\"{&quot;background_background&quot;:&quot;classic&quot;}\">\n\t\t\t\t<div class=\"elementor-element elementor-element-75abdc3 elementor-widget elementor-widget-heading\" data-id=\"75abdc3\" data-element_type=\"widget\" data-e-type=\"widget\" data-widget_type=\"heading.default\">\n\t\t\t\t\t<h2 class=\"elementor-heading-title elementor-size-default\">Toxina Botul\u00ednica<\/h2>\t\t\t\t<\/div>\n\t\t\t\t<div class=\"elementor-element elementor-element-80f2505 elementor-widget elementor-widget-text-editor\" data-id=\"80f2505\" data-element_type=\"widget\" data-e-type=\"widget\" data-widget_type=\"text-editor.default\">\n\t\t\t\t\t\t\t\t\t<p data-start=\"90\" data-end=\"308\">Suavize linhas de express\u00e3o e previna rugas. Procedimento r\u00e1pido, seguro e com resultados vis\u00edveis em poucos dias.<\/p>\t\t\t\t\t\t\t\t<\/div>\n\t\t\t\t<\/div>\n\t\t<div class=\"elementor-element elementor-element-18b2de4 e-con-full e-flex e-con e-child\" data-id=\"18b2de4\" data-element_type=\"container\" data-e-type=\"container\" data-settings=\"{&quot;background_background&quot;:&quot;classic&quot;}\">\n\t\t\t\t<div class=\"elementor-element elementor-element-471ec73 elementor-widget elementor-widget-heading\" data-id=\"471ec73\" data-element_type=\"widget\" data-e-type=\"widget\" data-widget_type=\"heading.default\">\n\t\t\t\t\t<h2 class=\"elementor-heading-title elementor-size-default\">Preenchimento Facial<\/h2>\t\t\t\t<\/div>\n\t\t\t\t<div class=\"elementor-element elementor-element-3073e84 elementor-widget elementor-widget-text-editor\" data-id=\"3073e84\" data-element_type=\"widget\" data-e-type=\"widget\" data-widget_type=\"text-editor.default\">\n\t\t\t\t\t\t\t\t\t<p data-start=\"654\" data-end=\"775\">Restaure volumes e contornos do rosto. Rejuvenescimento imediato com naturalidade e seguran\u00e7a.<\/p>\t\t\t\t\t\t\t\t<\/div>\n\t\t\t\t<\/div>\n\t\t<div class=\"elementor-element elementor-element-1e6033d e-con-full e-flex e-con e-child\" data-id=\"1e6033d\" data-element_type=\"container\" data-e-type=\"container\" data-settings=\"{&quot;background_background&quot;:&quot;classic&quot;}\">\n\t\t\t\t<div class=\"elementor-element elementor-element-1b657d7 elementor-widget elementor-widget-heading\" data-id=\"1b657d7\" data-element_type=\"widget\" data-e-type=\"widget\" data-widget_type=\"heading.default\">\n\t\t\t\t\t<h2 class=\"elementor-heading-title elementor-size-default\">Bioestimuladores de Col\u00e1geno<\/h2>\t\t\t\t<\/div>\n\t\t\t\t<div class=\"elementor-element elementor-element-5975888 elementor-widget elementor-widget-text-editor\" data-id=\"5975888\" data-element_type=\"widget\" data-e-type=\"widget\" data-widget_type=\"text-editor.default\">\n\t\t\t\t\t\t\t\t\t<p data-start=\"777\" data-end=\"899\">Estimule o col\u00e1geno e melhore a firmeza da pele. Reduza a flacidez e melhore a textura.<\/p>\t\t\t\t\t\t\t\t<\/div>\n\t\t\t\t<\/div>\n\t\t\t\t<\/div>\n\t\t<div class=\"elementor-element elementor-element-bcba370 e-con-full e-flex e-con e-child\" data-id=\"bcba370\" data-element_type=\"container\" data-e-type=\"container\">\n\t\t<div class=\"elementor-element elementor-element-7a9895c e-con-full e-flex e-con e-child\" data-id=\"7a9895c\" data-element_type=\"container\" data-e-type=\"container\" data-settings=\"{&quot;background_background&quot;:&quot;classic&quot;}\">\n\t\t\t\t<div class=\"elementor-element elementor-element-3b8ea8f elementor-widget elementor-widget-heading\" data-id=\"3b8ea8f\" data-element_type=\"widget\" data-e-type=\"widget\" data-widget_type=\"heading.default\">\n\t\t\t\t\t<h2 class=\"elementor-heading-title elementor-size-default\">Laser Lavieen<\/h2>\t\t\t\t<\/div>\n\t\t\t\t<div class=\"elementor-element elementor-element-96b1bd1 elementor-widget elementor-widget-text-editor\" data-id=\"96b1bd1\" data-element_type=\"widget\" data-e-type=\"widget\" data-widget_type=\"text-editor.default\">\n\t\t\t\t\t\t\t\t\t<p data-start=\"654\" data-end=\"775\">Renove a pele e trate manchas. Mais luminosidade e melhora da textura com r\u00e1pida recupera\u00e7\u00e3o.<\/p>\t\t\t\t\t\t\t\t<\/div>\n\t\t\t\t<\/div>\n\t\t<div class=\"elementor-element elementor-element-d30fd3e e-con-full e-flex e-con e-child\" data-id=\"d30fd3e\" data-element_type=\"container\" data-e-type=\"container\" data-settings=\"{&quot;background_background&quot;:&quot;classic&quot;}\">\n\t\t\t\t<div class=\"elementor-element elementor-element-9248401 elementor-widget elementor-widget-heading\" data-id=\"9248401\" data-element_type=\"widget\" data-e-type=\"widget\" data-widget_type=\"heading.default\">\n\t\t\t\t\t<h2 class=\"elementor-heading-title elementor-size-default\">Laser de CO2 Fracionado<\/h2>\t\t\t\t<\/div>\n\t\t\t\t<div class=\"elementor-element elementor-element-a577eee elementor-widget elementor-widget-text-editor\" data-id=\"a577eee\" data-element_type=\"widget\" data-e-type=\"widget\" data-widget_type=\"text-editor.default\">\n\t\t\t\t\t\t\t\t\t<p data-start=\"654\" data-end=\"775\">Tratamento para rugas, cicatrizes e flacidez. Estimula col\u00e1geno e renova a pele.<\/p>\t\t\t\t\t\t\t\t<\/div>\n\t\t\t\t<\/div>\n\t\t<div class=\"elementor-element elementor-element-e06a59b e-con-full e-flex e-con e-child\" data-id=\"e06a59b\" data-element_type=\"container\" data-e-type=\"container\" data-settings=\"{&quot;background_background&quot;:&quot;classic&quot;}\">\n\t\t\t\t<div class=\"elementor-element elementor-element-b3d22db elementor-widget elementor-widget-heading\" data-id=\"b3d22db\" data-element_type=\"widget\" data-e-type=\"widget\" data-widget_type=\"heading.default\">\n\t\t\t\t\t<h2 class=\"elementor-heading-title elementor-size-default\">Depila\u00e7\u00e3o a Laser<\/h2>\t\t\t\t<\/div>\n\t\t\t\t<div class=\"elementor-element elementor-element-c99e698 elementor-widget elementor-widget-text-editor\" data-id=\"c99e698\" data-element_type=\"widget\" data-e-type=\"widget\" data-widget_type=\"text-editor.default\">\n\t\t\t\t\t\t\t\t\t<p>Elimine os pelos com mais praticidade. Reduza o crescimento dos fios e tenha pele lisa por mais tempo.<\/p>\t\t\t\t\t\t\t\t<\/div>\n\t\t\t\t<\/div>\n\t\t\t\t<\/div>\n\t\t\t\t<div class=\"elementor-element elementor-element-568266c elementor-widget-divider--view-line elementor-widget elementor-widget-divider\" data-id=\"568266c\" data-element_type=\"widget\" data-e-type=\"widget\" data-widget_type=\"divider.default\">\n\t\t\t\t\t\t\t<div class=\"elementor-divider\">\n\t\t\t<span class=\"elementor-divider-separator\">\n\t\t\t\t\t\t<\/span>\n\t\t<\/div>\n\t\t\t\t\t\t<\/div>\n\t\t\t\t\t<\/div>\n\t\t\t\t<\/div>\n\t\t\t\t<\/div>\n\t\t","protected":false},"excerpt":{"rendered":"<p>Transplante Capilar Recupere sua autoestima com transplante capilar. Resultados naturais com uma t\u00e9cnica moderna. Transplante de Barba Conquiste uma barba cheia e alinhada. O transplante preenche falhas e melhora o contorno facial com resultado natural. Transplante de Sobrancelha Realce sua express\u00e3o com sobrancelhas mais volumosas. O transplante corrige falhas e devolve o formato ideal. Toxina [&hellip;]<\/p>\n","protected":false},"author":3,"featured_media":0,"parent":0,"menu_order":0,"comment_status":"closed","ping_status":"closed","template":"elementor_header_footer","meta":{"footnotes":""},"class_list":["post-625","page","type-page","status-publish","hentry"],"_links":{"self":[{"href":"https:\/\/producao.lucasprogramador.com.br\/lemagnifique\/wp-json\/wp\/v2\/pages\/625","targetHints":{"allow":["GET"]}}],"collection":[{"href":"https:\/\/producao.lucasprogramador.com.br\/lemagnifique\/wp-json\/wp\/v2\/pages"}],"about":[{"href":"https:\/\/producao.lucasprogramador.com.br\/lemagnifique\/wp-json\/wp\/v2\/types\/page"}],"author":[{"embeddable":true,"href":"https:\/\/producao.lucasprogramador.com.br\/lemagnifique\/wp-json\/wp\/v2\/users\/3"}],"replies":[{"embeddable":true,"href":"https:\/\/producao.lucasprogramador.com.br\/lemagnifique\/wp-json\/wp\/v2\/comments?post=625"}],"version-history":[{"count":7,"href":"https:\/\/producao.lucasprogramador.com.br\/lemagnifique\/wp-json\/wp\/v2\/pages\/625\/revisions"}],"predecessor-version":[{"id":677,"href":"https:\/\/producao.lucasprogramador.com.br\/lemagnifique\/wp-json\/wp\/v2\/pages\/625\/revisions\/677"}],"wp:attachment":[{"href":"https:\/\/producao.lucasprogramador.com.br\/lemagnifique\/wp-json\/wp\/v2\/media?parent=625"}],"curies":[{"name":"wp","href":"https:\/\/api.w.org\/{rel}","templated":true}]}}