{"id":225,"date":"2026-01-24T14:18:52","date_gmt":"2026-01-24T17:18:52","guid":{"rendered":"https:\/\/producao.lucasprogramador.com.br\/iara\/?page_id=225"},"modified":"2026-01-24T15:38:52","modified_gmt":"2026-01-24T18:38:52","slug":"blog","status":"publish","type":"page","link":"https:\/\/producao.lucasprogramador.com.br\/iara\/blog\/","title":{"rendered":"Blog"},"content":{"rendered":"\t\t<div data-elementor-type=\"wp-page\" data-elementor-id=\"225\" class=\"elementor elementor-225\" data-elementor-post-type=\"page\">\n\t\t\t\t<div class=\"elementor-element elementor-element-370275b e-flex e-con-boxed e-con e-parent\" data-id=\"370275b\" data-element_type=\"container\" data-e-type=\"container\" data-settings=\"{&quot;background_background&quot;:&quot;classic&quot;}\">\n\t\t\t\t\t<div class=\"e-con-inner\">\n\t\t<div class=\"elementor-element elementor-element-8316e95 e-con-full e-flex e-con e-child\" data-id=\"8316e95\" data-element_type=\"container\" data-e-type=\"container\">\n\t\t\t\t<div class=\"elementor-element elementor-element-98bee25 elementor-widget elementor-widget-heading\" data-id=\"98bee25\" data-element_type=\"widget\" data-e-type=\"widget\" data-widget_type=\"heading.default\">\n\t\t\t\t\t<h1 class=\"elementor-heading-title elementor-size-default\">Blog<\/h1>\t\t\t\t<\/div>\n\t\t\t\t<\/div>\n\t\t\t\t\t<\/div>\n\t\t\t\t<\/div>\n\t\t<div class=\"elementor-element elementor-element-3283764 e-flex e-con-boxed e-con e-parent\" data-id=\"3283764\" data-element_type=\"container\" data-e-type=\"container\" data-settings=\"{&quot;background_background&quot;:&quot;classic&quot;}\">\n\t\t\t\t\t<div class=\"e-con-inner\">\n\t\t\t\t<div class=\"elementor-element elementor-element-f70ebcc elementor-grid-3 elementor-grid-tablet-2 elementor-grid-mobile-1 elementor-widget elementor-widget-loop-grid\" data-id=\"f70ebcc\" data-element_type=\"widget\" data-e-type=\"widget\" data-settings=\"{&quot;template_id&quot;:212,&quot;_skin&quot;:&quot;post&quot;,&quot;columns&quot;:&quot;3&quot;,&quot;columns_tablet&quot;:&quot;2&quot;,&quot;columns_mobile&quot;:&quot;1&quot;,&quot;edit_handle_selector&quot;:&quot;[data-elementor-type=\\&quot;loop-item\\&quot;]&quot;,&quot;row_gap&quot;:{&quot;unit&quot;:&quot;px&quot;,&quot;size&quot;:&quot;&quot;,&quot;sizes&quot;:[]},&quot;row_gap_tablet&quot;:{&quot;unit&quot;:&quot;px&quot;,&quot;size&quot;:&quot;&quot;,&quot;sizes&quot;:[]},&quot;row_gap_mobile&quot;:{&quot;unit&quot;:&quot;px&quot;,&quot;size&quot;:&quot;&quot;,&quot;sizes&quot;:[]}}\" data-widget_type=\"loop-grid.post\">\n\t\t\t\t<div class=\"elementor-widget-container\">\n\t\t\t\t\t\t\t<div class=\"elementor-loop-container elementor-grid\" role=\"list\">\n\t\t<style id=\"loop-212\">.elementor-212 .elementor-element.elementor-element-e77e5ce{--display:flex;--flex-direction:column;--container-widget-width:100%;--container-widget-height:initial;--container-widget-flex-grow:0;--container-widget-align-self:initial;--flex-wrap-mobile:wrap;--gap:0px 0px;--row-gap:0px;--column-gap:0px;--padding-top:0px;--padding-bottom:0px;--padding-left:0px;--padding-right:0px;}.elementor-widget-image .widget-image-caption{color:var( --e-global-color-text );font-family:var( --e-global-typography-text-font-family ), Sans-serif;font-weight:var( --e-global-typography-text-font-weight );}.elementor-212 .elementor-element.elementor-element-7303433 img{height:200px;object-fit:cover;object-position:center center;border-radius:15px 15px 0px 0px;}.elementor-212 .elementor-element.elementor-element-c651764{--display:flex;--border-radius:0px 0px 0px 0px;--padding-top:30px;--padding-bottom:30px;--padding-left:30px;--padding-right:30px;}.elementor-212 .elementor-element.elementor-element-c651764:not(.elementor-motion-effects-element-type-background), .elementor-212 .elementor-element.elementor-element-c651764 > .elementor-motion-effects-container > .elementor-motion-effects-layer{background-color:var( --e-global-color-767bac0 );}.elementor-widget-theme-post-title .elementor-heading-title{font-family:var( --e-global-typography-primary-font-family ), Sans-serif;font-weight:var( --e-global-typography-primary-font-weight );color:var( --e-global-color-primary );}.elementor-212 .elementor-element.elementor-element-09f6ef0 .elementor-heading-title{font-family:\"Montserrat\", Sans-serif;font-size:22px;font-weight:600;}.elementor-widget-theme-post-excerpt{font-family:var( --e-global-typography-text-font-family ), Sans-serif;font-weight:var( --e-global-typography-text-font-weight );color:var( --e-global-color-text );}.elementor-212 .elementor-element.elementor-element-4432b35{font-family:\"Montserrat\", Sans-serif;font-size:14px;font-weight:400;}.elementor-widget-button .elementor-button{font-family:var( --e-global-typography-accent-font-family ), Sans-serif;font-weight:var( --e-global-typography-accent-font-weight );background-color:var( --e-global-color-accent );}<\/style>\t\t<div data-elementor-type=\"loop-item\" data-elementor-id=\"212\" class=\"elementor elementor-212 e-loop-item e-loop-item-208 post-208 post type-post status-publish format-standard has-post-thumbnail hentry category-uncategorized\" data-elementor-post-type=\"elementor_library\" data-custom-edit-handle=\"1\">\n\t\t\t<div class=\"elementor-element elementor-element-e77e5ce e-flex e-con-boxed e-con e-parent\" data-id=\"e77e5ce\" data-element_type=\"container\" data-e-type=\"container\">\n\t\t\t\t\t<div class=\"e-con-inner\">\n\t\t\t\t<div class=\"elementor-element elementor-element-7303433 elementor-widget elementor-widget-image\" data-id=\"7303433\" data-element_type=\"widget\" data-e-type=\"widget\" data-widget_type=\"image.default\">\n\t\t\t\t\t\t\t\t\t\t\t\t\t\t\t<img fetchpriority=\"high\" decoding=\"async\" width=\"1000\" height=\"500\" src=\"https:\/\/producao.lucasprogramador.com.br\/iara\/wp-content\/uploads\/2026\/01\/Pensao-alimenticia-apos-a-maioridade_-direito-ou-dever_-Laylla-Maia-Advocacia-rckp0vx7bpju7uj79zo5il0uup9p0a7oovzhozc688.jpg\" class=\"attachment-full size-full wp-image-210\" alt=\"\" srcset=\"https:\/\/producao.lucasprogramador.com.br\/iara\/wp-content\/uploads\/2026\/01\/Pensao-alimenticia-apos-a-maioridade_-direito-ou-dever_-Laylla-Maia-Advocacia-rckp0vx7bpju7uj79zo5il0uup9p0a7oovzhozc688.jpg 1000w, https:\/\/producao.lucasprogramador.com.br\/iara\/wp-content\/uploads\/2026\/01\/Pensao-alimenticia-apos-a-maioridade_-direito-ou-dever_-Laylla-Maia-Advocacia-rckp0vx7bpju7uj79zo5il0uup9p0a7oovzhozc688-300x150.jpg 300w, https:\/\/producao.lucasprogramador.com.br\/iara\/wp-content\/uploads\/2026\/01\/Pensao-alimenticia-apos-a-maioridade_-direito-ou-dever_-Laylla-Maia-Advocacia-rckp0vx7bpju7uj79zo5il0uup9p0a7oovzhozc688-768x384.jpg 768w\" sizes=\"(max-width: 1000px) 100vw, 1000px\" \/>\t\t\t\t\t\t\t\t\t\t\t\t\t\t\t<\/div>\n\t\t<div class=\"elementor-element elementor-element-c651764 e-con-full e-flex e-con e-child\" data-id=\"c651764\" data-element_type=\"container\" data-e-type=\"container\" data-settings=\"{&quot;background_background&quot;:&quot;classic&quot;}\">\n\t\t\t\t<div class=\"elementor-element elementor-element-09f6ef0 elementor-widget elementor-widget-theme-post-title elementor-page-title elementor-widget-heading\" data-id=\"09f6ef0\" data-element_type=\"widget\" data-e-type=\"widget\" data-widget_type=\"theme-post-title.default\">\n\t\t\t\t\t<h1 class=\"elementor-heading-title elementor-size-default\">Pens\u00e3o aliment\u00edcia ap\u00f3s a maioridade: direito ou dever?<\/h1>\t\t\t\t<\/div>\n\t\t\t\t<div class=\"elementor-element elementor-element-4432b35 elementor-widget elementor-widget-theme-post-excerpt\" data-id=\"4432b35\" data-element_type=\"widget\" data-e-type=\"widget\" data-widget_type=\"theme-post-excerpt.default\">\n\t\t\t\t\t<p>O pagamento de pens\u00e3o aliment\u00edcia sempre foi associado \u00e0 responsabilidade...\t\t\t\t<\/div>\n\t\t\t\t<div class=\"elementor-element elementor-element-6388c5b elementor-widget elementor-widget-button\" data-id=\"6388c5b\" data-element_type=\"widget\" data-e-type=\"widget\" data-widget_type=\"button.default\">\n\t\t\t\t\t\t\t\t\t\t<a class=\"elementor-button elementor-button-link elementor-size-sm\" href=\"https:\/\/producao.lucasprogramador.com.br\/iara\/pensao-alimenticia-apos-a-maioridade-direito-ou-dever\/\">\n\t\t\t\t\t\t<span class=\"elementor-button-content-wrapper\">\n\t\t\t\t\t\t\t\t\t<span class=\"elementor-button-text\">Ler mais<\/span>\n\t\t\t\t\t<\/span>\n\t\t\t\t\t<\/a>\n\t\t\t\t\t\t\t\t<\/div>\n\t\t\t\t<\/div>\n\t\t\t\t\t<\/div>\n\t\t\t\t<\/div>\n\t\t\t\t<\/div>\n\t\t\t\t<div data-elementor-type=\"loop-item\" data-elementor-id=\"212\" class=\"elementor elementor-212 e-loop-item e-loop-item-206 post-206 post type-post status-publish format-standard has-post-thumbnail hentry category-uncategorized\" data-elementor-post-type=\"elementor_library\" data-custom-edit-handle=\"1\">\n\t\t\t<div class=\"elementor-element elementor-element-e77e5ce e-flex e-con-boxed e-con e-parent\" data-id=\"e77e5ce\" data-element_type=\"container\" data-e-type=\"container\">\n\t\t\t\t\t<div class=\"e-con-inner\">\n\t\t\t\t<div class=\"elementor-element elementor-element-7303433 elementor-widget elementor-widget-image\" data-id=\"7303433\" data-element_type=\"widget\" data-e-type=\"widget\" data-widget_type=\"image.default\">\n\t\t\t\t\t\t\t\t\t\t\t\t\t\t\t<img decoding=\"async\" width=\"1000\" height=\"500\" src=\"https:\/\/producao.lucasprogramador.com.br\/iara\/wp-content\/uploads\/2026\/01\/Posso-cancelar-pensao-se-meu-filho-tem-renda-propria_-Laylla-Maia-Advocacia-rckp0zok31oziadqo1ansk2p88r5v2mm1elfm36ljc.jpg\" class=\"attachment-full size-full wp-image-207\" alt=\"\" srcset=\"https:\/\/producao.lucasprogramador.com.br\/iara\/wp-content\/uploads\/2026\/01\/Posso-cancelar-pensao-se-meu-filho-tem-renda-propria_-Laylla-Maia-Advocacia-rckp0zok31oziadqo1ansk2p88r5v2mm1elfm36ljc.jpg 1000w, https:\/\/producao.lucasprogramador.com.br\/iara\/wp-content\/uploads\/2026\/01\/Posso-cancelar-pensao-se-meu-filho-tem-renda-propria_-Laylla-Maia-Advocacia-rckp0zok31oziadqo1ansk2p88r5v2mm1elfm36ljc-300x150.jpg 300w, https:\/\/producao.lucasprogramador.com.br\/iara\/wp-content\/uploads\/2026\/01\/Posso-cancelar-pensao-se-meu-filho-tem-renda-propria_-Laylla-Maia-Advocacia-rckp0zok31oziadqo1ansk2p88r5v2mm1elfm36ljc-768x384.jpg 768w\" sizes=\"(max-width: 1000px) 100vw, 1000px\" \/>\t\t\t\t\t\t\t\t\t\t\t\t\t\t\t<\/div>\n\t\t<div class=\"elementor-element elementor-element-c651764 e-con-full e-flex e-con e-child\" data-id=\"c651764\" data-element_type=\"container\" data-e-type=\"container\" data-settings=\"{&quot;background_background&quot;:&quot;classic&quot;}\">\n\t\t\t\t<div class=\"elementor-element elementor-element-09f6ef0 elementor-widget elementor-widget-theme-post-title elementor-page-title elementor-widget-heading\" data-id=\"09f6ef0\" data-element_type=\"widget\" data-e-type=\"widget\" data-widget_type=\"theme-post-title.default\">\n\t\t\t\t\t<h1 class=\"elementor-heading-title elementor-size-default\">Posso cancelar pens\u00e3o se meu filho tem renda pr\u00f3pria?<\/h1>\t\t\t\t<\/div>\n\t\t\t\t<div class=\"elementor-element elementor-element-4432b35 elementor-widget elementor-widget-theme-post-excerpt\" data-id=\"4432b35\" data-element_type=\"widget\" data-e-type=\"widget\" data-widget_type=\"theme-post-excerpt.default\">\n\t\t\t\t\t<p>\u00c9 poss\u00edvel cancelar a pens\u00e3o aliment\u00edcia quando o filho tem...\t\t\t\t<\/div>\n\t\t\t\t<div class=\"elementor-element elementor-element-6388c5b elementor-widget elementor-widget-button\" data-id=\"6388c5b\" data-element_type=\"widget\" data-e-type=\"widget\" data-widget_type=\"button.default\">\n\t\t\t\t\t\t\t\t\t\t<a class=\"elementor-button elementor-button-link elementor-size-sm\" href=\"https:\/\/producao.lucasprogramador.com.br\/iara\/posso-cancelar-pensao-se-meu-filho-tem-renda-propria\/\">\n\t\t\t\t\t\t<span class=\"elementor-button-content-wrapper\">\n\t\t\t\t\t\t\t\t\t<span class=\"elementor-button-text\">Ler mais<\/span>\n\t\t\t\t\t<\/span>\n\t\t\t\t\t<\/a>\n\t\t\t\t\t\t\t\t<\/div>\n\t\t\t\t<\/div>\n\t\t\t\t\t<\/div>\n\t\t\t\t<\/div>\n\t\t\t\t<\/div>\n\t\t\t\t<\/div>\n\t\t\n\t\t\t\t\t\t<\/div>\n\t\t\t\t<\/div>\n\t\t\t\t\t<\/div>\n\t\t\t\t<\/div>\n\t\t\t\t<\/div>\n\t\t","protected":false},"excerpt":{"rendered":"","protected":false},"author":1,"featured_media":0,"parent":0,"menu_order":0,"comment_status":"closed","ping_status":"closed","template":"elementor_header_footer","meta":{"footnotes":""},"class_list":["post-225","page","type-page","status-publish","hentry"],"_links":{"self":[{"href":"https:\/\/producao.lucasprogramador.com.br\/iara\/wp-json\/wp\/v2\/pages\/225","targetHints":{"allow":["GET"]}}],"collection":[{"href":"https:\/\/producao.lucasprogramador.com.br\/iara\/wp-json\/wp\/v2\/pages"}],"about":[{"href":"https:\/\/producao.lucasprogramador.com.br\/iara\/wp-json\/wp\/v2\/types\/page"}],"author":[{"embeddable":true,"href":"https:\/\/producao.lucasprogramador.com.br\/iara\/wp-json\/wp\/v2\/users\/1"}],"replies":[{"embeddable":true,"href":"https:\/\/producao.lucasprogramador.com.br\/iara\/wp-json\/wp\/v2\/comments?post=225"}],"version-history":[{"count":34,"href":"https:\/\/producao.lucasprogramador.com.br\/iara\/wp-json\/wp\/v2\/pages\/225\/revisions"}],"predecessor-version":[{"id":342,"href":"https:\/\/producao.lucasprogramador.com.br\/iara\/wp-json\/wp\/v2\/pages\/225\/revisions\/342"}],"wp:attachment":[{"href":"https:\/\/producao.lucasprogramador.com.br\/iara\/wp-json\/wp\/v2\/media?parent=225"}],"curies":[{"name":"wp","href":"https:\/\/api.w.org\/{rel}","templated":true}]}}