{"id":989074,"date":"2026-01-18T17:50:05","date_gmt":"2026-01-18T20:50:05","guid":{"rendered":"https:\/\/producao.lucasprogramador.com.br\/esset\/?page_id=989074"},"modified":"2026-01-23T22:21:27","modified_gmt":"2026-01-24T01:21:27","slug":"servicos-cursos-e-treinamentos","status":"publish","type":"page","link":"https:\/\/producao.lucasprogramador.com.br\/esset\/servicos-cursos-e-treinamentos\/","title":{"rendered":"Servi\u00e7os: Cursos e treinamentos"},"content":{"rendered":"\t\t<div data-elementor-type=\"wp-page\" data-elementor-id=\"989074\" class=\"elementor elementor-989074\" data-elementor-post-type=\"page\">\n\t\t\t\t<div class=\"elementor-element elementor-element-fbbcea0 e-con-full e-flex e-con e-parent\" data-id=\"fbbcea0\" data-element_type=\"container\" data-settings=\"{&quot;background_background&quot;:&quot;classic&quot;}\">\n\t\t<div class=\"elementor-element elementor-element-7ace8e9 e-con-full e-flex e-con e-child\" data-id=\"7ace8e9\" data-element_type=\"container\">\n\t\t\t\t<div class=\"elementor-element elementor-element-faa42ef elementor-widget elementor-widget-image\" data-id=\"faa42ef\" data-element_type=\"widget\" data-widget_type=\"image.default\">\n\t\t\t\t\t\t\t\t\t\t\t\t\t\t\t<img fetchpriority=\"high\" decoding=\"async\" width=\"689\" height=\"463\" src=\"https:\/\/producao.lucasprogramador.com.br\/esset\/wp-content\/uploads\/2026\/01\/width_800-4-2-e1769199503696.webp\" class=\"attachment-full size-full wp-image-989160\" alt=\"\" srcset=\"https:\/\/producao.lucasprogramador.com.br\/esset\/wp-content\/uploads\/2026\/01\/width_800-4-2-e1769199503696.webp 689w, https:\/\/producao.lucasprogramador.com.br\/esset\/wp-content\/uploads\/2026\/01\/width_800-4-2-e1769199503696-300x202.webp 300w\" sizes=\"(max-width: 689px) 100vw, 689px\" \/>\t\t\t\t\t\t\t\t\t\t\t\t\t\t\t<\/div>\n\t\t\t\t<\/div>\n\t\t<div class=\"elementor-element elementor-element-2800e15 e-con-full e-flex e-con e-child\" data-id=\"2800e15\" data-element_type=\"container\">\n\t\t\t\t<div class=\"elementor-element elementor-element-a7d44ee elementor-widget elementor-widget-heading\" data-id=\"a7d44ee\" data-element_type=\"widget\" data-widget_type=\"heading.default\">\n\t\t\t\t\t<h2 class=\"elementor-heading-title elementor-size-default\">Cursos e Treinamentos\n<\/h2>\t\t\t\t<\/div>\n\t\t\t\t<div class=\"elementor-element elementor-element-fb5796e elementor-widget elementor-widget-heading\" data-id=\"fb5796e\" data-element_type=\"widget\" data-widget_type=\"heading.default\">\n\t\t\t\t\t<h2 class=\"elementor-heading-title elementor-size-default\">Identifica\u00e7\u00e3o de fatores psicossociais e promo\u00e7\u00e3o de a\u00e7\u00f5es preventivas.<\/h2>\t\t\t\t<\/div>\n\t\t\t\t<\/div>\n\t\t\t\t<\/div>\n\t\t<div class=\"elementor-element elementor-element-6ee6f84 e-flex e-con-boxed e-con e-parent\" data-id=\"6ee6f84\" data-element_type=\"container\">\n\t\t\t\t\t<div class=\"e-con-inner\">\n\t\t<div class=\"elementor-element elementor-element-4d87970 e-con-full e-flex e-con e-child\" data-id=\"4d87970\" data-element_type=\"container\">\n\t\t<div class=\"elementor-element elementor-element-0d234a5 e-con-full e-flex e-con e-child\" data-id=\"0d234a5\" data-element_type=\"container\">\n\t\t<div class=\"elementor-element elementor-element-4636fa0 e-con-full e-flex e-con e-child\" data-id=\"4636fa0\" data-element_type=\"container\" data-settings=\"{&quot;background_background&quot;:&quot;classic&quot;}\">\n\t\t\t\t<div class=\"elementor-element elementor-element-8d8f0b8 elementor-widget__width-inherit animated-fast elementor-invisible elementor-widget elementor-widget-heading\" data-id=\"8d8f0b8\" data-element_type=\"widget\" data-settings=\"{&quot;_animation&quot;:&quot;slideInUp&quot;,&quot;_animation_delay&quot;:50}\" data-widget_type=\"heading.default\">\n\t\t\t\t\t<h3 class=\"elementor-heading-title elementor-size-default\">Cursos e Treinamentos<\/h3>\t\t\t\t<\/div>\n\t\t\t\t<\/div>\n\t\t<div class=\"elementor-element elementor-element-1d5733a e-con-full e-flex e-con e-child\" data-id=\"1d5733a\" data-element_type=\"container\">\n\t\t\t\t<div class=\"elementor-element elementor-element-35affd4 elementor-widget__width-inherit animated-fast elementor-invisible elementor-widget elementor-widget-text-editor\" data-id=\"35affd4\" data-element_type=\"widget\" data-settings=\"{&quot;_animation&quot;:&quot;fadeIn&quot;,&quot;_animation_delay&quot;:100}\" data-widget_type=\"text-editor.default\">\n\t\t\t\t\t\t\t\t\t<p class=\"cvGsUA direction-ltr align-start para-style-body\"><span class=\"a_GcMg font-feature-liga-off font-feature-clig-off font-feature-calt-off text-decoration-none text-strikethrough-none\">Nosso objetivo \u00e9 orientar e fortalecer sua equipe com o conhecimento necess\u00e1rio para promover um ambiente de trabalho saud\u00e1vel, seguro e em conformidade com a legisla\u00e7\u00e3o.<\/span><\/p><p class=\"cvGsUA direction-ltr align-start para-style-body\"><span class=\"a_GcMg font-feature-liga-off font-feature-clig-off font-feature-calt-off text-decoration-none text-strikethrough-none\">Podemos levar os treinamentos at\u00e9 sua empresa, com instrutores qualificados e metodologias pr\u00e1ticas, garantindo aprendizado eficaz e aplica\u00e7\u00e3o imediata no dia a dia.<\/span><\/p>\t\t\t\t\t\t\t\t<\/div>\n\t\t\t\t<\/div>\n\t\t\t\t<\/div>\n\t\t<div class=\"elementor-element elementor-element-1857ea6 e-con-full e-flex e-con e-child\" data-id=\"1857ea6\" data-element_type=\"container\" data-settings=\"{&quot;background_background&quot;:&quot;classic&quot;}\">\n\t\t\t\t<\/div>\n\t\t\t\t<\/div>\n\t\t\t\t\t<\/div>\n\t\t\t\t<\/div>\n\t\t<div class=\"elementor-element elementor-element-77ffdcb e-flex e-con-boxed e-con e-parent\" data-id=\"77ffdcb\" data-element_type=\"container\" data-settings=\"{&quot;background_background&quot;:&quot;classic&quot;}\">\n\t\t\t\t\t<div class=\"e-con-inner\">\n\t\t<div class=\"elementor-element elementor-element-4610f54 e-con-full e-flex e-con e-child\" data-id=\"4610f54\" data-element_type=\"container\" data-settings=\"{&quot;background_background&quot;:&quot;classic&quot;}\">\n\t\t<div class=\"elementor-element elementor-element-ac94013 e-con-full e-flex e-con e-child\" data-id=\"ac94013\" data-element_type=\"container\">\n\t\t<div class=\"elementor-element elementor-element-5460cf7 e-con-full e-flex e-con e-child\" data-id=\"5460cf7\" data-element_type=\"container\">\n\t\t\t\t<div class=\"elementor-element elementor-element-332c9f9 elementor-widget__width-initial animated-fast elementor-invisible elementor-widget elementor-widget-heading\" data-id=\"332c9f9\" data-element_type=\"widget\" data-settings=\"{&quot;_animation&quot;:&quot;fadeIn&quot;}\" data-widget_type=\"heading.default\">\n\t\t\t\t\t<h2 class=\"elementor-heading-title elementor-size-default\">Diferenciais de Atendimento<\/h2>\t\t\t\t<\/div>\n\t\t\t\t<div class=\"elementor-element elementor-element-c7cc434 elementor-widget elementor-widget-spacer\" data-id=\"c7cc434\" data-element_type=\"widget\" data-widget_type=\"spacer.default\">\n\t\t\t\t\t\t\t<div class=\"elementor-spacer\">\n\t\t\t<div class=\"elementor-spacer-inner\"><\/div>\n\t\t<\/div>\n\t\t\t\t\t\t<\/div>\n\t\t\t\t<\/div>\n\t\t\t\t<\/div>\n\t\t<div class=\"elementor-element elementor-element-b656468 e-con-full e-flex e-con e-child\" data-id=\"b656468\" data-element_type=\"container\">\n\t\t<a class=\"elementor-element elementor-element-1e903cd e-con-full vamtam-icon-hover-parent animated-fast e-flex elementor-invisible e-con e-child\" data-id=\"1e903cd\" data-element_type=\"container\" data-settings=\"{&quot;background_background&quot;:&quot;classic&quot;,&quot;animation&quot;:&quot;slideInUp&quot;}\">\n\t\t\t\t<div class=\"elementor-element elementor-element-77dfc7b elementor-widget__width-inherit elementor-widget elementor-widget-image\" data-id=\"77dfc7b\" data-element_type=\"widget\" data-widget_type=\"image.default\">\n\t\t\t\t\t\t\t\t\t\t\t\t\t\t\t<img decoding=\"async\" width=\"1599\" height=\"1066\" src=\"https:\/\/producao.lucasprogramador.com.br\/esset\/wp-content\/uploads\/2026\/01\/width_1600-1-1.webp\" class=\"attachment-full size-full wp-image-989164\" alt=\"\" srcset=\"https:\/\/producao.lucasprogramador.com.br\/esset\/wp-content\/uploads\/2026\/01\/width_1600-1-1.webp 1599w, https:\/\/producao.lucasprogramador.com.br\/esset\/wp-content\/uploads\/2026\/01\/width_1600-1-1-300x200.webp 300w, https:\/\/producao.lucasprogramador.com.br\/esset\/wp-content\/uploads\/2026\/01\/width_1600-1-1-1024x683.webp 1024w, https:\/\/producao.lucasprogramador.com.br\/esset\/wp-content\/uploads\/2026\/01\/width_1600-1-1-768x512.webp 768w, https:\/\/producao.lucasprogramador.com.br\/esset\/wp-content\/uploads\/2026\/01\/width_1600-1-1-1536x1024.webp 1536w\" sizes=\"(max-width: 1599px) 100vw, 1599px\" \/>\t\t\t\t\t\t\t\t\t\t\t\t\t\t\t<\/div>\n\t\t<div class=\"elementor-element elementor-element-84cb69d e-con-full e-flex e-con e-child\" data-id=\"84cb69d\" data-element_type=\"container\">\n\t\t\t\t<div class=\"elementor-element elementor-element-858206e elementor-widget__width-inherit elementor-widget elementor-widget-heading\" data-id=\"858206e\" data-element_type=\"widget\" data-widget_type=\"heading.default\">\n\t\t\t\t\t<h4 class=\"elementor-heading-title elementor-size-default\">Treinamentos presenciais, online ou h\u00edbridos\n<\/h4>\t\t\t\t<\/div>\n\t\t\t\t<\/div>\n\t\t\t\t<\/a>\n\t\t<a class=\"elementor-element elementor-element-89fd595 e-con-full vamtam-icon-hover-parent animated-fast e-flex elementor-invisible e-con e-child\" data-id=\"89fd595\" data-element_type=\"container\" data-settings=\"{&quot;background_background&quot;:&quot;classic&quot;,&quot;animation&quot;:&quot;slideInUp&quot;}\">\n\t\t\t\t<div class=\"elementor-element elementor-element-2a1d2ca elementor-widget__width-inherit elementor-widget elementor-widget-image\" data-id=\"2a1d2ca\" data-element_type=\"widget\" data-widget_type=\"image.default\">\n\t\t\t\t\t\t\t\t\t\t\t\t\t\t\t<img decoding=\"async\" width=\"1599\" height=\"1066\" src=\"https:\/\/producao.lucasprogramador.com.br\/esset\/wp-content\/uploads\/2026\/01\/width_1600-2.webp\" class=\"attachment-full size-full wp-image-989165\" alt=\"\" srcset=\"https:\/\/producao.lucasprogramador.com.br\/esset\/wp-content\/uploads\/2026\/01\/width_1600-2.webp 1599w, https:\/\/producao.lucasprogramador.com.br\/esset\/wp-content\/uploads\/2026\/01\/width_1600-2-300x200.webp 300w, https:\/\/producao.lucasprogramador.com.br\/esset\/wp-content\/uploads\/2026\/01\/width_1600-2-1024x683.webp 1024w, https:\/\/producao.lucasprogramador.com.br\/esset\/wp-content\/uploads\/2026\/01\/width_1600-2-768x512.webp 768w, https:\/\/producao.lucasprogramador.com.br\/esset\/wp-content\/uploads\/2026\/01\/width_1600-2-1536x1024.webp 1536w\" sizes=\"(max-width: 1599px) 100vw, 1599px\" \/>\t\t\t\t\t\t\t\t\t\t\t\t\t\t\t<\/div>\n\t\t<div class=\"elementor-element elementor-element-a8adf21 e-con-full e-flex e-con e-child\" data-id=\"a8adf21\" data-element_type=\"container\">\n\t\t\t\t<div class=\"elementor-element elementor-element-8f523e1 elementor-widget__width-inherit elementor-widget elementor-widget-heading\" data-id=\"8f523e1\" data-element_type=\"widget\" data-widget_type=\"heading.default\">\n\t\t\t\t\t<h4 class=\"elementor-heading-title elementor-size-default\">Certifica\u00e7\u00e3o e controle de validade dos treinamentos\n<\/h4>\t\t\t\t<\/div>\n\t\t\t\t<\/div>\n\t\t\t\t<\/a>\n\t\t<a class=\"elementor-element elementor-element-069e42d e-con-full vamtam-icon-hover-parent animated-fast e-flex elementor-invisible e-con e-child\" data-id=\"069e42d\" data-element_type=\"container\" data-settings=\"{&quot;background_background&quot;:&quot;classic&quot;,&quot;animation&quot;:&quot;slideInUp&quot;}\">\n\t\t\t\t<div class=\"elementor-element elementor-element-68642d1 elementor-widget__width-inherit elementor-widget elementor-widget-image\" data-id=\"68642d1\" data-element_type=\"widget\" data-widget_type=\"image.default\">\n\t\t\t\t\t\t\t\t\t\t\t\t\t\t\t<img loading=\"lazy\" decoding=\"async\" width=\"533\" height=\"649\" src=\"https:\/\/producao.lucasprogramador.com.br\/esset\/wp-content\/uploads\/2026\/01\/width_533-5-e1769217519471.webp\" class=\"attachment-full size-full wp-image-989163\" alt=\"\" srcset=\"https:\/\/producao.lucasprogramador.com.br\/esset\/wp-content\/uploads\/2026\/01\/width_533-5-e1769217519471.webp 533w, https:\/\/producao.lucasprogramador.com.br\/esset\/wp-content\/uploads\/2026\/01\/width_533-5-e1769217519471-246x300.webp 246w\" sizes=\"(max-width: 533px) 100vw, 533px\" \/>\t\t\t\t\t\t\t\t\t\t\t\t\t\t\t<\/div>\n\t\t<div class=\"elementor-element elementor-element-2c89e08 e-con-full e-flex e-con e-child\" data-id=\"2c89e08\" data-element_type=\"container\">\n\t\t\t\t<div class=\"elementor-element elementor-element-b751d5e elementor-widget__width-inherit elementor-widget elementor-widget-heading\" data-id=\"b751d5e\" data-element_type=\"widget\" data-widget_type=\"heading.default\">\n\t\t\t\t\t<h4 class=\"elementor-heading-title elementor-size-default\">Relat\u00f3rios de participa\u00e7\u00e3o e integra\u00e7\u00e3o com sistemas de gest\u00e3o\n<\/h4>\t\t\t\t<\/div>\n\t\t\t\t<\/div>\n\t\t\t\t<\/a>\n\t\t<a class=\"elementor-element elementor-element-4730ca7 e-con-full vamtam-icon-hover-parent animated-fast e-flex elementor-invisible e-con e-child\" data-id=\"4730ca7\" data-element_type=\"container\" data-settings=\"{&quot;background_background&quot;:&quot;classic&quot;,&quot;animation&quot;:&quot;slideInUp&quot;}\">\n\t\t\t\t<div class=\"elementor-element elementor-element-bd75c26 elementor-widget__width-inherit elementor-widget elementor-widget-image\" data-id=\"bd75c26\" data-element_type=\"widget\" data-widget_type=\"image.default\">\n\t\t\t\t\t\t\t\t\t\t\t\t\t\t\t<img loading=\"lazy\" decoding=\"async\" width=\"1599\" height=\"1066\" src=\"https:\/\/producao.lucasprogramador.com.br\/esset\/wp-content\/uploads\/2026\/01\/width_1600-3.webp\" class=\"attachment-full size-full wp-image-989166\" alt=\"\" srcset=\"https:\/\/producao.lucasprogramador.com.br\/esset\/wp-content\/uploads\/2026\/01\/width_1600-3.webp 1599w, https:\/\/producao.lucasprogramador.com.br\/esset\/wp-content\/uploads\/2026\/01\/width_1600-3-300x200.webp 300w, https:\/\/producao.lucasprogramador.com.br\/esset\/wp-content\/uploads\/2026\/01\/width_1600-3-1024x683.webp 1024w, https:\/\/producao.lucasprogramador.com.br\/esset\/wp-content\/uploads\/2026\/01\/width_1600-3-768x512.webp 768w, https:\/\/producao.lucasprogramador.com.br\/esset\/wp-content\/uploads\/2026\/01\/width_1600-3-1536x1024.webp 1536w\" sizes=\"(max-width: 1599px) 100vw, 1599px\" \/>\t\t\t\t\t\t\t\t\t\t\t\t\t\t\t<\/div>\n\t\t<div class=\"elementor-element elementor-element-a8f3a4a e-con-full e-flex e-con e-child\" data-id=\"a8f3a4a\" data-element_type=\"container\">\n\t\t\t\t<div class=\"elementor-element elementor-element-1546e40 elementor-widget__width-inherit elementor-widget elementor-widget-heading\" data-id=\"1546e40\" data-element_type=\"widget\" data-widget_type=\"heading.default\">\n\t\t\t\t\t<h4 class=\"elementor-heading-title elementor-size-default\">Instrutores com experi\u00eancia t\u00e9cnica e viv\u00eancia corporativa<\/h4>\t\t\t\t<\/div>\n\t\t\t\t<\/div>\n\t\t\t\t<\/a>\n\t\t\t\t<\/div>\n\t\t\t\t<\/div>\n\t\t\t\t\t<\/div>\n\t\t\t\t<\/div>\n\t\t<div class=\"elementor-element elementor-element-7ec38ff e-flex e-con-boxed e-con e-parent\" data-id=\"7ec38ff\" data-element_type=\"container\">\n\t\t\t\t\t<div class=\"e-con-inner\">\n\t\t<div class=\"elementor-element elementor-element-464a610 e-con-full e-flex e-con e-child\" data-id=\"464a610\" data-element_type=\"container\">\n\t\t<div class=\"elementor-element elementor-element-c22403f e-con-full e-flex e-con e-child\" data-id=\"c22403f\" data-element_type=\"container\" data-settings=\"{&quot;background_background&quot;:&quot;classic&quot;}\">\n\t\t\t\t<\/div>\n\t\t<div class=\"elementor-element elementor-element-076efd0 e-con-full e-flex e-con e-child\" data-id=\"076efd0\" data-element_type=\"container\">\n\t\t<div class=\"elementor-element elementor-element-91057aa e-con-full e-flex e-con e-child\" data-id=\"91057aa\" data-element_type=\"container\">\n\t\t\t\t<div class=\"elementor-element elementor-element-0639b72 elementor-widget__width-inherit animated-fast elementor-invisible elementor-widget elementor-widget-heading\" data-id=\"0639b72\" data-element_type=\"widget\" data-settings=\"{&quot;_animation&quot;:&quot;slideInUp&quot;,&quot;_animation_delay&quot;:50}\" data-widget_type=\"heading.default\">\n\t\t\t\t\t<h3 class=\"elementor-heading-title elementor-size-default\">Nossos Cursos<\/h3>\t\t\t\t<\/div>\n\t\t\t\t<div class=\"elementor-element elementor-element-a060a86 elementor-widget__width-inherit animated-fast elementor-invisible elementor-widget elementor-widget-text-editor\" data-id=\"a060a86\" data-element_type=\"widget\" data-settings=\"{&quot;_animation&quot;:&quot;fadeIn&quot;,&quot;_animation_delay&quot;:100}\" data-widget_type=\"text-editor.default\">\n\t\t\t\t\t\t\t\t\t<ul><li><span class=\"a_GcMg font-feature-liga-off font-feature-clig-off font-feature-calt-off text-decoration-none text-strikethrough-none\">Principais NRs: 01, 06, 10, 12, 18, 33, 35 &#8230; e todas as demais, conforme necessidade da sua empresa.<\/span><\/li><li><span class=\"a_GcMg font-feature-liga-off font-feature-clig-off font-feature-calt-off text-decoration-none text-strikethrough-none\">CIPA e Designado de Cipa.<\/span><\/li><li><span class=\"a_GcMg font-feature-liga-off font-feature-clig-off font-feature-calt-off text-decoration-none text-strikethrough-none\">Primeiros Socorros.<\/span><\/li><li><span class=\"a_GcMg font-feature-liga-off font-feature-clig-off font-feature-calt-off text-decoration-none text-strikethrough-none\">Brigada de Inc\u00eandio e Brigada de Emerg\u00eancia.<\/span><\/li><\/ul>\t\t\t\t\t\t\t\t<\/div>\n\t\t\t\t<\/div>\n\t\t\t\t<\/div>\n\t\t\t\t<\/div>\n\t\t\t\t\t<\/div>\n\t\t\t\t<\/div>\n\t\t\t\t<\/div>\n\t\t","protected":false},"excerpt":{"rendered":"<p>Cursos e Treinamentos Identifica\u00e7\u00e3o de fatores psicossociais e promo\u00e7\u00e3o de a\u00e7\u00f5es preventivas. Cursos e Treinamentos Nosso objetivo \u00e9 orientar e&#8230;<\/p>\n","protected":false},"author":1,"featured_media":0,"parent":0,"menu_order":0,"comment_status":"closed","ping_status":"closed","template":"elementor_header_footer","meta":{"footnotes":""},"class_list":["post-989074","page","type-page","status-publish","hentry"],"_links":{"self":[{"href":"https:\/\/producao.lucasprogramador.com.br\/esset\/wp-json\/wp\/v2\/pages\/989074","targetHints":{"allow":["GET"]}}],"collection":[{"href":"https:\/\/producao.lucasprogramador.com.br\/esset\/wp-json\/wp\/v2\/pages"}],"about":[{"href":"https:\/\/producao.lucasprogramador.com.br\/esset\/wp-json\/wp\/v2\/types\/page"}],"author":[{"embeddable":true,"href":"https:\/\/producao.lucasprogramador.com.br\/esset\/wp-json\/wp\/v2\/users\/1"}],"replies":[{"embeddable":true,"href":"https:\/\/producao.lucasprogramador.com.br\/esset\/wp-json\/wp\/v2\/comments?post=989074"}],"version-history":[{"count":10,"href":"https:\/\/producao.lucasprogramador.com.br\/esset\/wp-json\/wp\/v2\/pages\/989074\/revisions"}],"predecessor-version":[{"id":989174,"href":"https:\/\/producao.lucasprogramador.com.br\/esset\/wp-json\/wp\/v2\/pages\/989074\/revisions\/989174"}],"wp:attachment":[{"href":"https:\/\/producao.lucasprogramador.com.br\/esset\/wp-json\/wp\/v2\/media?parent=989074"}],"curies":[{"name":"wp","href":"https:\/\/api.w.org\/{rel}","templated":true}]}}