{"id":989069,"date":"2026-01-18T17:48:41","date_gmt":"2026-01-18T20:48:41","guid":{"rendered":"https:\/\/producao.lucasprogramador.com.br\/esset\/?page_id=989069"},"modified":"2026-01-23T17:14:45","modified_gmt":"2026-01-23T20:14:45","slug":"servicos-saude-mental-e-nr1","status":"publish","type":"page","link":"https:\/\/producao.lucasprogramador.com.br\/esset\/servicos-saude-mental-e-nr1\/","title":{"rendered":"Servi\u00e7os: Sa\u00fade mental e NR1"},"content":{"rendered":"\t\t<div data-elementor-type=\"wp-page\" data-elementor-id=\"989069\" class=\"elementor elementor-989069\" data-elementor-post-type=\"page\">\n\t\t\t\t<div class=\"elementor-element elementor-element-ed49b96 e-con-full e-flex e-con e-parent\" data-id=\"ed49b96\" data-element_type=\"container\" data-settings=\"{&quot;background_background&quot;:&quot;classic&quot;}\">\n\t\t<div class=\"elementor-element elementor-element-b7f8c79 e-con-full e-flex e-con e-child\" data-id=\"b7f8c79\" data-element_type=\"container\">\n\t\t\t\t<div class=\"elementor-element elementor-element-8a80a5a elementor-widget elementor-widget-image\" data-id=\"8a80a5a\" data-element_type=\"widget\" data-widget_type=\"image.default\">\n\t\t\t\t\t\t\t\t\t\t\t\t\t\t\t<img fetchpriority=\"high\" decoding=\"async\" width=\"649\" height=\"533\" src=\"https:\/\/producao.lucasprogramador.com.br\/esset\/wp-content\/uploads\/2026\/01\/download-e1769199273588.webp\" class=\"attachment-full size-full wp-image-989156\" alt=\"\" srcset=\"https:\/\/producao.lucasprogramador.com.br\/esset\/wp-content\/uploads\/2026\/01\/download-e1769199273588.webp 649w, https:\/\/producao.lucasprogramador.com.br\/esset\/wp-content\/uploads\/2026\/01\/download-e1769199273588-300x246.webp 300w\" sizes=\"(max-width: 649px) 100vw, 649px\" \/>\t\t\t\t\t\t\t\t\t\t\t\t\t\t\t<\/div>\n\t\t\t\t<\/div>\n\t\t<div class=\"elementor-element elementor-element-c680dbf e-con-full e-flex e-con e-child\" data-id=\"c680dbf\" data-element_type=\"container\">\n\t\t\t\t<div class=\"elementor-element elementor-element-b93e8be elementor-widget elementor-widget-heading\" data-id=\"b93e8be\" data-element_type=\"widget\" data-widget_type=\"heading.default\">\n\t\t\t\t\t<h2 class=\"elementor-heading-title elementor-size-default\">Sa\u00fade Mental e NR-1\n<\/h2>\t\t\t\t<\/div>\n\t\t\t\t<div class=\"elementor-element elementor-element-c771b17 elementor-widget elementor-widget-heading\" data-id=\"c771b17\" data-element_type=\"widget\" data-widget_type=\"heading.default\">\n\t\t\t\t\t<h2 class=\"elementor-heading-title elementor-size-default\">Identifica\u00e7\u00e3o de fatores psicossociais e promo\u00e7\u00e3o de a\u00e7\u00f5es preventivas.<\/h2>\t\t\t\t<\/div>\n\t\t\t\t<\/div>\n\t\t\t\t<\/div>\n\t\t<div class=\"elementor-element elementor-element-f94ebff e-flex e-con-boxed e-con e-parent\" data-id=\"f94ebff\" data-element_type=\"container\">\n\t\t\t\t\t<div class=\"e-con-inner\">\n\t\t<div class=\"elementor-element elementor-element-454d1cb e-con-full e-flex e-con e-child\" data-id=\"454d1cb\" data-element_type=\"container\">\n\t\t<div class=\"elementor-element elementor-element-18301f4 e-con-full e-flex e-con e-child\" data-id=\"18301f4\" data-element_type=\"container\">\n\t\t<div class=\"elementor-element elementor-element-9645519 e-con-full e-flex e-con e-child\" data-id=\"9645519\" data-element_type=\"container\" data-settings=\"{&quot;background_background&quot;:&quot;classic&quot;}\">\n\t\t\t\t<div class=\"elementor-element elementor-element-378f0d7 elementor-widget__width-inherit animated-fast elementor-invisible elementor-widget elementor-widget-heading\" data-id=\"378f0d7\" data-element_type=\"widget\" data-settings=\"{&quot;_animation&quot;:&quot;slideInUp&quot;,&quot;_animation_delay&quot;:50}\" data-widget_type=\"heading.default\">\n\t\t\t\t\t<h3 class=\"elementor-heading-title elementor-size-default\">Sa\u00fade Mental e NR-1<\/h3>\t\t\t\t<\/div>\n\t\t\t\t<\/div>\n\t\t<div class=\"elementor-element elementor-element-e8a3169 e-con-full e-flex e-con e-child\" data-id=\"e8a3169\" data-element_type=\"container\">\n\t\t\t\t<div class=\"elementor-element elementor-element-20a21bf elementor-widget__width-inherit animated-fast elementor-invisible elementor-widget elementor-widget-text-editor\" data-id=\"20a21bf\" data-element_type=\"widget\" data-settings=\"{&quot;_animation&quot;:&quot;fadeIn&quot;,&quot;_animation_delay&quot;:100}\" data-widget_type=\"text-editor.default\">\n\t\t\t\t\t\t\t\t\t<p class=\"cvGsUA direction-ltr align-start para-style-body\"><span class=\"a_GcMg font-feature-liga-off font-feature-clig-off font-feature-calt-off text-decoration-none text-strikethrough-none\">Cuidar da sa\u00fade mental dos colaboradores \u00e9 essencial para um ambiente de trabalho equilibrado e produtivo.<\/span><\/p><p class=\"cvGsUA direction-ltr align-start para-style-body\"><span class=\"a_GcMg font-feature-liga-off font-feature-clig-off font-feature-calt-off text-decoration-none text-strikethrough-none\">Oferecemos programas de bem-estar ocupacional alinhados \u00e0 NR-1, com foco na identifica\u00e7\u00e3o de fatores psicossociais e na promo\u00e7\u00e3o de a\u00e7\u00f5es preventivas.<\/span><\/p><p class=\"cvGsUA direction-ltr align-start para-style-body\"><span class=\"a_GcMg font-feature-liga-off font-feature-clig-off font-feature-calt-off text-decoration-none text-strikethrough-none\">Al\u00e9m disso, disponibilizamos acompanhamento psicol\u00f3gico para colaboradores, fortalecendo o engajamento, a qualidade de vida e o clima organizacional.<\/span><\/p>\t\t\t\t\t\t\t\t<\/div>\n\t\t\t\t<\/div>\n\t\t\t\t<\/div>\n\t\t<div class=\"elementor-element elementor-element-f9cf866 e-con-full e-flex e-con e-child\" data-id=\"f9cf866\" data-element_type=\"container\" data-settings=\"{&quot;background_background&quot;:&quot;classic&quot;}\">\n\t\t\t\t<\/div>\n\t\t\t\t<\/div>\n\t\t\t\t\t<\/div>\n\t\t\t\t<\/div>\n\t\t<div class=\"elementor-element elementor-element-d0c9e51 e-flex e-con-boxed e-con e-parent\" data-id=\"d0c9e51\" data-element_type=\"container\" data-settings=\"{&quot;background_background&quot;:&quot;classic&quot;}\">\n\t\t\t\t\t<div class=\"e-con-inner\">\n\t\t<div class=\"elementor-element elementor-element-201faf5 e-con-full e-flex e-con e-child\" data-id=\"201faf5\" data-element_type=\"container\">\n\t\t<div class=\"elementor-element elementor-element-5b5abb5 e-con-full e-flex e-con e-child\" data-id=\"5b5abb5\" data-element_type=\"container\" data-settings=\"{&quot;background_background&quot;:&quot;classic&quot;}\">\n\t\t\t\t<\/div>\n\t\t<div class=\"elementor-element elementor-element-03d908f e-con-full e-flex e-con e-child\" data-id=\"03d908f\" data-element_type=\"container\">\n\t\t<div class=\"elementor-element elementor-element-da79af0 e-con-full e-flex e-con e-child\" data-id=\"da79af0\" data-element_type=\"container\">\n\t\t\t\t<div class=\"elementor-element elementor-element-36582bd elementor-widget__width-inherit animated-fast elementor-invisible elementor-widget elementor-widget-heading\" data-id=\"36582bd\" data-element_type=\"widget\" data-settings=\"{&quot;_animation&quot;:&quot;slideInUp&quot;,&quot;_animation_delay&quot;:50}\" data-widget_type=\"heading.default\">\n\t\t\t\t\t<h3 class=\"elementor-heading-title elementor-size-default\">Nossas Entregas<\/h3>\t\t\t\t<\/div>\n\t\t\t\t<div class=\"elementor-element elementor-element-c8a7d64 elementor-widget__width-inherit animated-fast elementor-invisible elementor-widget elementor-widget-text-editor\" data-id=\"c8a7d64\" data-element_type=\"widget\" data-settings=\"{&quot;_animation&quot;:&quot;fadeIn&quot;,&quot;_animation_delay&quot;:100}\" data-widget_type=\"text-editor.default\">\n\t\t\t\t\t\t\t\t\t<ul><li><span class=\"a_GcMg font-feature-liga-off font-feature-clig-off font-feature-calt-off text-decoration-none text-strikethrough-none\">Diagn\u00f3stico de riscos psicossociais no ambiente de trabalho<\/span><\/li><li><span class=\"a_GcMg font-feature-liga-off font-feature-clig-off font-feature-calt-off text-decoration-none text-strikethrough-none\">Implanta\u00e7\u00e3o de programas de bem-estar ocupacional. alinhados \u00e0 NR-1.<\/span><\/li><li><span class=\"a_GcMg font-feature-liga-off font-feature-clig-off font-feature-calt-off text-decoration-none text-strikethrough-none\">Acompanhamento psicol\u00f3gico individual e confidencial para colaboradores.<\/span><\/li><li><span class=\"a_GcMg font-feature-liga-off font-feature-clig-off font-feature-calt-off text-decoration-none text-strikethrough-none\">A\u00e7\u00f5es preventivas para redu\u00e7\u00e3o de estresse, ansiedade e afastamentos.<\/span><\/li><li><span class=\"a_GcMg font-feature-liga-off font-feature-clig-off font-feature-calt-off text-decoration-none text-strikethrough-none\">Informa\u00e7\u00f5es gerenciais para apoio \u00e0 gest\u00e3o<\/span><\/li><li><span class=\"a_GcMg font-feature-liga-off font-feature-clig-off font-feature-calt-off text-decoration-none text-strikethrough-none\">Orienta\u00e7\u00e3o \u00e0s lideran\u00e7as sobre sa\u00fade mental no trabalho<\/span><\/li><\/ul>\t\t\t\t\t\t\t\t<\/div>\n\t\t\t\t<\/div>\n\t\t\t\t<\/div>\n\t\t\t\t<\/div>\n\t\t\t\t\t<\/div>\n\t\t\t\t<\/div>\n\t\t<div class=\"elementor-element elementor-element-aad32bb e-flex e-con-boxed e-con e-child\" data-id=\"aad32bb\" data-element_type=\"container\" data-settings=\"{&quot;background_background&quot;:&quot;classic&quot;}\">\n\t\t\t\t\t<div class=\"e-con-inner\">\n\t\t<div class=\"elementor-element elementor-element-6fa523c e-con-full e-flex e-con e-child\" data-id=\"6fa523c\" data-element_type=\"container\">\n\t\t<div class=\"elementor-element elementor-element-52d11f2 e-con-full e-flex e-con e-child\" data-id=\"52d11f2\" data-element_type=\"container\">\n\t\t\t\t<div class=\"elementor-element elementor-element-f7d16b9 elementor-widget__width-initial animated-fast elementor-invisible elementor-widget elementor-widget-heading\" data-id=\"f7d16b9\" data-element_type=\"widget\" data-settings=\"{&quot;_animation&quot;:&quot;fadeIn&quot;}\" data-widget_type=\"heading.default\">\n\t\t\t\t\t<h2 class=\"elementor-heading-title elementor-size-default\">Diferenciais de Atendimento<\/h2>\t\t\t\t<\/div>\n\t\t\t\t<div class=\"elementor-element elementor-element-f0daf6a elementor-widget elementor-widget-spacer\" data-id=\"f0daf6a\" data-element_type=\"widget\" data-widget_type=\"spacer.default\">\n\t\t\t\t\t\t\t<div class=\"elementor-spacer\">\n\t\t\t<div class=\"elementor-spacer-inner\"><\/div>\n\t\t<\/div>\n\t\t\t\t\t\t<\/div>\n\t\t\t\t<\/div>\n\t\t\t\t<\/div>\n\t\t<div class=\"elementor-element elementor-element-721538e e-con-full e-flex e-con e-child\" data-id=\"721538e\" data-element_type=\"container\">\n\t\t<a class=\"elementor-element elementor-element-a8f8105 e-con-full vamtam-icon-hover-parent animated-fast e-flex elementor-invisible e-con e-child\" data-id=\"a8f8105\" data-element_type=\"container\" data-settings=\"{&quot;background_background&quot;:&quot;classic&quot;,&quot;animation&quot;:&quot;slideInUp&quot;}\">\n\t\t\t\t<div class=\"elementor-element elementor-element-f6d3465 elementor-widget__width-inherit elementor-widget elementor-widget-image\" data-id=\"f6d3465\" data-element_type=\"widget\" data-widget_type=\"image.default\">\n\t\t\t\t\t\t\t\t\t\t\t\t\t\t\t<img decoding=\"async\" width=\"800\" height=\"533\" src=\"https:\/\/producao.lucasprogramador.com.br\/esset\/wp-content\/uploads\/2026\/01\/width_800-1-3.webp\" class=\"attachment-full size-full wp-image-989146\" alt=\"\" srcset=\"https:\/\/producao.lucasprogramador.com.br\/esset\/wp-content\/uploads\/2026\/01\/width_800-1-3.webp 800w, https:\/\/producao.lucasprogramador.com.br\/esset\/wp-content\/uploads\/2026\/01\/width_800-1-3-300x200.webp 300w, https:\/\/producao.lucasprogramador.com.br\/esset\/wp-content\/uploads\/2026\/01\/width_800-1-3-768x512.webp 768w\" sizes=\"(max-width: 800px) 100vw, 800px\" \/>\t\t\t\t\t\t\t\t\t\t\t\t\t\t\t<\/div>\n\t\t<div class=\"elementor-element elementor-element-40c5843 e-con-full e-flex e-con e-child\" data-id=\"40c5843\" data-element_type=\"container\">\n\t\t\t\t<div class=\"elementor-element elementor-element-c09b08e elementor-widget__width-inherit elementor-widget elementor-widget-heading\" data-id=\"c09b08e\" data-element_type=\"widget\" data-widget_type=\"heading.default\">\n\t\t\t\t\t<h4 class=\"elementor-heading-title elementor-size-default\"><b>Programas estruturados \n<\/b>em conformidade com a NR-1 e a realidade operacional da empresa<\/h4>\t\t\t\t<\/div>\n\t\t\t\t<\/div>\n\t\t\t\t<\/a>\n\t\t<a class=\"elementor-element elementor-element-dc8332b e-con-full vamtam-icon-hover-parent animated-fast e-flex elementor-invisible e-con e-child\" data-id=\"dc8332b\" data-element_type=\"container\" data-settings=\"{&quot;background_background&quot;:&quot;classic&quot;,&quot;animation&quot;:&quot;slideInUp&quot;}\">\n\t\t<div class=\"elementor-element elementor-element-01f7663 e-con-full e-flex e-con e-child\" data-id=\"01f7663\" data-element_type=\"container\">\n\t\t\t\t<div class=\"elementor-element elementor-element-b34434d elementor-widget__width-inherit elementor-widget elementor-widget-image\" data-id=\"b34434d\" data-element_type=\"widget\" data-widget_type=\"image.default\">\n\t\t\t\t\t\t\t\t\t\t\t\t\t\t\t<img decoding=\"async\" width=\"800\" height=\"533\" src=\"https:\/\/producao.lucasprogramador.com.br\/esset\/wp-content\/uploads\/2026\/01\/width_800-2-3.webp\" class=\"attachment-full size-full wp-image-989147\" alt=\"\" srcset=\"https:\/\/producao.lucasprogramador.com.br\/esset\/wp-content\/uploads\/2026\/01\/width_800-2-3.webp 800w, https:\/\/producao.lucasprogramador.com.br\/esset\/wp-content\/uploads\/2026\/01\/width_800-2-3-300x200.webp 300w, https:\/\/producao.lucasprogramador.com.br\/esset\/wp-content\/uploads\/2026\/01\/width_800-2-3-768x512.webp 768w\" sizes=\"(max-width: 800px) 100vw, 800px\" \/>\t\t\t\t\t\t\t\t\t\t\t\t\t\t\t<\/div>\n\t\t\t\t<div class=\"elementor-element elementor-element-335f350 elementor-widget__width-inherit elementor-widget elementor-widget-heading\" data-id=\"335f350\" data-element_type=\"widget\" data-widget_type=\"heading.default\">\n\t\t\t\t\t<h4 class=\"elementor-heading-title elementor-size-default\"><b>Abordagem preventiva<\/b> focada em fatores psicossociais e clima organizacional<\/h4>\t\t\t\t<\/div>\n\t\t\t\t<\/div>\n\t\t\t\t<\/a>\n\t\t<a class=\"elementor-element elementor-element-dc02e0b e-con-full vamtam-icon-hover-parent animated-fast e-flex elementor-invisible e-con e-child\" data-id=\"dc02e0b\" data-element_type=\"container\" data-settings=\"{&quot;background_background&quot;:&quot;classic&quot;,&quot;animation&quot;:&quot;slideInUp&quot;}\">\n\t\t<div class=\"elementor-element elementor-element-4976294 e-con-full e-flex e-con e-child\" data-id=\"4976294\" data-element_type=\"container\">\n\t\t\t\t<div class=\"elementor-element elementor-element-24cb3b6 elementor-widget__width-inherit elementor-widget elementor-widget-image\" data-id=\"24cb3b6\" data-element_type=\"widget\" data-widget_type=\"image.default\">\n\t\t\t\t\t\t\t\t\t\t\t\t\t\t\t<img loading=\"lazy\" decoding=\"async\" width=\"800\" height=\"533\" src=\"https:\/\/producao.lucasprogramador.com.br\/esset\/wp-content\/uploads\/2026\/01\/width_800-3-2.webp\" class=\"attachment-full size-full wp-image-989148\" alt=\"\" srcset=\"https:\/\/producao.lucasprogramador.com.br\/esset\/wp-content\/uploads\/2026\/01\/width_800-3-2.webp 800w, https:\/\/producao.lucasprogramador.com.br\/esset\/wp-content\/uploads\/2026\/01\/width_800-3-2-300x200.webp 300w, https:\/\/producao.lucasprogramador.com.br\/esset\/wp-content\/uploads\/2026\/01\/width_800-3-2-768x512.webp 768w\" sizes=\"(max-width: 800px) 100vw, 800px\" \/>\t\t\t\t\t\t\t\t\t\t\t\t\t\t\t<\/div>\n\t\t\t\t<div class=\"elementor-element elementor-element-1e614ee elementor-widget__width-inherit elementor-widget elementor-widget-heading\" data-id=\"1e614ee\" data-element_type=\"widget\" data-widget_type=\"heading.default\">\n\t\t\t\t\t<h4 class=\"elementor-heading-title elementor-size-default\"><b>Atendimento humanizado<\/b> \ncom profissionais especializados em sa\u00fade mental corporativa<\/h4>\t\t\t\t<\/div>\n\t\t\t\t<\/div>\n\t\t\t\t<\/a>\n\t\t\t\t<\/div>\n\t\t\t\t\t<\/div>\n\t\t\t\t<\/div>\n\t\t\t\t<\/div>\n\t\t","protected":false},"excerpt":{"rendered":"<p>Sa\u00fade Mental e NR-1 Identifica\u00e7\u00e3o de fatores psicossociais e promo\u00e7\u00e3o de a\u00e7\u00f5es preventivas. Sa\u00fade Mental e NR-1 Cuidar da sa\u00fade&#8230;<\/p>\n","protected":false},"author":1,"featured_media":0,"parent":0,"menu_order":0,"comment_status":"closed","ping_status":"closed","template":"elementor_header_footer","meta":{"footnotes":""},"class_list":["post-989069","page","type-page","status-publish","hentry"],"_links":{"self":[{"href":"https:\/\/producao.lucasprogramador.com.br\/esset\/wp-json\/wp\/v2\/pages\/989069","targetHints":{"allow":["GET"]}}],"collection":[{"href":"https:\/\/producao.lucasprogramador.com.br\/esset\/wp-json\/wp\/v2\/pages"}],"about":[{"href":"https:\/\/producao.lucasprogramador.com.br\/esset\/wp-json\/wp\/v2\/types\/page"}],"author":[{"embeddable":true,"href":"https:\/\/producao.lucasprogramador.com.br\/esset\/wp-json\/wp\/v2\/users\/1"}],"replies":[{"embeddable":true,"href":"https:\/\/producao.lucasprogramador.com.br\/esset\/wp-json\/wp\/v2\/comments?post=989069"}],"version-history":[{"count":22,"href":"https:\/\/producao.lucasprogramador.com.br\/esset\/wp-json\/wp\/v2\/pages\/989069\/revisions"}],"predecessor-version":[{"id":989159,"href":"https:\/\/producao.lucasprogramador.com.br\/esset\/wp-json\/wp\/v2\/pages\/989069\/revisions\/989159"}],"wp:attachment":[{"href":"https:\/\/producao.lucasprogramador.com.br\/esset\/wp-json\/wp\/v2\/media?parent=989069"}],"curies":[{"name":"wp","href":"https:\/\/api.w.org\/{rel}","templated":true}]}}