{"id":989060,"date":"2026-01-18T17:36:47","date_gmt":"2026-01-18T20:36:47","guid":{"rendered":"https:\/\/producao.lucasprogramador.com.br\/esset\/?page_id=989060"},"modified":"2026-01-23T14:20:16","modified_gmt":"2026-01-23T17:20:16","slug":"servicos-gestao-de-ambulatorios-e-terceirizacao-de-mao-de-obra","status":"publish","type":"page","link":"https:\/\/producao.lucasprogramador.com.br\/esset\/servicos-gestao-de-ambulatorios-e-terceirizacao-de-mao-de-obra\/","title":{"rendered":"Servi\u00e7os: Gest\u00e3o de Ambulat\u00f3rios e Terceiriza\u00e7\u00e3o de M\u00e3o de Obra"},"content":{"rendered":"\t\t<div data-elementor-type=\"wp-page\" data-elementor-id=\"989060\" class=\"elementor elementor-989060\" data-elementor-post-type=\"page\">\n\t\t\t\t<div class=\"elementor-element elementor-element-c99509e e-con-full e-flex e-con e-parent\" data-id=\"c99509e\" data-element_type=\"container\" data-settings=\"{&quot;background_background&quot;:&quot;classic&quot;}\">\n\t\t<div class=\"elementor-element elementor-element-405c35b e-con-full e-flex e-con e-child\" data-id=\"405c35b\" data-element_type=\"container\">\n\t\t\t\t<div class=\"elementor-element elementor-element-2f5c5f4 elementor-widget elementor-widget-image\" data-id=\"2f5c5f4\" data-element_type=\"widget\" data-widget_type=\"image.default\">\n\t\t\t\t\t\t\t\t\t\t\t\t\t\t\t<img fetchpriority=\"high\" decoding=\"async\" width=\"533\" height=\"800\" src=\"https:\/\/producao.lucasprogramador.com.br\/esset\/wp-content\/uploads\/2026\/01\/width_533-1-1.webp\" class=\"attachment-full size-full wp-image-989124\" alt=\"\" srcset=\"https:\/\/producao.lucasprogramador.com.br\/esset\/wp-content\/uploads\/2026\/01\/width_533-1-1.webp 533w, https:\/\/producao.lucasprogramador.com.br\/esset\/wp-content\/uploads\/2026\/01\/width_533-1-1-200x300.webp 200w\" sizes=\"(max-width: 533px) 100vw, 533px\" \/>\t\t\t\t\t\t\t\t\t\t\t\t\t\t\t<\/div>\n\t\t\t\t<\/div>\n\t\t<div class=\"elementor-element elementor-element-5b36766 e-con-full e-flex e-con e-child\" data-id=\"5b36766\" data-element_type=\"container\">\n\t\t\t\t<div class=\"elementor-element elementor-element-3c2c109 elementor-widget elementor-widget-heading\" data-id=\"3c2c109\" data-element_type=\"widget\" data-widget_type=\"heading.default\">\n\t\t\t\t\t<h2 class=\"elementor-heading-title elementor-size-default\">Gest\u00e3o de Ambulat\u00f3rios\ne Terceiriza\u00e7\u00e3o de \nM\u00e3o de Obra<\/h2>\t\t\t\t<\/div>\n\t\t\t\t<\/div>\n\t\t\t\t<\/div>\n\t\t<div class=\"elementor-element elementor-element-7493bb3 e-flex e-con-boxed e-con e-parent\" data-id=\"7493bb3\" data-element_type=\"container\">\n\t\t\t\t\t<div class=\"e-con-inner\">\n\t\t<div class=\"elementor-element elementor-element-c1497dc e-con-full e-flex e-con e-child\" data-id=\"c1497dc\" data-element_type=\"container\">\n\t\t<div class=\"elementor-element elementor-element-b6133c0 e-con-full e-flex e-con e-child\" data-id=\"b6133c0\" data-element_type=\"container\">\n\t\t<div class=\"elementor-element elementor-element-3a286e9 e-con-full e-flex e-con e-child\" data-id=\"3a286e9\" data-element_type=\"container\" data-settings=\"{&quot;background_background&quot;:&quot;classic&quot;}\">\n\t\t\t\t<div class=\"elementor-element elementor-element-9748ce3 elementor-widget__width-inherit animated-fast elementor-invisible elementor-widget elementor-widget-heading\" data-id=\"9748ce3\" data-element_type=\"widget\" data-settings=\"{&quot;_animation&quot;:&quot;slideInUp&quot;,&quot;_animation_delay&quot;:50}\" data-widget_type=\"heading.default\">\n\t\t\t\t\t<h3 class=\"elementor-heading-title elementor-size-default\">Gest\u00e3o de Afastados\n e Absente\u00edsmo<\/h3>\t\t\t\t<\/div>\n\t\t\t\t<\/div>\n\t\t<div class=\"elementor-element elementor-element-56072ff e-con-full e-flex e-con e-child\" data-id=\"56072ff\" data-element_type=\"container\">\n\t\t\t\t<div class=\"elementor-element elementor-element-71c3bb6 elementor-widget__width-inherit animated-fast elementor-invisible elementor-widget elementor-widget-text-editor\" data-id=\"71c3bb6\" data-element_type=\"widget\" data-settings=\"{&quot;_animation&quot;:&quot;fadeIn&quot;,&quot;_animation_delay&quot;:100}\" data-widget_type=\"text-editor.default\">\n\t\t\t\t\t\t\t\t\t<p class=\"cvGsUA direction-ltr align-start para-style-body\"><span class=\"a_GcMg font-feature-liga-off font-feature-clig-off font-feature-calt-off text-decoration-none text-strikethrough-none\">Oferecemos modelos flex\u00edveis de gest\u00e3o e opera\u00e7\u00e3o de ambulat\u00f3rios corporativos, adequados \u00e0s necessidades de cada empresa.<\/span><\/p><p class=\"cvGsUA direction-ltr align-start para-style-body\"><span class=\"a_GcMg font-feature-liga-off font-feature-clig-off font-feature-calt-off text-decoration-none text-strikethrough-none\">Disponibilizamos profissionais de sa\u00fade e seguran\u00e7a qualificados para atendimentos ocupacionais, eletivos e de urg\u00eancia e emerg\u00eancia, garantindo qualidade assistencial e efici\u00eancia operacional.<\/span><\/p><p class=\"cvGsUA direction-ltr align-start para-style-body\"><span class=\"a_GcMg font-feature-liga-off font-feature-clig-off font-feature-calt-off text-decoration-none text-strikethrough-none\">Tamb\u00e9m realizamos gest\u00e3o completa da terceiriza\u00e7\u00e3o de m\u00e3o de obra, com foco em performance, conformidade legal e redu\u00e7\u00e3o de custos.<\/span><\/p>\t\t\t\t\t\t\t\t<\/div>\n\t\t\t\t<\/div>\n\t\t\t\t<\/div>\n\t\t<div class=\"elementor-element elementor-element-f7bec9a e-con-full e-flex e-con e-child\" data-id=\"f7bec9a\" data-element_type=\"container\" data-settings=\"{&quot;background_background&quot;:&quot;classic&quot;}\">\n\t\t\t\t<\/div>\n\t\t\t\t<\/div>\n\t\t\t\t\t<\/div>\n\t\t\t\t<\/div>\n\t\t<div class=\"elementor-element elementor-element-1b54143 e-flex e-con-boxed e-con e-parent\" data-id=\"1b54143\" data-element_type=\"container\" data-settings=\"{&quot;background_background&quot;:&quot;classic&quot;}\">\n\t\t\t\t\t<div class=\"e-con-inner\">\n\t\t<div class=\"elementor-element elementor-element-aedfeb7 e-con-full e-flex e-con e-child\" data-id=\"aedfeb7\" data-element_type=\"container\" data-settings=\"{&quot;background_background&quot;:&quot;classic&quot;}\">\n\t\t<div class=\"elementor-element elementor-element-7b5a193 e-con-full e-flex e-con e-child\" data-id=\"7b5a193\" data-element_type=\"container\">\n\t\t<div class=\"elementor-element elementor-element-dbd4941 e-con-full e-flex e-con e-child\" data-id=\"dbd4941\" data-element_type=\"container\">\n\t\t\t\t<div class=\"elementor-element elementor-element-240e8d1 elementor-widget__width-initial animated-fast elementor-invisible elementor-widget elementor-widget-heading\" data-id=\"240e8d1\" data-element_type=\"widget\" data-settings=\"{&quot;_animation&quot;:&quot;fadeIn&quot;}\" data-widget_type=\"heading.default\">\n\t\t\t\t\t<h2 class=\"elementor-heading-title elementor-size-default\">Diferenciais de Atendimento<\/h2>\t\t\t\t<\/div>\n\t\t\t\t<div class=\"elementor-element elementor-element-e35493e elementor-widget elementor-widget-spacer\" data-id=\"e35493e\" data-element_type=\"widget\" data-widget_type=\"spacer.default\">\n\t\t\t\t\t\t\t<div class=\"elementor-spacer\">\n\t\t\t<div class=\"elementor-spacer-inner\"><\/div>\n\t\t<\/div>\n\t\t\t\t\t\t<\/div>\n\t\t\t\t<\/div>\n\t\t\t\t<\/div>\n\t\t<div class=\"elementor-element elementor-element-803ba08 e-con-full e-flex e-con e-child\" data-id=\"803ba08\" data-element_type=\"container\">\n\t\t<a class=\"elementor-element elementor-element-74a0d42 e-con-full vamtam-icon-hover-parent animated-fast e-flex elementor-invisible e-con e-child\" data-id=\"74a0d42\" data-element_type=\"container\" data-settings=\"{&quot;background_background&quot;:&quot;classic&quot;,&quot;animation&quot;:&quot;slideInUp&quot;}\">\n\t\t\t\t<div class=\"elementor-element elementor-element-6f22e33 elementor-widget__width-inherit elementor-widget elementor-widget-image\" data-id=\"6f22e33\" data-element_type=\"widget\" data-widget_type=\"image.default\">\n\t\t\t\t\t\t\t\t\t\t\t\t\t\t\t<img decoding=\"async\" width=\"800\" height=\"533\" src=\"https:\/\/producao.lucasprogramador.com.br\/esset\/wp-content\/uploads\/2026\/01\/width_800-1-1.webp\" class=\"attachment-full size-full wp-image-989094\" alt=\"\" srcset=\"https:\/\/producao.lucasprogramador.com.br\/esset\/wp-content\/uploads\/2026\/01\/width_800-1-1.webp 800w, https:\/\/producao.lucasprogramador.com.br\/esset\/wp-content\/uploads\/2026\/01\/width_800-1-1-300x200.webp 300w, https:\/\/producao.lucasprogramador.com.br\/esset\/wp-content\/uploads\/2026\/01\/width_800-1-1-768x512.webp 768w\" sizes=\"(max-width: 800px) 100vw, 800px\" \/>\t\t\t\t\t\t\t\t\t\t\t\t\t\t\t<\/div>\n\t\t<div class=\"elementor-element elementor-element-81ed2d3 e-con-full e-flex e-con e-child\" data-id=\"81ed2d3\" data-element_type=\"container\">\n\t\t\t\t<div class=\"elementor-element elementor-element-06f777d elementor-widget__width-inherit elementor-widget elementor-widget-heading\" data-id=\"06f777d\" data-element_type=\"widget\" data-widget_type=\"heading.default\">\n\t\t\t\t\t<h4 class=\"elementor-heading-title elementor-size-default\"><b>Gest\u00e3o sob medida<\/b> \nadaptado \u00e0 realidade operacional de cada empresa<\/h4>\t\t\t\t<\/div>\n\t\t\t\t<\/div>\n\t\t\t\t<\/a>\n\t\t<a class=\"elementor-element elementor-element-fc8734f e-con-full vamtam-icon-hover-parent animated-fast e-flex elementor-invisible e-con e-child\" data-id=\"fc8734f\" data-element_type=\"container\" data-settings=\"{&quot;background_background&quot;:&quot;classic&quot;,&quot;animation&quot;:&quot;slideInUp&quot;}\">\n\t\t<div class=\"elementor-element elementor-element-2e35f3a e-con-full e-flex e-con e-child\" data-id=\"2e35f3a\" data-element_type=\"container\">\n\t\t\t\t<div class=\"elementor-element elementor-element-4815b33 elementor-widget__width-inherit elementor-widget elementor-widget-image\" data-id=\"4815b33\" data-element_type=\"widget\" data-widget_type=\"image.default\">\n\t\t\t\t\t\t\t\t\t\t\t\t\t\t\t<img decoding=\"async\" width=\"533\" height=\"800\" src=\"https:\/\/producao.lucasprogramador.com.br\/esset\/wp-content\/uploads\/2026\/01\/width_533-3.webp\" class=\"attachment-full size-full wp-image-989127\" alt=\"\" srcset=\"https:\/\/producao.lucasprogramador.com.br\/esset\/wp-content\/uploads\/2026\/01\/width_533-3.webp 533w, https:\/\/producao.lucasprogramador.com.br\/esset\/wp-content\/uploads\/2026\/01\/width_533-3-200x300.webp 200w\" sizes=\"(max-width: 533px) 100vw, 533px\" \/>\t\t\t\t\t\t\t\t\t\t\t\t\t\t\t<\/div>\n\t\t\t\t<div class=\"elementor-element elementor-element-3dc5f2b elementor-widget__width-inherit elementor-widget elementor-widget-heading\" data-id=\"3dc5f2b\" data-element_type=\"widget\" data-widget_type=\"heading.default\">\n\t\t\t\t\t<h4 class=\"elementor-heading-title elementor-size-default\"><b>Foco em resultados<\/b>\nredu\u00e7\u00e3o de custos, aumento de efici\u00eancia e conformidade total<\/h4>\t\t\t\t<\/div>\n\t\t\t\t<\/div>\n\t\t\t\t<\/a>\n\t\t<a class=\"elementor-element elementor-element-5d7d005 e-con-full vamtam-icon-hover-parent animated-fast e-flex elementor-invisible e-con e-child\" data-id=\"5d7d005\" data-element_type=\"container\" data-settings=\"{&quot;background_background&quot;:&quot;classic&quot;,&quot;animation&quot;:&quot;slideInUp&quot;}\">\n\t\t<div class=\"elementor-element elementor-element-88d673d e-con-full e-flex e-con e-child\" data-id=\"88d673d\" data-element_type=\"container\">\n\t\t\t\t<div class=\"elementor-element elementor-element-b09f00c elementor-widget__width-inherit elementor-widget elementor-widget-image\" data-id=\"b09f00c\" data-element_type=\"widget\" data-widget_type=\"image.default\">\n\t\t\t\t\t\t\t\t\t\t\t\t\t\t\t<img loading=\"lazy\" decoding=\"async\" width=\"800\" height=\"533\" src=\"https:\/\/producao.lucasprogramador.com.br\/esset\/wp-content\/uploads\/2026\/01\/width_800-8.webp\" class=\"attachment-full size-full wp-image-989128\" alt=\"\" srcset=\"https:\/\/producao.lucasprogramador.com.br\/esset\/wp-content\/uploads\/2026\/01\/width_800-8.webp 800w, https:\/\/producao.lucasprogramador.com.br\/esset\/wp-content\/uploads\/2026\/01\/width_800-8-300x200.webp 300w, https:\/\/producao.lucasprogramador.com.br\/esset\/wp-content\/uploads\/2026\/01\/width_800-8-768x512.webp 768w\" sizes=\"(max-width: 800px) 100vw, 800px\" \/>\t\t\t\t\t\t\t\t\t\t\t\t\t\t\t<\/div>\n\t\t\t\t<div class=\"elementor-element elementor-element-99cc634 elementor-widget__width-inherit elementor-widget elementor-widget-heading\" data-id=\"99cc634\" data-element_type=\"widget\" data-widget_type=\"heading.default\">\n\t\t\t\t\t<h4 class=\"elementor-heading-title elementor-size-default\"><b>Equipes especializadas<\/b> com capacita\u00e7\u00e3o e supervis\u00e3o t\u00e9cnica cont\u00ednuas<\/h4>\t\t\t\t<\/div>\n\t\t\t\t<\/div>\n\t\t\t\t<\/a>\n\t\t\t\t<\/div>\n\t\t\t\t<\/div>\n\t\t\t\t\t<\/div>\n\t\t\t\t<\/div>\n\t\t<div class=\"elementor-element elementor-element-2a4ff97 e-flex e-con-boxed e-con e-parent\" data-id=\"2a4ff97\" data-element_type=\"container\">\n\t\t\t\t\t<div class=\"e-con-inner\">\n\t\t<div class=\"elementor-element elementor-element-c0c6933 e-con-full e-flex e-con e-child\" data-id=\"c0c6933\" data-element_type=\"container\">\n\t\t<div class=\"elementor-element elementor-element-51314b7 e-con-full e-flex e-con e-child\" data-id=\"51314b7\" data-element_type=\"container\" data-settings=\"{&quot;background_background&quot;:&quot;classic&quot;}\">\n\t\t\t\t<\/div>\n\t\t<div class=\"elementor-element elementor-element-3b849f5 e-con-full e-flex e-con e-child\" data-id=\"3b849f5\" data-element_type=\"container\">\n\t\t<div class=\"elementor-element elementor-element-0fd234c e-con-full e-flex e-con e-child\" data-id=\"0fd234c\" data-element_type=\"container\">\n\t\t\t\t<div class=\"elementor-element elementor-element-564240c elementor-widget__width-inherit animated-fast elementor-invisible elementor-widget elementor-widget-heading\" data-id=\"564240c\" data-element_type=\"widget\" data-settings=\"{&quot;_animation&quot;:&quot;slideInUp&quot;,&quot;_animation_delay&quot;:50}\" data-widget_type=\"heading.default\">\n\t\t\t\t\t<h3 class=\"elementor-heading-title elementor-size-default\">Nossas Entregas<\/h3>\t\t\t\t<\/div>\n\t\t\t\t<div class=\"elementor-element elementor-element-30dbc0d elementor-widget__width-inherit animated-fast elementor-invisible elementor-widget elementor-widget-text-editor\" data-id=\"30dbc0d\" data-element_type=\"widget\" data-settings=\"{&quot;_animation&quot;:&quot;fadeIn&quot;,&quot;_animation_delay&quot;:100}\" data-widget_type=\"text-editor.default\">\n\t\t\t\t\t\t\t\t\t<ul><li><span class=\"a_GcMg font-feature-liga-off font-feature-clig-off font-feature-calt-off text-decoration-none text-strikethrough-none\">Implanta\u00e7\u00e3o e gest\u00e3o completa de ambulat\u00f3rios corporativos.<\/span><\/li><li><span class=\"a_GcMg font-feature-liga-off font-feature-clig-off font-feature-calt-off text-decoration-none text-strikethrough-none\">Dimensionamento e aloca\u00e7\u00e3o de equipes conforme a demanda da empresa.<\/span><\/li><li><span class=\"a_GcMg font-feature-liga-off font-feature-clig-off font-feature-calt-off text-decoration-none text-strikethrough-none\">Atendimento ocupacional, eletivo, urg\u00eancia e emerg\u00eancia in company.<\/span><\/li><li><span class=\"a_GcMg font-feature-liga-off font-feature-clig-off font-feature-calt-off text-decoration-none text-strikethrough-none\">Padroniza\u00e7\u00e3o de processos, fluxos e protocolos assistenciais.<\/span><\/li><li><span class=\"a_GcMg font-feature-liga-off font-feature-clig-off font-feature-calt-off text-decoration-none text-strikethrough-none\">Gest\u00e3o integral da terceiriza\u00e7\u00e3o de m\u00e3o de obra<\/span><\/li><li><span class=\"a_GcMg font-feature-liga-off font-feature-clig-off font-feature-calt-off text-decoration-none text-strikethrough-none\">Garantia de conformidade legal, trabalhista e normativa.<\/span><\/li><li><span class=\"a_GcMg font-feature-liga-off font-feature-clig-off font-feature-calt-off text-decoration-none text-strikethrough-none\">Relat\u00f3rios gerenciais para apoio \u00e0 tomada de decis\u00e3o.<\/span><\/li><\/ul>\t\t\t\t\t\t\t\t<\/div>\n\t\t\t\t<\/div>\n\t\t\t\t<\/div>\n\t\t\t\t<\/div>\n\t\t\t\t\t<\/div>\n\t\t\t\t<\/div>\n\t\t\t\t<\/div>\n\t\t","protected":false},"excerpt":{"rendered":"<p>Gest\u00e3o de Ambulat\u00f3rios e Terceiriza\u00e7\u00e3o de M\u00e3o de Obra Gest\u00e3o de Afastados e Absente\u00edsmo Oferecemos modelos flex\u00edveis de gest\u00e3o e&#8230;<\/p>\n","protected":false},"author":1,"featured_media":0,"parent":0,"menu_order":0,"comment_status":"closed","ping_status":"closed","template":"elementor_header_footer","meta":{"footnotes":""},"class_list":["post-989060","page","type-page","status-publish","hentry"],"_links":{"self":[{"href":"https:\/\/producao.lucasprogramador.com.br\/esset\/wp-json\/wp\/v2\/pages\/989060","targetHints":{"allow":["GET"]}}],"collection":[{"href":"https:\/\/producao.lucasprogramador.com.br\/esset\/wp-json\/wp\/v2\/pages"}],"about":[{"href":"https:\/\/producao.lucasprogramador.com.br\/esset\/wp-json\/wp\/v2\/types\/page"}],"author":[{"embeddable":true,"href":"https:\/\/producao.lucasprogramador.com.br\/esset\/wp-json\/wp\/v2\/users\/1"}],"replies":[{"embeddable":true,"href":"https:\/\/producao.lucasprogramador.com.br\/esset\/wp-json\/wp\/v2\/comments?post=989060"}],"version-history":[{"count":10,"href":"https:\/\/producao.lucasprogramador.com.br\/esset\/wp-json\/wp\/v2\/pages\/989060\/revisions"}],"predecessor-version":[{"id":989132,"href":"https:\/\/producao.lucasprogramador.com.br\/esset\/wp-json\/wp\/v2\/pages\/989060\/revisions\/989132"}],"wp:attachment":[{"href":"https:\/\/producao.lucasprogramador.com.br\/esset\/wp-json\/wp\/v2\/media?parent=989060"}],"curies":[{"name":"wp","href":"https:\/\/api.w.org\/{rel}","templated":true}]}}