{"id":989015,"date":"2026-01-09T15:19:50","date_gmt":"2026-01-09T18:19:50","guid":{"rendered":"https:\/\/producao.lucasprogramador.com.br\/esset\/?page_id=989015"},"modified":"2026-01-23T13:00:58","modified_gmt":"2026-01-23T16:00:58","slug":"unidades-moveis-de-atendimento","status":"publish","type":"page","link":"https:\/\/producao.lucasprogramador.com.br\/esset\/unidades-moveis-de-atendimento\/","title":{"rendered":"Servi\u00e7os: Unidades M\u00f3veis de Atendimento"},"content":{"rendered":"\t\t<div data-elementor-type=\"wp-page\" data-elementor-id=\"989015\" class=\"elementor elementor-989015\" data-elementor-post-type=\"page\">\n\t\t\t\t<div class=\"elementor-element elementor-element-4e06a1b e-con-full e-flex e-con e-parent\" data-id=\"4e06a1b\" data-element_type=\"container\" data-settings=\"{&quot;background_background&quot;:&quot;classic&quot;}\">\n\t\t<div class=\"elementor-element elementor-element-7d54d99 e-con-full e-flex e-con e-child\" data-id=\"7d54d99\" data-element_type=\"container\">\n\t\t\t\t<div class=\"elementor-element elementor-element-03c01f8 elementor-widget elementor-widget-image\" data-id=\"03c01f8\" data-element_type=\"widget\" data-widget_type=\"image.default\">\n\t\t\t\t\t\t\t\t\t\t\t\t\t\t\t<img fetchpriority=\"high\" decoding=\"async\" width=\"564\" height=\"363\" src=\"https:\/\/producao.lucasprogramador.com.br\/esset\/wp-content\/uploads\/2026\/01\/width_800-2-e1769182590432.webp\" class=\"attachment-full size-full wp-image-989092\" alt=\"\" srcset=\"https:\/\/producao.lucasprogramador.com.br\/esset\/wp-content\/uploads\/2026\/01\/width_800-2-e1769182590432.webp 564w, https:\/\/producao.lucasprogramador.com.br\/esset\/wp-content\/uploads\/2026\/01\/width_800-2-e1769182590432-300x193.webp 300w\" sizes=\"(max-width: 564px) 100vw, 564px\" \/>\t\t\t\t\t\t\t\t\t\t\t\t\t\t\t<\/div>\n\t\t\t\t<\/div>\n\t\t<div class=\"elementor-element elementor-element-4f6e3d9 e-con-full e-flex e-con e-child\" data-id=\"4f6e3d9\" data-element_type=\"container\">\n\t\t\t\t<div class=\"elementor-element elementor-element-5c75dca elementor-widget elementor-widget-heading\" data-id=\"5c75dca\" data-element_type=\"widget\" data-widget_type=\"heading.default\">\n\t\t\t\t\t<h2 class=\"elementor-heading-title elementor-size-default\">Unidades M\u00f3veis \n\nde Atendimento<\/h2>\t\t\t\t<\/div>\n\t\t\t\t<div class=\"elementor-element elementor-element-bd25725 elementor-widget elementor-widget-heading\" data-id=\"bd25725\" data-element_type=\"widget\" data-widget_type=\"heading.default\">\n\t\t\t\t\t<h2 class=\"elementor-heading-title elementor-size-default\">Gest\u00e3o e seguran\u00e7a do trabalho onde\n\n seus colaboradores estiverem<\/h2>\t\t\t\t<\/div>\n\t\t\t\t<\/div>\n\t\t\t\t<\/div>\n\t\t<div class=\"elementor-element elementor-element-f29999f e-flex e-con-boxed e-con e-parent\" data-id=\"f29999f\" data-element_type=\"container\">\n\t\t\t\t\t<div class=\"e-con-inner\">\n\t\t<div class=\"elementor-element elementor-element-1d1fa99 e-con-full e-flex e-con e-child\" data-id=\"1d1fa99\" data-element_type=\"container\">\n\t\t<div class=\"elementor-element elementor-element-9691fb0 e-con-full e-flex e-con e-child\" data-id=\"9691fb0\" data-element_type=\"container\">\n\t\t<div class=\"elementor-element elementor-element-425621b e-con-full e-flex e-con e-child\" data-id=\"425621b\" data-element_type=\"container\" data-settings=\"{&quot;background_background&quot;:&quot;classic&quot;}\">\n\t\t\t\t<div class=\"elementor-element elementor-element-f7610a4 elementor-widget__width-inherit animated-fast elementor-invisible elementor-widget elementor-widget-heading\" data-id=\"f7610a4\" data-element_type=\"widget\" data-settings=\"{&quot;_animation&quot;:&quot;slideInUp&quot;,&quot;_animation_delay&quot;:50}\" data-widget_type=\"heading.default\">\n\t\t\t\t\t<h3 class=\"elementor-heading-title elementor-size-default\">Unidade M\u00f3veis \n\nde Atendimento<\/h3>\t\t\t\t<\/div>\n\t\t\t\t<\/div>\n\t\t<div class=\"elementor-element elementor-element-346c690 e-con-full e-flex e-con e-child\" data-id=\"346c690\" data-element_type=\"container\">\n\t\t\t\t<div class=\"elementor-element elementor-element-92f3dea elementor-widget__width-inherit animated-fast elementor-invisible elementor-widget elementor-widget-text-editor\" data-id=\"92f3dea\" data-element_type=\"widget\" data-settings=\"{&quot;_animation&quot;:&quot;fadeIn&quot;,&quot;_animation_delay&quot;:100}\" data-widget_type=\"text-editor.default\">\n\t\t\t\t\t\t\t\t\t<p class=\"_28USrA GEC0sA XN6uKA _4N4NA\"><span class=\"a_GcMg\">As unidades m\u00f3veis da Esset s\u00e3o totalmente equipadas <\/span><span class=\"a_GcMg\">e digitais, garantindo atendimentos de excel\u00eancia em qualquer localidade, sem burocracia e com m\u00e1xima efici\u00eancia.<\/span><\/p><p class=\"_28USrA GEC0sA XN6uKA\"><span class=\"a_GcMg\">Com a Esset, a sa\u00fade do trabalhador n\u00e3o depende de dist\u00e2ncia ou localiza\u00e7\u00e3o n\u00f3s vamos at\u00e9 ele, resolvendo todas as necessidades de nosso cliente.<\/span><\/p><div class=\"_28USrA GEC0sA XN6uKA\">\u00a0<\/div>\t\t\t\t\t\t\t\t<\/div>\n\t\t\t\t<\/div>\n\t\t\t\t<\/div>\n\t\t<div class=\"elementor-element elementor-element-0a81c06 e-con-full e-flex e-con e-child\" data-id=\"0a81c06\" data-element_type=\"container\" data-settings=\"{&quot;background_background&quot;:&quot;classic&quot;}\">\n\t\t\t\t<\/div>\n\t\t\t\t<\/div>\n\t\t\t\t\t<\/div>\n\t\t\t\t<\/div>\n\t\t<div class=\"elementor-element elementor-element-9bf8bb2 e-con-full e-flex e-con e-parent\" data-id=\"9bf8bb2\" data-element_type=\"container\">\n\t\t<div class=\"elementor-element elementor-element-4ea5e93 e-flex e-con-boxed e-con e-child\" data-id=\"4ea5e93\" data-element_type=\"container\" data-settings=\"{&quot;background_background&quot;:&quot;classic&quot;}\">\n\t\t\t\t\t<div class=\"e-con-inner\">\n\t\t<div class=\"elementor-element elementor-element-b0889ec e-con-full e-flex e-con e-child\" data-id=\"b0889ec\" data-element_type=\"container\">\n\t\t<div class=\"elementor-element elementor-element-af5f52a e-con-full e-flex e-con e-child\" data-id=\"af5f52a\" data-element_type=\"container\">\n\t\t\t\t<div class=\"elementor-element elementor-element-978c17e elementor-widget__width-initial animated-fast elementor-invisible elementor-widget elementor-widget-heading\" data-id=\"978c17e\" data-element_type=\"widget\" data-settings=\"{&quot;_animation&quot;:&quot;fadeIn&quot;}\" data-widget_type=\"heading.default\">\n\t\t\t\t\t<h2 class=\"elementor-heading-title elementor-size-default\">Diferenciais das unidades m\u00f3veis\n<\/h2>\t\t\t\t<\/div>\n\t\t\t\t<div class=\"elementor-element elementor-element-ed685bc elementor-widget elementor-widget-spacer\" data-id=\"ed685bc\" data-element_type=\"widget\" data-widget_type=\"spacer.default\">\n\t\t\t\t\t\t\t<div class=\"elementor-spacer\">\n\t\t\t<div class=\"elementor-spacer-inner\"><\/div>\n\t\t<\/div>\n\t\t\t\t\t\t<\/div>\n\t\t\t\t<\/div>\n\t\t\t\t<\/div>\n\t\t<div class=\"elementor-element elementor-element-62c7809 e-con-full e-flex e-con e-child\" data-id=\"62c7809\" data-element_type=\"container\">\n\t\t<a class=\"elementor-element elementor-element-0614e1b e-con-full vamtam-icon-hover-parent animated-fast e-flex elementor-invisible e-con e-child\" data-id=\"0614e1b\" data-element_type=\"container\" data-settings=\"{&quot;background_background&quot;:&quot;classic&quot;,&quot;animation&quot;:&quot;slideInUp&quot;}\">\n\t\t\t\t<div class=\"elementor-element elementor-element-d988517 elementor-widget elementor-widget-image\" data-id=\"d988517\" data-element_type=\"widget\" data-widget_type=\"image.default\">\n\t\t\t\t\t\t\t\t\t\t\t\t\t\t\t<img decoding=\"async\" width=\"800\" height=\"533\" src=\"https:\/\/producao.lucasprogramador.com.br\/esset\/wp-content\/uploads\/2026\/01\/width_800-2-1.webp\" class=\"attachment-full size-full wp-image-989099\" alt=\"\" srcset=\"https:\/\/producao.lucasprogramador.com.br\/esset\/wp-content\/uploads\/2026\/01\/width_800-2-1.webp 800w, https:\/\/producao.lucasprogramador.com.br\/esset\/wp-content\/uploads\/2026\/01\/width_800-2-1-300x200.webp 300w, https:\/\/producao.lucasprogramador.com.br\/esset\/wp-content\/uploads\/2026\/01\/width_800-2-1-768x512.webp 768w\" sizes=\"(max-width: 800px) 100vw, 800px\" \/>\t\t\t\t\t\t\t\t\t\t\t\t\t\t\t<\/div>\n\t\t<div class=\"elementor-element elementor-element-e18d927 e-con-full e-flex e-con e-child\" data-id=\"e18d927\" data-element_type=\"container\">\n\t\t\t\t<div class=\"elementor-element elementor-element-b8356d0 elementor-widget__width-inherit elementor-widget elementor-widget-heading\" data-id=\"b8356d0\" data-element_type=\"widget\" data-widget_type=\"heading.default\">\n\t\t\t\t\t<h4 class=\"elementor-heading-title elementor-size-default\"><b>100% digital: <\/b>sem pap\u00e9is, com prontu\u00e1rio eletr\u00f4nico integrado\n<\/h4>\t\t\t\t<\/div>\n\t\t\t\t<\/div>\n\t\t\t\t<\/a>\n\t\t<a class=\"elementor-element elementor-element-35de547 e-con-full vamtam-icon-hover-parent animated-fast e-flex elementor-invisible e-con e-child\" data-id=\"35de547\" data-element_type=\"container\" data-settings=\"{&quot;background_background&quot;:&quot;classic&quot;,&quot;animation&quot;:&quot;slideInUp&quot;}\">\n\t\t<div class=\"elementor-element elementor-element-af499f6 e-con-full e-flex e-con e-child\" data-id=\"af499f6\" data-element_type=\"container\">\n\t\t\t\t<div class=\"elementor-element elementor-element-bb19375 elementor-widget elementor-widget-image\" data-id=\"bb19375\" data-element_type=\"widget\" data-widget_type=\"image.default\">\n\t\t\t\t\t\t\t\t\t\t\t\t\t\t\t<img decoding=\"async\" width=\"800\" height=\"533\" src=\"https:\/\/producao.lucasprogramador.com.br\/esset\/wp-content\/uploads\/2026\/01\/width_800-1-1.webp\" class=\"attachment-full size-full wp-image-989094\" alt=\"\" srcset=\"https:\/\/producao.lucasprogramador.com.br\/esset\/wp-content\/uploads\/2026\/01\/width_800-1-1.webp 800w, https:\/\/producao.lucasprogramador.com.br\/esset\/wp-content\/uploads\/2026\/01\/width_800-1-1-300x200.webp 300w, https:\/\/producao.lucasprogramador.com.br\/esset\/wp-content\/uploads\/2026\/01\/width_800-1-1-768x512.webp 768w\" sizes=\"(max-width: 800px) 100vw, 800px\" \/>\t\t\t\t\t\t\t\t\t\t\t\t\t\t\t<\/div>\n\t\t\t\t<div class=\"elementor-element elementor-element-dc70feb elementor-widget__width-inherit elementor-widget elementor-widget-heading\" data-id=\"dc70feb\" data-element_type=\"widget\" data-widget_type=\"heading.default\">\n\t\t\t\t\t<h4 class=\"elementor-heading-title elementor-size-default\"><b>Atendimento completo: <\/b>todos os exames ocupacionais, incluindo Raio X e exames complementares\n<\/h4>\t\t\t\t<\/div>\n\t\t\t\t<\/div>\n\t\t\t\t<\/a>\n\t\t<a class=\"elementor-element elementor-element-12cae14 e-con-full vamtam-icon-hover-parent animated-fast e-flex elementor-invisible e-con e-child\" data-id=\"12cae14\" data-element_type=\"container\" data-settings=\"{&quot;background_background&quot;:&quot;classic&quot;,&quot;animation&quot;:&quot;slideInUp&quot;}\">\n\t\t<div class=\"elementor-element elementor-element-f30c3c3 e-con-full e-flex e-con e-child\" data-id=\"f30c3c3\" data-element_type=\"container\">\n\t\t\t\t<div class=\"elementor-element elementor-element-1f557c1 elementor-widget elementor-widget-image\" data-id=\"1f557c1\" data-element_type=\"widget\" data-widget_type=\"image.default\">\n\t\t\t\t\t\t\t\t\t\t\t\t\t\t\t<img loading=\"lazy\" decoding=\"async\" width=\"798\" height=\"450\" src=\"https:\/\/producao.lucasprogramador.com.br\/esset\/wp-content\/uploads\/2026\/01\/width_800-3.webp\" class=\"attachment-full size-full wp-image-989100\" alt=\"\" srcset=\"https:\/\/producao.lucasprogramador.com.br\/esset\/wp-content\/uploads\/2026\/01\/width_800-3.webp 798w, https:\/\/producao.lucasprogramador.com.br\/esset\/wp-content\/uploads\/2026\/01\/width_800-3-300x169.webp 300w, https:\/\/producao.lucasprogramador.com.br\/esset\/wp-content\/uploads\/2026\/01\/width_800-3-768x433.webp 768w\" sizes=\"(max-width: 798px) 100vw, 798px\" \/>\t\t\t\t\t\t\t\t\t\t\t\t\t\t\t<\/div>\n\t\t\t\t<div class=\"elementor-element elementor-element-d14695b elementor-widget__width-inherit elementor-widget elementor-widget-heading\" data-id=\"d14695b\" data-element_type=\"widget\" data-widget_type=\"heading.default\">\n\t\t\t\t\t<h4 class=\"elementor-heading-title elementor-size-default\"><b>Flexibilidade:<\/b> estrutura\npreparada para atuar\ninclusive em \u00e1reas de\ndif\u00edcil acesso<\/h4>\t\t\t\t<\/div>\n\t\t\t\t<\/div>\n\t\t\t\t<\/a>\n\t\t<a class=\"elementor-element elementor-element-0c79bb5 e-con-full vamtam-icon-hover-parent animated-fast e-flex elementor-invisible e-con e-child\" data-id=\"0c79bb5\" data-element_type=\"container\" data-settings=\"{&quot;background_background&quot;:&quot;classic&quot;,&quot;animation&quot;:&quot;slideInUp&quot;}\">\n\t\t<div class=\"elementor-element elementor-element-b59507d e-con-full e-flex e-con e-child\" data-id=\"b59507d\" data-element_type=\"container\">\n\t\t\t\t<div class=\"elementor-element elementor-element-a167f3b elementor-widget elementor-widget-image\" data-id=\"a167f3b\" data-element_type=\"widget\" data-widget_type=\"image.default\">\n\t\t\t\t\t\t\t\t\t\t\t\t\t\t\t<img loading=\"lazy\" decoding=\"async\" width=\"800\" height=\"533\" src=\"https:\/\/producao.lucasprogramador.com.br\/esset\/wp-content\/uploads\/2026\/01\/width_800-4.webp\" class=\"attachment-full size-full wp-image-989101\" alt=\"\" srcset=\"https:\/\/producao.lucasprogramador.com.br\/esset\/wp-content\/uploads\/2026\/01\/width_800-4.webp 800w, https:\/\/producao.lucasprogramador.com.br\/esset\/wp-content\/uploads\/2026\/01\/width_800-4-300x200.webp 300w, https:\/\/producao.lucasprogramador.com.br\/esset\/wp-content\/uploads\/2026\/01\/width_800-4-768x512.webp 768w\" sizes=\"(max-width: 800px) 100vw, 800px\" \/>\t\t\t\t\t\t\t\t\t\t\t\t\t\t\t<\/div>\n\t\t\t\t<div class=\"elementor-element elementor-element-1e05abf elementor-widget__width-inherit elementor-widget elementor-widget-heading\" data-id=\"1e05abf\" data-element_type=\"widget\" data-widget_type=\"heading.default\">\n\t\t\t\t\t<h4 class=\"elementor-heading-title elementor-size-default\"><b>Servi\u00e7o humanizado:<\/b>\nnossos profissionais\noferecem atendimento\nseguro, \u00e1gil e acolhedor<\/h4>\t\t\t\t<\/div>\n\t\t\t\t<\/div>\n\t\t\t\t<\/a>\n\t\t\t\t<\/div>\n\t\t\t\t<div class=\"elementor-element elementor-element-8e35145 elementor-widget__width-initial animated-fast elementor-invisible elementor-widget elementor-widget-text-editor\" data-id=\"8e35145\" data-element_type=\"widget\" data-settings=\"{&quot;_animation&quot;:&quot;fadeIn&quot;,&quot;_animation_delay&quot;:100}\" data-widget_type=\"text-editor.default\">\n\t\t\t\t\t\t\t\t\t<p><span style=\"font-weight: 400;\">Com a Esset, <\/span><b>a sa\u00fade do trabalhador n\u00e3o depende de dist\u00e2ncia ou localiza\u00e7\u00e3o \u2014 n\u00f3s vamos at\u00e9 ele, resolvendo todas as necessidades do cliente<\/b><span style=\"font-weight: 400;\">.<\/span><\/p>\t\t\t\t\t\t\t\t<\/div>\n\t\t\t\t\t<\/div>\n\t\t\t\t<\/div>\n\t\t\t\t<\/div>\n\t\t<div class=\"elementor-element elementor-element-d07812d e-flex e-con-boxed e-con e-parent\" data-id=\"d07812d\" data-element_type=\"container\">\n\t\t\t\t\t<div class=\"e-con-inner\">\n\t\t<div class=\"elementor-element elementor-element-bb6fb18 e-con-full e-flex e-con e-child\" data-id=\"bb6fb18\" data-element_type=\"container\">\n\t\t<div class=\"elementor-element elementor-element-017d036 e-con-full e-flex e-con e-child\" data-id=\"017d036\" data-element_type=\"container\" data-settings=\"{&quot;background_background&quot;:&quot;classic&quot;}\">\n\t\t\t\t<\/div>\n\t\t<div class=\"elementor-element elementor-element-6e895c0 e-con-full e-flex e-con e-child\" data-id=\"6e895c0\" data-element_type=\"container\">\n\t\t<div class=\"elementor-element elementor-element-dc888a9 e-con-full e-flex e-con e-child\" data-id=\"dc888a9\" data-element_type=\"container\">\n\t\t\t\t<div class=\"elementor-element elementor-element-7a2f8ff elementor-widget__width-inherit animated-fast elementor-invisible elementor-widget elementor-widget-heading\" data-id=\"7a2f8ff\" data-element_type=\"widget\" data-settings=\"{&quot;_animation&quot;:&quot;slideInUp&quot;,&quot;_animation_delay&quot;:50}\" data-widget_type=\"heading.default\">\n\t\t\t\t\t<h3 class=\"elementor-heading-title elementor-size-default\">Nossas Entregas<\/h3>\t\t\t\t<\/div>\n\t\t\t\t<div class=\"elementor-element elementor-element-6df81b9 elementor-widget__width-inherit animated-fast elementor-invisible elementor-widget elementor-widget-text-editor\" data-id=\"6df81b9\" data-element_type=\"widget\" data-settings=\"{&quot;_animation&quot;:&quot;fadeIn&quot;,&quot;_animation_delay&quot;:100}\" data-widget_type=\"text-editor.default\">\n\t\t\t\t\t\t\t\t\t<ul class=\"JS2Zuw\"><li class=\"XN6uKA hhtymQ _28USrA GEC0sA OMps6g _4N4NA\"><p class=\"J4GZTQ\"><span class=\"a_GcMg\">Todos os exames ocupacionais<\/span><\/p><\/li><li class=\"XN6uKA hhtymQ _28USrA GEC0sA OMps6g\"><p class=\"J4GZTQ\"><span class=\"a_GcMg\">Exames de Raio X<\/span><\/p><\/li><li class=\"XN6uKA hhtymQ _28USrA GEC0sA OMps6g\"><p class=\"J4GZTQ\"><span class=\"a_GcMg\">Exames complementares para diagn\u00f3stico<\/span><\/p><\/li><li class=\"XN6uKA hhtymQ _28USrA GEC0sA OMps6g\"><p class=\"J4GZTQ\"><span class=\"a_GcMg\">Mobilidade para atender\u00a0<\/span><span class=\"a_GcMg\">em qualquer regi\u00e3o<\/span><\/p><\/li><li class=\"XN6uKA hhtymQ _28USrA GEC0sA OMps6g\"><p class=\"J4GZTQ\"><span class=\"a_GcMg\">Equipe capacitada e treinada<\/span><\/p><\/li><li class=\"XN6uKA hhtymQ _28USrA GEC0sA OMps6g\"><p class=\"J4GZTQ\"><span class=\"a_GcMg\">Prontu\u00e1rio eletr\u00f4nico integrado<\/span><\/p><\/li><\/ul>\t\t\t\t\t\t\t\t<\/div>\n\t\t\t\t<\/div>\n\t\t\t\t<\/div>\n\t\t\t\t<\/div>\n\t\t\t\t\t<\/div>\n\t\t\t\t<\/div>\n\t\t\t\t<\/div>\n\t\t","protected":false},"excerpt":{"rendered":"<p>Unidades M\u00f3veis de Atendimento Gest\u00e3o e seguran\u00e7a do trabalho onde seus colaboradores estiverem Unidade M\u00f3veis de Atendimento As unidades m\u00f3veis&#8230;<\/p>\n","protected":false},"author":1,"featured_media":0,"parent":0,"menu_order":0,"comment_status":"closed","ping_status":"closed","template":"elementor_header_footer","meta":{"footnotes":""},"class_list":["post-989015","page","type-page","status-publish","hentry"],"_links":{"self":[{"href":"https:\/\/producao.lucasprogramador.com.br\/esset\/wp-json\/wp\/v2\/pages\/989015","targetHints":{"allow":["GET"]}}],"collection":[{"href":"https:\/\/producao.lucasprogramador.com.br\/esset\/wp-json\/wp\/v2\/pages"}],"about":[{"href":"https:\/\/producao.lucasprogramador.com.br\/esset\/wp-json\/wp\/v2\/types\/page"}],"author":[{"embeddable":true,"href":"https:\/\/producao.lucasprogramador.com.br\/esset\/wp-json\/wp\/v2\/users\/1"}],"replies":[{"embeddable":true,"href":"https:\/\/producao.lucasprogramador.com.br\/esset\/wp-json\/wp\/v2\/comments?post=989015"}],"version-history":[{"count":20,"href":"https:\/\/producao.lucasprogramador.com.br\/esset\/wp-json\/wp\/v2\/pages\/989015\/revisions"}],"predecessor-version":[{"id":989109,"href":"https:\/\/producao.lucasprogramador.com.br\/esset\/wp-json\/wp\/v2\/pages\/989015\/revisions\/989109"}],"wp:attachment":[{"href":"https:\/\/producao.lucasprogramador.com.br\/esset\/wp-json\/wp\/v2\/media?parent=989015"}],"curies":[{"name":"wp","href":"https:\/\/api.w.org\/{rel}","templated":true}]}}