{"id":988977,"date":"2026-01-09T14:46:14","date_gmt":"2026-01-09T17:46:14","guid":{"rendered":"https:\/\/producao.lucasprogramador.com.br\/esset\/?page_id=988977"},"modified":"2026-01-18T17:15:31","modified_gmt":"2026-01-18T20:15:31","slug":"gestao-sst","status":"publish","type":"page","link":"https:\/\/producao.lucasprogramador.com.br\/esset\/gestao-sst\/","title":{"rendered":"Servi\u00e7os: Gest\u00e3o\u00a0SST"},"content":{"rendered":"\t\t<div data-elementor-type=\"wp-page\" data-elementor-id=\"988977\" class=\"elementor elementor-988977\" data-elementor-post-type=\"page\">\n\t\t\t\t<div class=\"elementor-element elementor-element-8ac8605 e-flex e-con-boxed e-con e-parent\" data-id=\"8ac8605\" data-element_type=\"container\">\n\t\t\t\t\t<div class=\"e-con-inner\">\n\t\t<div class=\"elementor-element elementor-element-f4f416b animated-fast e-flex e-con-boxed elementor-invisible e-con e-child\" data-id=\"f4f416b\" data-element_type=\"container\" data-settings=\"{&quot;background_background&quot;:&quot;classic&quot;,&quot;animation&quot;:&quot;fadeIn&quot;,&quot;animation_delay&quot;:50}\">\n\t\t\t\t\t<div class=\"e-con-inner\">\n\t\t<div class=\"elementor-element elementor-element-2c88352 e-con-full e-flex e-con e-child\" data-id=\"2c88352\" data-element_type=\"container\">\n\t\t\t\t<div class=\"elementor-element elementor-element-b7d32d9 elementor-invisible elementor-widget elementor-widget-heading\" data-id=\"b7d32d9\" data-element_type=\"widget\" data-settings=\"{&quot;_animation&quot;:&quot;zoomIn&quot;}\" data-widget_type=\"heading.default\">\n\t\t\t\t\t<h1 class=\"elementor-heading-title elementor-size-default\">Gest\u00e3o <span style=\"color:\">SST<\/span>\n<\/h1>\t\t\t\t<\/div>\n\t\t\t\t<div class=\"elementor-element elementor-element-ad42e3b elementor-widget elementor-widget-heading\" data-id=\"ad42e3b\" data-element_type=\"widget\" data-widget_type=\"heading.default\">\n\t\t\t\t\t<h2 class=\"elementor-heading-title elementor-size-default\">Gest\u00e3o de Sa\u00fade e Seguran\u00e7a do Trabalho<\/h2>\t\t\t\t<\/div>\n\t\t\t\t<\/div>\n\t\t<div class=\"elementor-element elementor-element-9dfb686 e-con-full e-flex e-con e-child\" data-id=\"9dfb686\" data-element_type=\"container\">\n\t\t\t\t<div class=\"elementor-element elementor-element-03c01f8 elementor-widget elementor-widget-image\" data-id=\"03c01f8\" data-element_type=\"widget\" data-widget_type=\"image.default\">\n\t\t\t\t\t\t\t\t\t\t\t\t\t\t\t<img fetchpriority=\"high\" decoding=\"async\" width=\"533\" height=\"800\" src=\"https:\/\/producao.lucasprogramador.com.br\/esset\/wp-content\/uploads\/2026\/01\/width_533-e1767980880954.webp\" class=\"attachment-full size-full wp-image-988980\" alt=\"\" srcset=\"https:\/\/producao.lucasprogramador.com.br\/esset\/wp-content\/uploads\/2026\/01\/width_533-e1767980880954.webp 533w, https:\/\/producao.lucasprogramador.com.br\/esset\/wp-content\/uploads\/2026\/01\/width_533-e1767980880954-200x300.webp 200w\" sizes=\"(max-width: 533px) 100vw, 533px\" \/>\t\t\t\t\t\t\t\t\t\t\t\t\t\t\t<\/div>\n\t\t\t\t<\/div>\n\t\t\t\t\t<\/div>\n\t\t\t\t<\/div>\n\t\t\t\t\t<\/div>\n\t\t\t\t<\/div>\n\t\t<div class=\"elementor-element elementor-element-f29999f e-flex e-con-boxed e-con e-parent\" data-id=\"f29999f\" data-element_type=\"container\">\n\t\t\t\t\t<div class=\"e-con-inner\">\n\t\t<div class=\"elementor-element elementor-element-1d1fa99 e-con-full e-flex e-con e-child\" data-id=\"1d1fa99\" data-element_type=\"container\">\n\t\t<div class=\"elementor-element elementor-element-9691fb0 e-con-full e-flex e-con e-child\" data-id=\"9691fb0\" data-element_type=\"container\">\n\t\t<div class=\"elementor-element elementor-element-425621b e-con-full e-flex e-con e-child\" data-id=\"425621b\" data-element_type=\"container\" data-settings=\"{&quot;background_background&quot;:&quot;classic&quot;}\">\n\t\t\t\t<div class=\"elementor-element elementor-element-f7610a4 elementor-widget__width-inherit animated-fast elementor-invisible elementor-widget elementor-widget-heading\" data-id=\"f7610a4\" data-element_type=\"widget\" data-settings=\"{&quot;_animation&quot;:&quot;slideInUp&quot;,&quot;_animation_delay&quot;:50}\" data-widget_type=\"heading.default\">\n\t\t\t\t\t<h3 class=\"elementor-heading-title elementor-size-default\">Gest\u00e3o de Sa\u00fade e Seguran\u00e7a do Trabalho<\/h3>\t\t\t\t<\/div>\n\t\t\t\t<\/div>\n\t\t<div class=\"elementor-element elementor-element-346c690 e-con-full e-flex e-con e-child\" data-id=\"346c690\" data-element_type=\"container\">\n\t\t\t\t<div class=\"elementor-element elementor-element-92f3dea elementor-widget__width-inherit animated-fast elementor-invisible elementor-widget elementor-widget-text-editor\" data-id=\"92f3dea\" data-element_type=\"widget\" data-settings=\"{&quot;_animation&quot;:&quot;fadeIn&quot;,&quot;_animation_delay&quot;:100}\" data-widget_type=\"text-editor.default\">\n\t\t\t\t\t\t\t\t\t<p class=\"cvGsUA direction-ltr align-start para-style-body\"><span class=\"a_GcMg font-feature-liga-off font-feature-clig-off font-feature-calt-off text-decoration-none text-strikethrough-none\">Acreditamos que fazer o b\u00e1sico bem-feito \u00e9 o que sustenta resultados consistentes.<\/span><\/p><p class=\"cvGsUA direction-ltr align-start para-style-body\"><span class=\"a_GcMg font-feature-liga-off font-feature-clig-off font-feature-calt-off text-decoration-none text-strikethrough-none\">Primeiro, conhecemos o perfil da sua empresa para construir um plano de trabalho adequado \u00e0s suas necessidades \u2014 sem excessos e sem complica\u00e7\u00f5es.<\/span><\/p><p class=\"cvGsUA direction-ltr align-start para-style-body\"><span class=\"a_GcMg font-feature-liga-off font-feature-clig-off font-feature-calt-off text-decoration-none text-strikethrough-none\">Assim, garantimos que sua opera\u00e7\u00e3o esteja em conformidade com a legisla\u00e7\u00e3o e principalmente, que o ambiente seja realmente seguro, saud\u00e1vel e produtivo para todos.<\/span><\/p>\t\t\t\t\t\t\t\t<\/div>\n\t\t\t\t<\/div>\n\t\t\t\t<\/div>\n\t\t<div class=\"elementor-element elementor-element-0a81c06 e-con-full e-flex e-con e-child\" data-id=\"0a81c06\" data-element_type=\"container\" data-settings=\"{&quot;background_background&quot;:&quot;classic&quot;}\">\n\t\t\t\t<\/div>\n\t\t\t\t<\/div>\n\t\t\t\t\t<\/div>\n\t\t\t\t<\/div>\n\t\t<div class=\"elementor-element elementor-element-9bf8bb2 e-con-full e-flex e-con e-parent\" data-id=\"9bf8bb2\" data-element_type=\"container\">\n\t\t<div class=\"elementor-element elementor-element-4ea5e93 e-flex e-con-boxed e-con e-child\" data-id=\"4ea5e93\" data-element_type=\"container\" data-settings=\"{&quot;background_background&quot;:&quot;classic&quot;}\">\n\t\t\t\t\t<div class=\"e-con-inner\">\n\t\t<div class=\"elementor-element elementor-element-b0889ec e-con-full e-flex e-con e-child\" data-id=\"b0889ec\" data-element_type=\"container\">\n\t\t<div class=\"elementor-element elementor-element-af5f52a e-con-full e-flex e-con e-child\" data-id=\"af5f52a\" data-element_type=\"container\">\n\t\t\t\t<div class=\"elementor-element elementor-element-978c17e elementor-widget__width-initial animated-fast elementor-invisible elementor-widget elementor-widget-heading\" data-id=\"978c17e\" data-element_type=\"widget\" data-settings=\"{&quot;_animation&quot;:&quot;fadeIn&quot;}\" data-widget_type=\"heading.default\">\n\t\t\t\t\t<h2 class=\"elementor-heading-title elementor-size-default\">Diferenciais de Atendimento<\/h2>\t\t\t\t<\/div>\n\t\t\t\t<div class=\"elementor-element elementor-element-ed685bc elementor-widget elementor-widget-spacer\" data-id=\"ed685bc\" data-element_type=\"widget\" data-widget_type=\"spacer.default\">\n\t\t\t\t\t\t\t<div class=\"elementor-spacer\">\n\t\t\t<div class=\"elementor-spacer-inner\"><\/div>\n\t\t<\/div>\n\t\t\t\t\t\t<\/div>\n\t\t\t\t<\/div>\n\t\t\t\t<\/div>\n\t\t<div class=\"elementor-element elementor-element-62c7809 e-con-full e-flex e-con e-child\" data-id=\"62c7809\" data-element_type=\"container\">\n\t\t<a class=\"elementor-element elementor-element-0614e1b e-con-full vamtam-icon-hover-parent animated-fast e-flex elementor-invisible e-con e-child\" data-id=\"0614e1b\" data-element_type=\"container\" data-settings=\"{&quot;background_background&quot;:&quot;classic&quot;,&quot;animation&quot;:&quot;slideInUp&quot;}\">\n\t\t\t\t<div class=\"elementor-element elementor-element-d988517 elementor-widget elementor-widget-image\" data-id=\"d988517\" data-element_type=\"widget\" data-widget_type=\"image.default\">\n\t\t\t\t\t\t\t\t\t\t\t\t\t\t\t<img decoding=\"async\" width=\"533\" height=\"800\" src=\"https:\/\/producao.lucasprogramador.com.br\/esset\/wp-content\/uploads\/2026\/01\/width_533-1.webp\" class=\"attachment-full size-full wp-image-988988\" alt=\"\" srcset=\"https:\/\/producao.lucasprogramador.com.br\/esset\/wp-content\/uploads\/2026\/01\/width_533-1.webp 533w, https:\/\/producao.lucasprogramador.com.br\/esset\/wp-content\/uploads\/2026\/01\/width_533-1-200x300.webp 200w\" sizes=\"(max-width: 533px) 100vw, 533px\" \/>\t\t\t\t\t\t\t\t\t\t\t\t\t\t\t<\/div>\n\t\t<div class=\"elementor-element elementor-element-e18d927 e-con-full e-flex e-con e-child\" data-id=\"e18d927\" data-element_type=\"container\">\n\t\t\t\t<div class=\"elementor-element elementor-element-b8356d0 elementor-widget__width-inherit elementor-widget elementor-widget-heading\" data-id=\"b8356d0\" data-element_type=\"widget\" data-widget_type=\"heading.default\">\n\t\t\t\t\t<h4 class=\"elementor-heading-title elementor-size-default\">Assessoria personalizada para grandes empresas<\/h4>\t\t\t\t<\/div>\n\t\t\t\t<\/div>\n\t\t\t\t<\/a>\n\t\t<a class=\"elementor-element elementor-element-35de547 e-con-full vamtam-icon-hover-parent animated-fast e-flex elementor-invisible e-con e-child\" data-id=\"35de547\" data-element_type=\"container\" data-settings=\"{&quot;background_background&quot;:&quot;classic&quot;,&quot;animation&quot;:&quot;slideInUp&quot;}\">\n\t\t\t\t<div class=\"elementor-element elementor-element-2d0852f elementor-widget elementor-widget-image\" data-id=\"2d0852f\" data-element_type=\"widget\" data-widget_type=\"image.default\">\n\t\t\t\t\t\t\t\t\t\t\t\t\t\t\t<img decoding=\"async\" width=\"799\" height=\"566\" src=\"https:\/\/producao.lucasprogramador.com.br\/esset\/wp-content\/uploads\/2026\/01\/width_800-1.webp\" class=\"attachment-full size-full wp-image-988995\" alt=\"\" srcset=\"https:\/\/producao.lucasprogramador.com.br\/esset\/wp-content\/uploads\/2026\/01\/width_800-1.webp 799w, https:\/\/producao.lucasprogramador.com.br\/esset\/wp-content\/uploads\/2026\/01\/width_800-1-300x213.webp 300w, https:\/\/producao.lucasprogramador.com.br\/esset\/wp-content\/uploads\/2026\/01\/width_800-1-768x544.webp 768w\" sizes=\"(max-width: 799px) 100vw, 799px\" \/>\t\t\t\t\t\t\t\t\t\t\t\t\t\t\t<\/div>\n\t\t<div class=\"elementor-element elementor-element-af499f6 e-con-full e-flex e-con e-child\" data-id=\"af499f6\" data-element_type=\"container\">\n\t\t\t\t<div class=\"elementor-element elementor-element-dc70feb elementor-widget__width-inherit elementor-widget elementor-widget-heading\" data-id=\"dc70feb\" data-element_type=\"widget\" data-widget_type=\"heading.default\">\n\t\t\t\t\t<h4 class=\"elementor-heading-title elementor-size-default\">Rede de Cl\u00ednicas credenciadas em\n todo Brasil.<\/h4>\t\t\t\t<\/div>\n\t\t\t\t<\/div>\n\t\t\t\t<\/a>\n\t\t<a class=\"elementor-element elementor-element-12cae14 e-con-full vamtam-icon-hover-parent animated-fast e-flex elementor-invisible e-con e-child\" data-id=\"12cae14\" data-element_type=\"container\" data-settings=\"{&quot;background_background&quot;:&quot;classic&quot;,&quot;animation&quot;:&quot;slideInUp&quot;}\">\n\t\t\t\t<div class=\"elementor-element elementor-element-fe2d870 elementor-widget elementor-widget-image\" data-id=\"fe2d870\" data-element_type=\"widget\" data-widget_type=\"image.default\">\n\t\t\t\t\t\t\t\t\t\t\t\t\t\t\t<img loading=\"lazy\" decoding=\"async\" width=\"800\" height=\"533\" src=\"https:\/\/producao.lucasprogramador.com.br\/esset\/wp-content\/uploads\/2026\/01\/width_800.webp\" class=\"attachment-full size-full wp-image-988994\" alt=\"\" srcset=\"https:\/\/producao.lucasprogramador.com.br\/esset\/wp-content\/uploads\/2026\/01\/width_800.webp 800w, https:\/\/producao.lucasprogramador.com.br\/esset\/wp-content\/uploads\/2026\/01\/width_800-300x200.webp 300w, https:\/\/producao.lucasprogramador.com.br\/esset\/wp-content\/uploads\/2026\/01\/width_800-768x512.webp 768w\" sizes=\"(max-width: 800px) 100vw, 800px\" \/>\t\t\t\t\t\t\t\t\t\t\t\t\t\t\t<\/div>\n\t\t<div class=\"elementor-element elementor-element-f30c3c3 e-con-full e-flex e-con e-child\" data-id=\"f30c3c3\" data-element_type=\"container\">\n\t\t\t\t<div class=\"elementor-element elementor-element-d14695b elementor-widget__width-inherit elementor-widget elementor-widget-heading\" data-id=\"d14695b\" data-element_type=\"widget\" data-widget_type=\"heading.default\">\n\t\t\t\t\t<h4 class=\"elementor-heading-title elementor-size-default\">Central de Agendametnto de Exames<\/h4>\t\t\t\t<\/div>\n\t\t\t\t<\/div>\n\t\t\t\t<\/a>\n\t\t\t\t<\/div>\n\t\t\t\t\t<\/div>\n\t\t\t\t<\/div>\n\t\t\t\t<\/div>\n\t\t<div class=\"elementor-element elementor-element-5680ea0 e-flex e-con-boxed e-con e-parent\" data-id=\"5680ea0\" data-element_type=\"container\">\n\t\t\t\t\t<div class=\"e-con-inner\">\n\t\t<div class=\"elementor-element elementor-element-b4f86ab e-con-full e-flex e-con e-child\" data-id=\"b4f86ab\" data-element_type=\"container\">\n\t\t<div class=\"elementor-element elementor-element-81e460c e-con-full e-flex e-con e-child\" data-id=\"81e460c\" data-element_type=\"container\">\n\t\t<div class=\"elementor-element elementor-element-2e6cb72 e-con-full e-flex e-con e-child\" data-id=\"2e6cb72\" data-element_type=\"container\">\n\t\t\t\t<div class=\"elementor-element elementor-element-7aa7507 elementor-widget__width-inherit animated-fast elementor-invisible elementor-widget elementor-widget-heading\" data-id=\"7aa7507\" data-element_type=\"widget\" data-settings=\"{&quot;_animation&quot;:&quot;slideInUp&quot;,&quot;_animation_delay&quot;:50}\" data-widget_type=\"heading.default\">\n\t\t\t\t\t<h3 class=\"elementor-heading-title elementor-size-default\">Nossas Entregas<\/h3>\t\t\t\t<\/div>\n\t\t\t\t<div class=\"elementor-element elementor-element-a341fde elementor-widget__width-inherit animated-fast elementor-invisible elementor-widget elementor-widget-text-editor\" data-id=\"a341fde\" data-element_type=\"widget\" data-settings=\"{&quot;_animation&quot;:&quot;fadeIn&quot;,&quot;_animation_delay&quot;:100}\" data-widget_type=\"text-editor.default\">\n\t\t\t\t\t\t\t\t\t<ul><li style=\"font-weight: 400;\" aria-level=\"1\"><span style=\"font-weight: 400;\">PGR, PCMSO e LTCAT<\/span><\/li><li style=\"font-weight: 400;\" aria-level=\"1\"><span style=\"font-weight: 400;\">Gest\u00e3o de Riscos Ocupacionais<\/span><\/li><li style=\"font-weight: 400;\" aria-level=\"1\"><span style=\"font-weight: 400;\">Laudos: Ergon\u00f4mico, Insalubridade, Periculosidade e outros<\/span><\/li><li style=\"font-weight: 400;\" aria-level=\"1\"><span style=\"font-weight: 400;\">Avalia\u00e7\u00f5es Quantitativas e Dosimetrias<\/span><\/li><li style=\"font-weight: 400;\" aria-level=\"1\"><span style=\"font-weight: 400;\">Per\u00edcias, Acompanhamentos e Contesta\u00e7\u00f5es<\/span><\/li><li style=\"font-weight: 400;\" aria-level=\"1\"><span style=\"font-weight: 400;\">Programas Preventivos &#8211; PPPA, PPR<\/span><\/li><li style=\"font-weight: 400;\" aria-level=\"1\"><span style=\"font-weight: 400;\">Assessoria personalizada para grandes empresas<\/span><\/li><li style=\"font-weight: 400;\" aria-level=\"1\"><span style=\"font-weight: 400;\">Sa\u00fade Ocupacional e Suporte M\u00e9dico<\/span><\/li><li style=\"font-weight: 400;\" aria-level=\"1\"><span style=\"font-weight: 400;\">Rede de Cl\u00ednicas Credenciadas em todo Brasil<\/span><\/li><li style=\"font-weight: 400;\" aria-level=\"1\"><span style=\"font-weight: 400;\">Central de Agendamento de Exames &#8211; Atendimento Humano e Digital<\/span><\/li><li style=\"font-weight: 400;\" aria-level=\"1\"><span style=\"font-weight: 400;\">eSocial: Mensageria de todos os eventos relacionados \u00e0 SST<\/span><\/li><li style=\"font-weight: 400;\" aria-level=\"1\">Tecnologia para SST<\/li><\/ul>\t\t\t\t\t\t\t\t<\/div>\n\t\t\t\t<\/div>\n\t\t\t\t<\/div>\n\t\t<div class=\"elementor-element elementor-element-e6235ed e-con-full e-flex e-con e-child\" data-id=\"e6235ed\" data-element_type=\"container\" data-settings=\"{&quot;background_background&quot;:&quot;classic&quot;}\">\n\t\t\t\t<\/div>\n\t\t\t\t<\/div>\n\t\t\t\t\t<\/div>\n\t\t\t\t<\/div>\n\t\t<div class=\"elementor-element elementor-element-3baa1fd e-flex e-con-boxed e-con e-parent\" data-id=\"3baa1fd\" data-element_type=\"container\">\n\t\t\t\t\t<div class=\"e-con-inner\">\n\t\t\t\t\t<\/div>\n\t\t\t\t<\/div>\n\t\t\t\t<\/div>\n\t\t","protected":false},"excerpt":{"rendered":"<p>Gest\u00e3o SST Gest\u00e3o de Sa\u00fade e Seguran\u00e7a do Trabalho Gest\u00e3o de Sa\u00fade e Seguran\u00e7a do Trabalho Acreditamos que fazer o&#8230;<\/p>\n","protected":false},"author":1,"featured_media":0,"parent":0,"menu_order":0,"comment_status":"closed","ping_status":"closed","template":"elementor_header_footer","meta":{"footnotes":""},"class_list":["post-988977","page","type-page","status-publish","hentry"],"_links":{"self":[{"href":"https:\/\/producao.lucasprogramador.com.br\/esset\/wp-json\/wp\/v2\/pages\/988977","targetHints":{"allow":["GET"]}}],"collection":[{"href":"https:\/\/producao.lucasprogramador.com.br\/esset\/wp-json\/wp\/v2\/pages"}],"about":[{"href":"https:\/\/producao.lucasprogramador.com.br\/esset\/wp-json\/wp\/v2\/types\/page"}],"author":[{"embeddable":true,"href":"https:\/\/producao.lucasprogramador.com.br\/esset\/wp-json\/wp\/v2\/users\/1"}],"replies":[{"embeddable":true,"href":"https:\/\/producao.lucasprogramador.com.br\/esset\/wp-json\/wp\/v2\/comments?post=988977"}],"version-history":[{"count":27,"href":"https:\/\/producao.lucasprogramador.com.br\/esset\/wp-json\/wp\/v2\/pages\/988977\/revisions"}],"predecessor-version":[{"id":989039,"href":"https:\/\/producao.lucasprogramador.com.br\/esset\/wp-json\/wp\/v2\/pages\/988977\/revisions\/989039"}],"wp:attachment":[{"href":"https:\/\/producao.lucasprogramador.com.br\/esset\/wp-json\/wp\/v2\/media?parent=988977"}],"curies":[{"name":"wp","href":"https:\/\/api.w.org\/{rel}","templated":true}]}}