{"id":988604,"date":"2025-12-11T08:53:26","date_gmt":"2025-12-11T11:53:26","guid":{"rendered":"https:\/\/producao.lucasprogramador.com.br\/esset\/?page_id=988604"},"modified":"2025-12-25T22:27:31","modified_gmt":"2025-12-26T01:27:31","slug":"quem-somos","status":"publish","type":"page","link":"https:\/\/producao.lucasprogramador.com.br\/esset\/quem-somos\/","title":{"rendered":"Quem Somos"},"content":{"rendered":"\t\t<div data-elementor-type=\"wp-page\" data-elementor-id=\"988604\" class=\"elementor elementor-988604\" data-elementor-post-type=\"page\">\n\t\t\t\t<div class=\"elementor-element elementor-element-25dfdb8 e-flex e-con-boxed e-con e-parent\" data-id=\"25dfdb8\" data-element_type=\"container\">\n\t\t\t\t\t<div class=\"e-con-inner\">\n\t\t<div class=\"elementor-element elementor-element-7484e82 animated-fast e-flex e-con-boxed elementor-invisible e-con e-child\" data-id=\"7484e82\" data-element_type=\"container\" data-settings=\"{&quot;background_background&quot;:&quot;classic&quot;,&quot;animation&quot;:&quot;fadeIn&quot;,&quot;animation_delay&quot;:50}\">\n\t\t\t\t\t<div class=\"e-con-inner\">\n\t\t\t\t<div class=\"elementor-element elementor-element-1a9ede5 elementor-invisible elementor-widget elementor-widget-heading\" data-id=\"1a9ede5\" data-element_type=\"widget\" data-settings=\"{&quot;_animation&quot;:&quot;zoomIn&quot;}\" data-widget_type=\"heading.default\">\n\t\t\t\t\t<h1 class=\"elementor-heading-title elementor-size-default\">Quem Somos<\/h1>\t\t\t\t<\/div>\n\t\t\t\t<div class=\"elementor-element elementor-element-2b1cea8 elementor-icon-list--layout-inline elementor-align-start elementor-widget__width-auto elementor-list-item-link-full_width elementor-invisible elementor-widget elementor-widget-icon-list\" data-id=\"2b1cea8\" data-element_type=\"widget\" data-settings=\"{&quot;_animation&quot;:&quot;zoomIn&quot;}\" data-widget_type=\"icon-list.default\">\n\t\t\t\t\t\t\t<ul class=\"elementor-icon-list-items elementor-inline-items\">\n\t\t\t\t\t\t\t<li class=\"elementor-icon-list-item elementor-inline-item\">\n\t\t\t\t\t\t\t\t\t\t<span class=\"elementor-icon-list-text\">Home<\/span>\n\t\t\t\t\t\t\t\t\t<\/li>\n\t\t\t\t\t\t\t\t<li class=\"elementor-icon-list-item elementor-inline-item\">\n\t\t\t\t\t\t\t\t\t\t<span class=\"elementor-icon-list-text\">-    Quem Somos<\/span>\n\t\t\t\t\t\t\t\t\t<\/li>\n\t\t\t\t\t\t<\/ul>\n\t\t\t\t\t\t<\/div>\n\t\t\t\t\t<\/div>\n\t\t\t\t<\/div>\n\t\t\t\t\t<\/div>\n\t\t\t\t<\/div>\n\t\t<div class=\"elementor-element elementor-element-1b78710 e-flex e-con-boxed e-con e-parent\" data-id=\"1b78710\" data-element_type=\"container\" data-settings=\"{&quot;background_background&quot;:&quot;classic&quot;}\">\n\t\t\t\t\t<div class=\"e-con-inner\">\n\t\t<div class=\"elementor-element elementor-element-50bc153 e-con-full e-flex e-con e-child\" data-id=\"50bc153\" data-element_type=\"container\">\n\t\t<div class=\"elementor-element elementor-element-722f6ea e-con-full e-flex e-con e-child\" data-id=\"722f6ea\" data-element_type=\"container\">\n\t\t\t\t<div class=\"elementor-element elementor-element-521b5aa animated-fast elementor-widget-tablet__width-inherit elementor-invisible elementor-widget elementor-widget-heading\" data-id=\"521b5aa\" data-element_type=\"widget\" data-settings=\"{&quot;_animation&quot;:&quot;slideInUp&quot;,&quot;_animation_delay&quot;:50}\" data-widget_type=\"heading.default\">\n\t\t\t\t\t<h3 class=\"elementor-heading-title elementor-size-default\">Cuidamos de pessoas, fortalecemos empresas\n<\/h3>\t\t\t\t<\/div>\n\t\t\t\t<div class=\"elementor-element elementor-element-9389a36 animated-fast elementor-invisible elementor-widget elementor-widget-text-editor\" data-id=\"9389a36\" data-element_type=\"widget\" data-settings=\"{&quot;_animation&quot;:&quot;fadeIn&quot;,&quot;_animation_delay&quot;:100}\" data-widget_type=\"text-editor.default\">\n\t\t\t\t\t\t\t\t\t<p><span style=\"font-weight: 400;\">Na Esset, somos movidos pela paix\u00e3o em promover sa\u00fade e seguran\u00e7a no trabalho.<\/span><span style=\"font-weight: 400;\"><br \/><\/span><span style=\"font-weight: 400;\">Oferecemos uma gest\u00e3o completa e personalizada em SST, garantindo conformidade legal, efici\u00eancia operacional e bem-estar para a equipe.<\/span><\/p><p><span style=\"font-weight: 400;\">Acreditamos que colaboradores saud\u00e1veis e satisfeitos impulsionam resultados e fortalecem a competitividade das empresas. Por isso, cuidamos da burocracia e dos detalhes t\u00e9cnicos, para que voc\u00ea possa concentrar seus esfor\u00e7os no crescimento do seu neg\u00f3cio.<\/span><\/p><p><span style=\"font-weight: 400;\">Nossa equipe \u00e9 formada por especialistas em sa\u00fade, seguran\u00e7a e processos operacionais, comprometidos em entregar excel\u00eancia por meio de um relacionamento pr\u00f3ximo, \u00e1gil e constante.<\/span><\/p>\t\t\t\t\t\t\t\t<\/div>\n\t\t<div class=\"elementor-element elementor-element-57c8bb2 e-con-full e-flex e-con e-child\" data-id=\"57c8bb2\" data-element_type=\"container\">\n\t\t\t\t<div class=\"elementor-element elementor-element-029c59c animated-fast elementor-invisible elementor-widget elementor-widget-button\" data-id=\"029c59c\" data-element_type=\"widget\" data-settings=\"{&quot;_animation&quot;:&quot;fadeIn&quot;,&quot;_animation_delay&quot;:150}\" data-widget_type=\"button.default\">\n\t\t\t\t\t\t\t\t\t\t<a class=\"elementor-button elementor-button-link elementor-size-sm\" href=\"#\">\n\t\t\t\t\t\t<span class=\"elementor-button-content-wrapper\">\n\t\t\t\t\t\t\t\t\t<span class=\"elementor-button-text\">Encontre a melhor solu\u00e7\u00e3o para voc\u00ea<\/span>\n\t\t\t\t\t<\/span>\n\t\t\t\t\t<\/a>\n\t\t\t\t\t\t\t\t<\/div>\n\t\t\t\t<\/div>\n\t\t\t\t<\/div>\n\t\t<div class=\"elementor-element elementor-element-e8240f4 e-con-full e-flex e-con e-child\" data-id=\"e8240f4\" data-element_type=\"container\" data-settings=\"{&quot;background_background&quot;:&quot;slideshow&quot;,&quot;background_slideshow_gallery&quot;:[],&quot;background_slideshow_loop&quot;:&quot;yes&quot;,&quot;background_slideshow_slide_duration&quot;:5000,&quot;background_slideshow_slide_transition&quot;:&quot;fade&quot;,&quot;background_slideshow_transition_duration&quot;:500}\">\n\t\t\t\t<div class=\"elementor-element elementor-element-ce9a5ee elementor-widget elementor-widget-image\" data-id=\"ce9a5ee\" data-element_type=\"widget\" data-widget_type=\"image.default\">\n\t\t\t\t\t\t\t\t\t\t\t\t\t\t\t<img fetchpriority=\"high\" decoding=\"async\" width=\"1721\" height=\"1432\" src=\"https:\/\/producao.lucasprogramador.com.br\/esset\/wp-content\/uploads\/2025\/12\/edit.webp\" class=\"attachment-full size-full wp-image-988889\" alt=\"\" srcset=\"https:\/\/producao.lucasprogramador.com.br\/esset\/wp-content\/uploads\/2025\/12\/edit.webp 1721w, https:\/\/producao.lucasprogramador.com.br\/esset\/wp-content\/uploads\/2025\/12\/edit-300x250.webp 300w, https:\/\/producao.lucasprogramador.com.br\/esset\/wp-content\/uploads\/2025\/12\/edit-1024x852.webp 1024w, https:\/\/producao.lucasprogramador.com.br\/esset\/wp-content\/uploads\/2025\/12\/edit-768x639.webp 768w, https:\/\/producao.lucasprogramador.com.br\/esset\/wp-content\/uploads\/2025\/12\/edit-1536x1278.webp 1536w\" sizes=\"(max-width: 1721px) 100vw, 1721px\" \/>\t\t\t\t\t\t\t\t\t\t\t\t\t\t\t<\/div>\n\t\t\t\t<\/div>\n\t\t\t\t<\/div>\n\t\t\t\t\t<\/div>\n\t\t\t\t<\/div>\n\t\t<div class=\"elementor-element elementor-element-7fd9224 e-flex e-con-boxed e-con e-parent\" data-id=\"7fd9224\" data-element_type=\"container\" data-settings=\"{&quot;background_background&quot;:&quot;classic&quot;}\">\n\t\t\t\t\t<div class=\"e-con-inner\">\n\t\t<div class=\"elementor-element elementor-element-81fabbe e-con-full e-flex e-con e-child\" data-id=\"81fabbe\" data-element_type=\"container\">\n\t\t<div class=\"elementor-element elementor-element-9e37bea e-con-full e-flex e-con e-child\" data-id=\"9e37bea\" data-element_type=\"container\" data-settings=\"{&quot;background_background&quot;:&quot;slideshow&quot;,&quot;background_slideshow_gallery&quot;:[],&quot;background_slideshow_loop&quot;:&quot;yes&quot;,&quot;background_slideshow_slide_duration&quot;:5000,&quot;background_slideshow_slide_transition&quot;:&quot;fade&quot;,&quot;background_slideshow_transition_duration&quot;:500}\">\n\t\t\t\t<div class=\"elementor-element elementor-element-8aa88c9 elementor-widget elementor-widget-image\" data-id=\"8aa88c9\" data-element_type=\"widget\" data-widget_type=\"image.default\">\n\t\t\t\t\t\t\t\t\t\t\t\t\t\t\t<img decoding=\"async\" width=\"1920\" height=\"1280\" src=\"https:\/\/producao.lucasprogramador.com.br\/esset\/wp-content\/uploads\/2025\/12\/Employer-2-207.webp\" class=\"attachment-full size-full wp-image-988897\" alt=\"\" srcset=\"https:\/\/producao.lucasprogramador.com.br\/esset\/wp-content\/uploads\/2025\/12\/Employer-2-207.webp 1920w, https:\/\/producao.lucasprogramador.com.br\/esset\/wp-content\/uploads\/2025\/12\/Employer-2-207-300x200.webp 300w, https:\/\/producao.lucasprogramador.com.br\/esset\/wp-content\/uploads\/2025\/12\/Employer-2-207-1024x683.webp 1024w, https:\/\/producao.lucasprogramador.com.br\/esset\/wp-content\/uploads\/2025\/12\/Employer-2-207-768x512.webp 768w, https:\/\/producao.lucasprogramador.com.br\/esset\/wp-content\/uploads\/2025\/12\/Employer-2-207-1536x1024.webp 1536w\" sizes=\"(max-width: 1920px) 100vw, 1920px\" \/>\t\t\t\t\t\t\t\t\t\t\t\t\t\t\t<\/div>\n\t\t\t\t<\/div>\n\t\t<div class=\"elementor-element elementor-element-96bfc2d e-con-full e-flex e-con e-child\" data-id=\"96bfc2d\" data-element_type=\"container\">\n\t\t\t\t<div class=\"elementor-element elementor-element-b9ce055 animated-fast elementor-widget-tablet__width-inherit elementor-invisible elementor-widget elementor-widget-heading\" data-id=\"b9ce055\" data-element_type=\"widget\" data-settings=\"{&quot;_animation&quot;:&quot;slideInUp&quot;,&quot;_animation_delay&quot;:50}\" data-widget_type=\"heading.default\">\n\t\t\t\t\t<h3 class=\"elementor-heading-title elementor-size-default\">Nossa hist\u00f3ria\n<\/h3>\t\t\t\t<\/div>\n\t\t\t\t<div class=\"elementor-element elementor-element-f67885b animated-fast elementor-invisible elementor-widget elementor-widget-text-editor\" data-id=\"f67885b\" data-element_type=\"widget\" data-settings=\"{&quot;_animation&quot;:&quot;fadeIn&quot;,&quot;_animation_delay&quot;:100}\" data-widget_type=\"text-editor.default\">\n\t\t\t\t\t\t\t\t\t<p><span style=\"font-weight: 400;\">A Esset nasceu da vis\u00e3o estrat\u00e9gica do Grupo Employer de oferecer solu\u00e7\u00f5es cada vez mais completas em Gest\u00e3o de Pessoas.<\/span><\/p><p><span style=\"font-weight: 400;\">Reconhecida como refer\u00eancia nacional em trabalho tempor\u00e1rio, a Employer transformou sua pr\u00f3pria necessidade em oportunidade ao criar a Esset, com o objetivo de enfrentar os desafios da Sa\u00fade e Seguran\u00e7a do Trabalho.<\/span><\/p><p><span style=\"font-weight: 400;\">O que come\u00e7ou como uma demanda interna evoluiu para uma expertise s\u00f3lida e orientada ao mercado, unindo vis\u00e3o de dono, foco real no cliente e excel\u00eancia t\u00e9cnica.<\/span><\/p><p><span style=\"font-weight: 400;\">Nossa estrutura foi pensada para garantir alto desempenho na elabora\u00e7\u00e3o de programas e laudos, al\u00e9m de contar com uma rede nacional de cl\u00ednicas credenciadas, preparada para atender com agilidade, qualidade e personaliza\u00e7\u00e3o.<\/span><\/p><p><span style=\"font-weight: 400;\">Hoje, a Esset leva efici\u00eancia, seguran\u00e7a jur\u00eddica e cuidado para as pessoas e empresas que confiam no nosso grupo.<\/span><\/p>\t\t\t\t\t\t\t\t<\/div>\n\t\t\t\t<\/div>\n\t\t\t\t<\/div>\n\t\t\t\t\t<\/div>\n\t\t\t\t<\/div>\n\t\t\t\t<section class=\"elementor-section elementor-top-section elementor-element elementor-element-10632dd elementor-section-boxed elementor-section-height-default elementor-section-height-default\" data-id=\"10632dd\" data-element_type=\"section\" data-settings=\"{&quot;background_background&quot;:&quot;classic&quot;}\">\n\t\t\t\t\t\t\t<div class=\"elementor-background-overlay\"><\/div>\n\t\t\t\t\t\t\t<div class=\"elementor-container elementor-column-gap-default\">\n\t\t\t\t\t<div class=\"elementor-column elementor-col-100 elementor-top-column elementor-element elementor-element-93c7b71\" data-id=\"93c7b71\" data-element_type=\"column\">\n\t\t\t<div class=\"elementor-widget-wrap elementor-element-populated\">\n\t\t\t\t<div class=\"elementor-element elementor-element-c25c666 e-con-full e-flex e-con e-parent\" data-id=\"c25c666\" data-element_type=\"container\">\n\t\t<div class=\"elementor-element elementor-element-c75f678 e-con-full e-flex elementor-invisible e-con e-child\" data-id=\"c75f678\" data-element_type=\"container\" data-settings=\"{&quot;background_background&quot;:&quot;classic&quot;,&quot;animation&quot;:&quot;zoomIn&quot;}\">\n\t\t<div class=\"elementor-element elementor-element-7f13c7b e-con-full e-flex e-con e-child\" data-id=\"7f13c7b\" data-element_type=\"container\">\n\t\t\t\t<div class=\"elementor-element elementor-element-a1c35fa elementor-view-default elementor-widget elementor-widget-icon\" data-id=\"a1c35fa\" data-element_type=\"widget\" data-widget_type=\"icon.default\">\n\t\t\t\t\t\t\t<div class=\"elementor-icon-wrapper\">\n\t\t\t<div class=\"elementor-icon\">\n\t\t\t<svg aria-hidden=\"true\" class=\"e-font-icon-svg e-far-heart\" viewBox=\"0 0 512 512\" xmlns=\"http:\/\/www.w3.org\/2000\/svg\"><path d=\"M458.4 64.3C400.6 15.7 311.3 23 256 79.3 200.7 23 111.4 15.6 53.6 64.3-21.6 127.6-10.6 230.8 43 285.5l175.4 178.7c10 10.2 23.4 15.9 37.6 15.9 14.3 0 27.6-5.6 37.6-15.8L469 285.6c53.5-54.7 64.7-157.9-10.6-221.3zm-23.6 187.5L259.4 430.5c-2.4 2.4-4.4 2.4-6.8 0L77.2 251.8c-36.5-37.2-43.9-107.6 7.3-150.7 38.9-32.7 98.9-27.8 136.5 10.5l35 35.7 35-35.7c37.8-38.5 97.8-43.2 136.5-10.6 51.1 43.1 43.5 113.9 7.3 150.8z\"><\/path><\/svg>\t\t\t<\/div>\n\t\t<\/div>\n\t\t\t\t\t\t<\/div>\n\t\t\t\t<div class=\"elementor-element elementor-element-51b3bb2 elementor-invisible elementor-widget elementor-widget-heading\" data-id=\"51b3bb2\" data-element_type=\"widget\" data-settings=\"{&quot;_animation&quot;:&quot;zoomIn&quot;}\" data-widget_type=\"heading.default\">\n\t\t\t\t\t<h2 class=\"elementor-heading-title elementor-size-default\">Miss\u00e3o<\/h2>\t\t\t\t<\/div>\n\t\t\t\t<\/div>\n\t\t\t\t<div class=\"elementor-element elementor-element-e7d25a7 elementor-invisible elementor-widget elementor-widget-text-editor\" data-id=\"e7d25a7\" data-element_type=\"widget\" data-settings=\"{&quot;_animation&quot;:&quot;slideInDown&quot;}\" data-widget_type=\"text-editor.default\">\n\t\t\t\t\t\t\t\t\tOferecer servi\u00e7os de Sa\u00fade e Seguran\u00e7a no Trabalho que protejam a integridade f\u00edsica e mental dos colaboradores, com solu\u00e7\u00f5es adaptadas \u00e0s necessidades de cada cliente para um ambiente seguro e produtivo.\n\t\t\t\t\t\t\t\t<\/div>\n\t\t\t\t<\/div>\n\t\t<div class=\"elementor-element elementor-element-cc49d7c e-con-full e-flex elementor-invisible e-con e-child\" data-id=\"cc49d7c\" data-element_type=\"container\" data-settings=\"{&quot;background_background&quot;:&quot;classic&quot;,&quot;animation&quot;:&quot;slideInLeft&quot;}\">\n\t\t<div class=\"elementor-element elementor-element-54e40ae e-con-full e-flex e-con e-child\" data-id=\"54e40ae\" data-element_type=\"container\">\n\t\t\t\t<div class=\"elementor-element elementor-element-0565485 elementor-view-default elementor-widget elementor-widget-icon\" data-id=\"0565485\" data-element_type=\"widget\" data-widget_type=\"icon.default\">\n\t\t\t\t\t\t\t<div class=\"elementor-icon-wrapper\">\n\t\t\t<div class=\"elementor-icon\">\n\t\t\t<svg aria-hidden=\"true\" class=\"e-font-icon-svg e-far-eye\" viewBox=\"0 0 576 512\" xmlns=\"http:\/\/www.w3.org\/2000\/svg\"><path d=\"M288 144a110.94 110.94 0 0 0-31.24 5 55.4 55.4 0 0 1 7.24 27 56 56 0 0 1-56 56 55.4 55.4 0 0 1-27-7.24A111.71 111.71 0 1 0 288 144zm284.52 97.4C518.29 135.59 410.93 64 288 64S57.68 135.64 3.48 241.41a32.35 32.35 0 0 0 0 29.19C57.71 376.41 165.07 448 288 448s230.32-71.64 284.52-177.41a32.35 32.35 0 0 0 0-29.19zM288 400c-98.65 0-189.09-55-237.93-144C98.91 167 189.34 112 288 112s189.09 55 237.93 144C477.1 345 386.66 400 288 400z\"><\/path><\/svg>\t\t\t<\/div>\n\t\t<\/div>\n\t\t\t\t\t\t<\/div>\n\t\t\t\t<div class=\"elementor-element elementor-element-8312256 elementor-invisible elementor-widget elementor-widget-heading\" data-id=\"8312256\" data-element_type=\"widget\" data-settings=\"{&quot;_animation&quot;:&quot;zoomIn&quot;}\" data-widget_type=\"heading.default\">\n\t\t\t\t\t<h2 class=\"elementor-heading-title elementor-size-default\">Vis\u00e3o<\/h2>\t\t\t\t<\/div>\n\t\t\t\t<\/div>\n\t\t\t\t<div class=\"elementor-element elementor-element-c7be71a elementor-invisible elementor-widget elementor-widget-text-editor\" data-id=\"c7be71a\" data-element_type=\"widget\" data-settings=\"{&quot;_animation&quot;:&quot;slideInDown&quot;}\" data-widget_type=\"text-editor.default\">\n\t\t\t\t\t\t\t\t\t<p><span style=\"font-weight: 400;\">Ser refer\u00eancia em Sa\u00fade e Seguran\u00e7a no Trabalho, reconhecida por inova\u00e7\u00e3o, excel\u00eancia operacional e impacto positivo nos colaboradores e na sustentabilidade das empresas.<\/span><\/p>\t\t\t\t\t\t\t\t<\/div>\n\t\t\t\t<\/div>\n\t\t<div class=\"elementor-element elementor-element-ada4ff8 e-con-full e-flex elementor-invisible e-con e-child\" data-id=\"ada4ff8\" data-element_type=\"container\" data-settings=\"{&quot;background_background&quot;:&quot;classic&quot;,&quot;animation&quot;:&quot;slideInRight&quot;}\">\n\t\t<div class=\"elementor-element elementor-element-4793e81 e-con-full e-flex e-con e-child\" data-id=\"4793e81\" data-element_type=\"container\">\n\t\t\t\t<div class=\"elementor-element elementor-element-6756edd elementor-view-default elementor-widget elementor-widget-icon\" data-id=\"6756edd\" data-element_type=\"widget\" data-widget_type=\"icon.default\">\n\t\t\t\t\t\t\t<div class=\"elementor-icon-wrapper\">\n\t\t\t<div class=\"elementor-icon\">\n\t\t\t<svg aria-hidden=\"true\" class=\"e-font-icon-svg e-fas-stream\" viewBox=\"0 0 512 512\" xmlns=\"http:\/\/www.w3.org\/2000\/svg\"><path d=\"M16 128h416c8.84 0 16-7.16 16-16V48c0-8.84-7.16-16-16-16H16C7.16 32 0 39.16 0 48v64c0 8.84 7.16 16 16 16zm480 80H80c-8.84 0-16 7.16-16 16v64c0 8.84 7.16 16 16 16h416c8.84 0 16-7.16 16-16v-64c0-8.84-7.16-16-16-16zm-64 176H16c-8.84 0-16 7.16-16 16v64c0 8.84 7.16 16 16 16h416c8.84 0 16-7.16 16-16v-64c0-8.84-7.16-16-16-16z\"><\/path><\/svg>\t\t\t<\/div>\n\t\t<\/div>\n\t\t\t\t\t\t<\/div>\n\t\t\t\t<div class=\"elementor-element elementor-element-b0541fd elementor-invisible elementor-widget elementor-widget-heading\" data-id=\"b0541fd\" data-element_type=\"widget\" data-settings=\"{&quot;_animation&quot;:&quot;zoomIn&quot;}\" data-widget_type=\"heading.default\">\n\t\t\t\t\t<h2 class=\"elementor-heading-title elementor-size-default\">Valores<\/h2>\t\t\t\t<\/div>\n\t\t\t\t<\/div>\n\t\t\t\t<div class=\"elementor-element elementor-element-3c657e6 elementor-invisible elementor-widget elementor-widget-text-editor\" data-id=\"3c657e6\" data-element_type=\"widget\" data-settings=\"{&quot;_animation&quot;:&quot;slideInDown&quot;}\" data-widget_type=\"text-editor.default\">\n\t\t\t\t\t\t\t\t\t<p><b>Simplicidade<\/b><span style=\"font-weight: 400;\"> estrat\u00e9gica.<\/span><span style=\"font-weight: 400;\"><br \/><\/span><b>Agilidade<\/b><span style=\"font-weight: 400;\"> operacional.<\/span><span style=\"font-weight: 400;\"><br \/><\/span><b>Parceria<\/b><span style=\"font-weight: 400;\"> e personaliza\u00e7\u00e3o.<\/span><span style=\"font-weight: 400;\"><br \/><\/span><b>Inova\u00e7\u00e3o<\/b><span style=\"font-weight: 400;\"> humanizada.<\/span><span style=\"font-weight: 400;\"><br \/><\/span><b>Cultura<\/b><span style=\"font-weight: 400;\"> de preven\u00e7\u00e3o.<\/span><span style=\"font-weight: 400;\"><br \/><\/span><\/p>\t\t\t\t\t\t\t\t<\/div>\n\t\t\t\t<\/div>\n\t\t\t\t<\/div>\n\t\t\t\t\t<\/div>\n\t\t<\/div>\n\t\t\t\t\t<\/div>\n\t\t<\/section>\n\t\t<div class=\"elementor-element elementor-element-8ef02f9 e-flex e-con-boxed e-con e-parent\" data-id=\"8ef02f9\" data-element_type=\"container\" data-settings=\"{&quot;background_background&quot;:&quot;classic&quot;}\">\n\t\t\t\t\t<div class=\"e-con-inner\">\n\t\t<div class=\"elementor-element elementor-element-d28c9a5 e-con-full e-flex e-con e-child\" data-id=\"d28c9a5\" data-element_type=\"container\" data-settings=\"{&quot;background_background&quot;:&quot;classic&quot;}\">\n\t\t\t\t<div class=\"elementor-element elementor-element-e568f78 elementor-widget__width-auto elementor-invisible elementor-widget elementor-widget-heading\" data-id=\"e568f78\" data-element_type=\"widget\" data-settings=\"{&quot;_animation&quot;:&quot;fadeIn&quot;,&quot;_animation_delay&quot;:50}\" data-widget_type=\"heading.default\">\n\t\t\t\t\t<div class=\"elementor-heading-title elementor-size-default\">NOSSA PROPOSTA<\/div>\t\t\t\t<\/div>\n\t\t\t\t<div class=\"elementor-element elementor-element-9efcad1 animated-fast elementor-widget-tablet__width-inherit elementor-invisible elementor-widget elementor-widget-heading\" data-id=\"9efcad1\" data-element_type=\"widget\" data-settings=\"{&quot;_animation&quot;:&quot;slideInUp&quot;,&quot;_animation_delay&quot;:50}\" data-widget_type=\"heading.default\">\n\t\t\t\t\t<h3 class=\"elementor-heading-title elementor-size-default\">Tecnologia no processo, pessoas no relacionamento\n<\/h3>\t\t\t\t<\/div>\n\t\t\t\t<div class=\"elementor-element elementor-element-2ab8f29 animated-fast elementor-invisible elementor-widget elementor-widget-text-editor\" data-id=\"2ab8f29\" data-element_type=\"widget\" data-settings=\"{&quot;_animation&quot;:&quot;fadeIn&quot;,&quot;_animation_delay&quot;:100}\" data-widget_type=\"text-editor.default\">\n\t\t\t\t\t\t\t\t\t<p><span style=\"font-weight: 400;\">A Esset alia tecnologia de ponta e expertise em RH do Grupo Employer para entregar solu\u00e7\u00f5es \u00e1geis, seguras e integradas em Sa\u00fade e Seguran\u00e7a do Trabalho.<\/span><\/p><p><span style=\"font-weight: 400;\">Nosso software, utilizado por redes de cl\u00ednicas em todo o Brasil, garante efici\u00eancia, padroniza\u00e7\u00e3o e agilidade na gest\u00e3o de programas, laudos e exames ocupacionais, com total conformidade legal e eSocial.<\/span><\/p><p><span style=\"font-weight: 400;\">Mas, acima de tudo, valorizamos o relacionamento humano. Nossa equipe mant\u00e9m contato pr\u00f3ximo com clientes e parceiros, garantindo atendimento personalizado, suporte \u00e1gil e cuidado com cada pessoa envolvida.<\/span><\/p><p><span style=\"font-weight: 400;\">Ao unir tecnologia e proximidade humana, oferecemos n\u00e3o apenas um sistema, mas uma experi\u00eancia completa de controle, organiza\u00e7\u00e3o e tranquilidade na gest\u00e3o de SST.<\/span><\/p>\t\t\t\t\t\t\t\t<\/div>\n\t\t<div class=\"elementor-element elementor-element-4537fb5 e-con-full e-flex e-con e-child\" data-id=\"4537fb5\" data-element_type=\"container\">\n\t\t\t\t<div class=\"elementor-element elementor-element-f8fc63c animated-fast elementor-invisible elementor-widget elementor-widget-button\" data-id=\"f8fc63c\" data-element_type=\"widget\" data-settings=\"{&quot;_animation&quot;:&quot;fadeIn&quot;,&quot;_animation_delay&quot;:150}\" data-widget_type=\"button.default\">\n\t\t\t\t\t\t\t\t\t\t<a class=\"elementor-button elementor-button-link elementor-size-sm\" href=\"#\">\n\t\t\t\t\t\t<span class=\"elementor-button-content-wrapper\">\n\t\t\t\t\t\t\t\t\t<span class=\"elementor-button-text\">Encontre a melhor solu\u00e7\u00e3o para voc\u00ea<\/span>\n\t\t\t\t\t<\/span>\n\t\t\t\t\t<\/a>\n\t\t\t\t\t\t\t\t<\/div>\n\t\t\t\t<\/div>\n\t\t\t\t<\/div>\n\t\t<div class=\"elementor-element elementor-element-a92d86f e-con-full e-flex e-con e-child\" data-id=\"a92d86f\" data-element_type=\"container\">\n\t\t\t\t<\/div>\n\t\t\t\t\t<\/div>\n\t\t\t\t<\/div>\n\t\t<div class=\"elementor-element elementor-element-26c7eb0 e-flex e-con-boxed e-con e-parent\" data-id=\"26c7eb0\" data-element_type=\"container\">\n\t\t\t\t\t<div class=\"e-con-inner\">\n\t\t\t\t<div class=\"elementor-element elementor-element-6f1de7e elementor-widget elementor-widget-spacer\" data-id=\"6f1de7e\" data-element_type=\"widget\" data-widget_type=\"spacer.default\">\n\t\t\t\t\t\t\t<div class=\"elementor-spacer\">\n\t\t\t<div class=\"elementor-spacer-inner\"><\/div>\n\t\t<\/div>\n\t\t\t\t\t\t<\/div>\n\t\t\t\t\t<\/div>\n\t\t\t\t<\/div>\n\t\t\t\t<\/div>\n\t\t","protected":false},"excerpt":{"rendered":"<p>Home Cuidamos de pessoas, fortalecemos empresas Na Esset, somos movidos pela paix\u00e3o em promover sa\u00fade e seguran\u00e7a no trabalho.Oferecemos uma&#8230;<\/p>\n","protected":false},"author":1,"featured_media":0,"parent":0,"menu_order":0,"comment_status":"closed","ping_status":"closed","template":"elementor_header_footer","meta":{"footnotes":""},"class_list":["post-988604","page","type-page","status-publish","hentry"],"_links":{"self":[{"href":"https:\/\/producao.lucasprogramador.com.br\/esset\/wp-json\/wp\/v2\/pages\/988604","targetHints":{"allow":["GET"]}}],"collection":[{"href":"https:\/\/producao.lucasprogramador.com.br\/esset\/wp-json\/wp\/v2\/pages"}],"about":[{"href":"https:\/\/producao.lucasprogramador.com.br\/esset\/wp-json\/wp\/v2\/types\/page"}],"author":[{"embeddable":true,"href":"https:\/\/producao.lucasprogramador.com.br\/esset\/wp-json\/wp\/v2\/users\/1"}],"replies":[{"embeddable":true,"href":"https:\/\/producao.lucasprogramador.com.br\/esset\/wp-json\/wp\/v2\/comments?post=988604"}],"version-history":[{"count":61,"href":"https:\/\/producao.lucasprogramador.com.br\/esset\/wp-json\/wp\/v2\/pages\/988604\/revisions"}],"predecessor-version":[{"id":988901,"href":"https:\/\/producao.lucasprogramador.com.br\/esset\/wp-json\/wp\/v2\/pages\/988604\/revisions\/988901"}],"wp:attachment":[{"href":"https:\/\/producao.lucasprogramador.com.br\/esset\/wp-json\/wp\/v2\/media?parent=988604"}],"curies":[{"name":"wp","href":"https:\/\/api.w.org\/{rel}","templated":true}]}}