{"id":246,"date":"2025-12-28T11:53:00","date_gmt":"2025-12-28T14:53:00","guid":{"rendered":"https:\/\/producao.lucasprogramador.com.br\/codeseq\/?page_id=246"},"modified":"2025-12-28T14:16:36","modified_gmt":"2025-12-28T17:16:36","slug":"servicos","status":"publish","type":"page","link":"https:\/\/producao.lucasprogramador.com.br\/codeseq\/servicos\/","title":{"rendered":"Servi\u00e7os"},"content":{"rendered":"\t\t<div data-elementor-type=\"wp-page\" data-elementor-id=\"246\" class=\"elementor elementor-246\" data-elementor-post-type=\"page\">\n\t\t\t\t<div class=\"elementor-element elementor-element-075b2b0 e-flex e-con-boxed e-con e-parent\" data-id=\"075b2b0\" data-element_type=\"container\" data-e-type=\"container\" data-settings=\"{&quot;background_background&quot;:&quot;classic&quot;}\">\n\t\t\t\t\t<div class=\"e-con-inner\">\n\t\t\t\t<div class=\"elementor-element elementor-element-f8d061b elementor-widget__width-initial elementor-widget-mobile__width-inherit elementor-widget elementor-widget-heading\" data-id=\"f8d061b\" data-element_type=\"widget\" data-e-type=\"widget\" data-widget_type=\"heading.default\">\n\t\t\t\t\t<h2 class=\"elementor-heading-title elementor-size-default\">Resultados do in\u00edcio ao fim<span style=\"color: orange\">.<\/span>\n\n<\/h2>\t\t\t\t<\/div>\n\t\t\t\t<div class=\"elementor-element elementor-element-0b61e92 elementor-widget__width-initial elementor-widget-mobile__width-inherit elementor-widget elementor-widget-heading\" data-id=\"0b61e92\" data-element_type=\"widget\" data-e-type=\"widget\" data-widget_type=\"heading.default\">\n\t\t\t\t\t<h2 class=\"elementor-heading-title elementor-size-default\">Inova\u00e7\u00e3o e tecnologia ao alcance da sua empresa.<\/h2>\t\t\t\t<\/div>\n\t\t\t\t<div class=\"elementor-element elementor-element-d4900f4 elementor-view-default elementor-widget elementor-widget-icon\" data-id=\"d4900f4\" data-element_type=\"widget\" data-e-type=\"widget\" data-widget_type=\"icon.default\">\n\t\t\t\t\t\t\t<div class=\"elementor-icon-wrapper\">\n\t\t\t<div class=\"elementor-icon\">\n\t\t\t<svg aria-hidden=\"true\" class=\"e-font-icon-svg e-fas-chevron-down\" viewBox=\"0 0 448 512\" xmlns=\"http:\/\/www.w3.org\/2000\/svg\"><path d=\"M207.029 381.476L12.686 187.132c-9.373-9.373-9.373-24.569 0-33.941l22.667-22.667c9.357-9.357 24.522-9.375 33.901-.04L224 284.505l154.745-154.021c9.379-9.335 24.544-9.317 33.901.04l22.667 22.667c9.373 9.373 9.373 24.569 0 33.941L240.971 381.476c-9.373 9.372-24.569 9.372-33.942 0z\"><\/path><\/svg>\t\t\t<\/div>\n\t\t<\/div>\n\t\t\t\t\t\t<\/div>\n\t\t\t\t\t<\/div>\n\t\t\t\t<\/div>\n\t\t<div class=\"elementor-element elementor-element-9567f9b e-flex e-con-boxed e-con e-parent\" data-id=\"9567f9b\" data-element_type=\"container\" data-e-type=\"container\">\n\t\t\t\t\t<div class=\"e-con-inner\">\n\t\t\t\t<div class=\"elementor-element elementor-element-226e94f elementor-widget__width-initial elementor-widget-mobile__width-inherit elementor-widget elementor-widget-heading\" data-id=\"226e94f\" data-element_type=\"widget\" data-e-type=\"widget\" data-widget_type=\"heading.default\">\n\t\t\t\t\t<h2 class=\"elementor-heading-title elementor-size-default\">Nossos servi\u00e7os\n<\/h2>\t\t\t\t<\/div>\n\t\t\t\t<div class=\"elementor-element elementor-element-cbd5c79 elementor-widget elementor-widget-spacer\" data-id=\"cbd5c79\" data-element_type=\"widget\" data-e-type=\"widget\" data-widget_type=\"spacer.default\">\n\t\t\t\t\t\t\t<div class=\"elementor-spacer\">\n\t\t\t<div class=\"elementor-spacer-inner\"><\/div>\n\t\t<\/div>\n\t\t\t\t\t\t<\/div>\n\t\t\t\t<div class=\"elementor-element elementor-element-1e9a0cf elementor-widget elementor-widget-menu-anchor\" data-id=\"1e9a0cf\" data-element_type=\"widget\" data-e-type=\"widget\" data-widget_type=\"menu-anchor.default\">\n\t\t\t\t\t\t\t<div class=\"elementor-menu-anchor\" id=\"consultoria\"><\/div>\n\t\t\t\t\t\t<\/div>\n\t\t<div class=\"elementor-element elementor-element-57fabbb e-con-full e-flex e-con e-child\" data-id=\"57fabbb\" data-element_type=\"container\" data-e-type=\"container\">\n\t\t<div class=\"elementor-element elementor-element-9a83508 e-con-full e-flex e-con e-child\" data-id=\"9a83508\" data-element_type=\"container\" data-e-type=\"container\">\n\t\t\t\t<div class=\"elementor-element elementor-element-0680da7 elementor-widget__width-inherit elementor-widget-mobile__width-inherit elementor-widget elementor-widget-heading\" data-id=\"0680da7\" data-element_type=\"widget\" data-e-type=\"widget\" data-widget_type=\"heading.default\">\n\t\t\t\t\t<h2 class=\"elementor-heading-title elementor-size-default\">Consultoria<\/h2>\t\t\t\t<\/div>\n\t\t\t\t<div class=\"elementor-element elementor-element-9df5df0 elementor-widget__width-inherit elementor-widget-mobile__width-inherit elementor-widget elementor-widget-text-editor\" data-id=\"9df5df0\" data-element_type=\"widget\" data-e-type=\"widget\" data-widget_type=\"text-editor.default\">\n\t\t\t\t\t\t\t\t\t<p>Nosso sistema de consultoria \u00e9 diferente de outros servi\u00e7os especializados: n\u00f3s guiaremos o seu projeto pelo caminho completo, desde a concep\u00e7\u00e3o te\u00f3rica \u00e0 partir dos objetivos, at\u00e9 a aplica\u00e7\u00e3o final, otimizando o retorno e viabilizando novos projetos de inova\u00e7\u00e3o.<\/p><p>Nossa miss\u00e3o \u00e9 mostrar que investimento em inova\u00e7\u00e3o \u00e9 poss\u00edvel sem vultuosas somas e sem tempo de retorno. N\u00f3s praticamos a ci\u00eancia sustent\u00e1vel.<\/p>\t\t\t\t\t\t\t\t<\/div>\n\t\t\t\t<\/div>\n\t\t<div class=\"elementor-element elementor-element-35f6dbb e-con-full e-flex e-con e-child\" data-id=\"35f6dbb\" data-element_type=\"container\" data-e-type=\"container\">\n\t\t\t\t<div class=\"elementor-element elementor-element-2408ec3 elementor-widget elementor-widget-image\" data-id=\"2408ec3\" data-element_type=\"widget\" data-e-type=\"widget\" data-widget_type=\"image.default\">\n\t\t\t\t\t\t\t\t\t\t\t\t\t\t\t<img fetchpriority=\"high\" decoding=\"async\" width=\"512\" height=\"512\" src=\"https:\/\/producao.lucasprogramador.com.br\/codeseq\/wp-content\/uploads\/2025\/12\/asset-1.webp\" class=\"attachment-full size-full wp-image-85\" alt=\"\" srcset=\"https:\/\/producao.lucasprogramador.com.br\/codeseq\/wp-content\/uploads\/2025\/12\/asset-1.webp 512w, https:\/\/producao.lucasprogramador.com.br\/codeseq\/wp-content\/uploads\/2025\/12\/asset-1-300x300.webp 300w, https:\/\/producao.lucasprogramador.com.br\/codeseq\/wp-content\/uploads\/2025\/12\/asset-1-150x150.webp 150w\" sizes=\"(max-width: 512px) 100vw, 512px\" \/>\t\t\t\t\t\t\t\t\t\t\t\t\t\t\t<\/div>\n\t\t\t\t<\/div>\n\t\t\t\t<\/div>\n\t\t\t\t<div class=\"elementor-element elementor-element-9274ce6 elementor-align-center elementor-mobile-align-justify elementor-widget elementor-widget-button\" data-id=\"9274ce6\" data-element_type=\"widget\" data-e-type=\"widget\" data-widget_type=\"button.default\">\n\t\t\t\t\t\t\t\t\t\t<a class=\"elementor-button elementor-button-link elementor-size-sm\" href=\"https:\/\/producao.lucasprogramador.com.br\/codeseq\/consultoria\/\">\n\t\t\t\t\t\t<span class=\"elementor-button-content-wrapper\">\n\t\t\t\t\t\t\t\t\t<span class=\"elementor-button-text\">SAIBA MAIS<\/span>\n\t\t\t\t\t<\/span>\n\t\t\t\t\t<\/a>\n\t\t\t\t\t\t\t\t<\/div>\n\t\t\t\t\t<\/div>\n\t\t\t\t<\/div>\n\t\t<div class=\"elementor-element elementor-element-47c9013 e-flex e-con-boxed e-con e-parent\" data-id=\"47c9013\" data-element_type=\"container\" data-e-type=\"container\">\n\t\t\t\t\t<div class=\"e-con-inner\">\n\t\t\t\t<div class=\"elementor-element elementor-element-cf2d88c elementor-widget elementor-widget-menu-anchor\" data-id=\"cf2d88c\" data-element_type=\"widget\" data-e-type=\"widget\" data-widget_type=\"menu-anchor.default\">\n\t\t\t\t\t\t\t<div class=\"elementor-menu-anchor\" id=\"cursos\"><\/div>\n\t\t\t\t\t\t<\/div>\n\t\t<div class=\"elementor-element elementor-element-1911f0d e-con-full e-flex e-con e-child\" data-id=\"1911f0d\" data-element_type=\"container\" data-e-type=\"container\">\n\t\t<div class=\"elementor-element elementor-element-24ba61a e-con-full e-flex e-con e-child\" data-id=\"24ba61a\" data-element_type=\"container\" data-e-type=\"container\">\n\t\t\t\t<div class=\"elementor-element elementor-element-c52c39a elementor-widget elementor-widget-image\" data-id=\"c52c39a\" data-element_type=\"widget\" data-e-type=\"widget\" data-widget_type=\"image.default\">\n\t\t\t\t\t\t\t\t\t\t\t\t\t\t\t<img decoding=\"async\" width=\"512\" height=\"512\" src=\"https:\/\/producao.lucasprogramador.com.br\/codeseq\/wp-content\/uploads\/2025\/12\/asset-2.webp\" class=\"attachment-full size-full wp-image-86\" alt=\"\" srcset=\"https:\/\/producao.lucasprogramador.com.br\/codeseq\/wp-content\/uploads\/2025\/12\/asset-2.webp 512w, https:\/\/producao.lucasprogramador.com.br\/codeseq\/wp-content\/uploads\/2025\/12\/asset-2-300x300.webp 300w, https:\/\/producao.lucasprogramador.com.br\/codeseq\/wp-content\/uploads\/2025\/12\/asset-2-150x150.webp 150w\" sizes=\"(max-width: 512px) 100vw, 512px\" \/>\t\t\t\t\t\t\t\t\t\t\t\t\t\t\t<\/div>\n\t\t\t\t<\/div>\n\t\t<div class=\"elementor-element elementor-element-62b496f e-con-full e-flex e-con e-child\" data-id=\"62b496f\" data-element_type=\"container\" data-e-type=\"container\">\n\t\t\t\t<div class=\"elementor-element elementor-element-c2324b7 elementor-widget__width-inherit elementor-widget-mobile__width-inherit elementor-widget elementor-widget-heading\" data-id=\"c2324b7\" data-element_type=\"widget\" data-e-type=\"widget\" data-widget_type=\"heading.default\">\n\t\t\t\t\t<h2 class=\"elementor-heading-title elementor-size-default\">Cursos e treinamentos\n<\/h2>\t\t\t\t<\/div>\n\t\t\t\t<div class=\"elementor-element elementor-element-372bd32 elementor-widget__width-inherit elementor-widget-mobile__width-inherit elementor-widget elementor-widget-text-editor\" data-id=\"372bd32\" data-element_type=\"widget\" data-e-type=\"widget\" data-widget_type=\"text-editor.default\">\n\t\t\t\t\t\t\t\t\t<p>Tendo ganhado grande destaque ap\u00f3s a pandemia do Sars-Covid19, nossos cursos de oferta regular s\u00e3o: qPCR, t\u00e9cnicas moleculares e bioinform\u00e1tica.<br \/>Com um p\u00fablico-alvo diverso, os conte\u00fados cobrem desde a base te\u00f3rica at\u00e9 a pr\u00e1tica di\u00e1ria, formando um profissional capacitado para o trabalho na \u00e1rea.<\/p><p>Indicamos nossos cursos como forma\u00e7\u00e3o complementar para estudantes das \u00e1reas biol\u00f3gicas e da sa\u00fade, profissionais que buscam uma especializa\u00e7\u00e3o de destaque ou mesmo a atualiza\u00e7\u00e3o pr\u00e1tica.<\/p><p>Para o conte\u00fado de Bioinform\u00e1tica, al\u00e9m do p\u00fablico tradicional, h\u00e1 a procura por profissionais de tecnologia da informa\u00e7\u00e3o, uma vez que \u00e9 poss\u00edvel acompanhar os conte\u00fados e adquirir uma especializa\u00e7\u00e3o com boa demanda no mercado.<\/p>\t\t\t\t\t\t\t\t<\/div>\n\t\t\t\t<\/div>\n\t\t\t\t<\/div>\n\t\t\t\t<div class=\"elementor-element elementor-element-4250134 elementor-align-center elementor-widget elementor-widget-button\" data-id=\"4250134\" data-element_type=\"widget\" data-e-type=\"widget\" data-widget_type=\"button.default\">\n\t\t\t\t\t\t\t\t\t\t<a class=\"elementor-button elementor-button-link elementor-size-sm\" href=\"https:\/\/producao.lucasprogramador.com.br\/codeseq\/cursos\/\">\n\t\t\t\t\t\t<span class=\"elementor-button-content-wrapper\">\n\t\t\t\t\t\t\t\t\t<span class=\"elementor-button-text\">CONHE\u00c7A<\/span>\n\t\t\t\t\t<\/span>\n\t\t\t\t\t<\/a>\n\t\t\t\t\t\t\t\t<\/div>\n\t\t\t\t\t<\/div>\n\t\t\t\t<\/div>\n\t\t<div class=\"elementor-element elementor-element-bf642af e-flex e-con-boxed e-con e-parent\" data-id=\"bf642af\" data-element_type=\"container\" data-e-type=\"container\">\n\t\t\t\t\t<div class=\"e-con-inner\">\n\t\t\t\t<div class=\"elementor-element elementor-element-d1d7617 elementor-widget elementor-widget-menu-anchor\" data-id=\"d1d7617\" data-element_type=\"widget\" data-e-type=\"widget\" data-widget_type=\"menu-anchor.default\">\n\t\t\t\t\t\t\t<div class=\"elementor-menu-anchor\" id=\"sequenciamento\"><\/div>\n\t\t\t\t\t\t<\/div>\n\t\t<div class=\"elementor-element elementor-element-6c48068 e-con-full e-flex e-con e-child\" data-id=\"6c48068\" data-element_type=\"container\" data-e-type=\"container\">\n\t\t<div class=\"elementor-element elementor-element-da3df93 e-con-full e-flex e-con e-child\" data-id=\"da3df93\" data-element_type=\"container\" data-e-type=\"container\">\n\t\t\t\t<div class=\"elementor-element elementor-element-3793e30 elementor-widget__width-inherit elementor-widget-mobile__width-inherit elementor-widget elementor-widget-heading\" data-id=\"3793e30\" data-element_type=\"widget\" data-e-type=\"widget\" data-widget_type=\"heading.default\">\n\t\t\t\t\t<h2 class=\"elementor-heading-title elementor-size-default\">Sequenciamento NGS\n<\/h2>\t\t\t\t<\/div>\n\t\t\t\t<div class=\"elementor-element elementor-element-984afce elementor-widget__width-inherit elementor-widget-mobile__width-inherit elementor-widget elementor-widget-text-editor\" data-id=\"984afce\" data-element_type=\"widget\" data-e-type=\"widget\" data-widget_type=\"text-editor.default\">\n\t\t\t\t\t\t\t\t\tNext Generation Sequencing (NGS) envolve sequenciamento paralelo de milh\u00f5es de fragmentos de DNA, fornecendo grandes quantidades de dados rapidamente e a um custo acess\u00edvel. Isso permite uma an\u00e1lise aprofundada de genomas inteiros em n\u00edveis sem precedentes, permitindo a explora\u00e7\u00e3o de hip\u00f3teses que, anteriormente, exigiria anos para testar. As aplica\u00e7\u00f5es s\u00e3o as mais diversas, como an\u00e1lises de genomas, express\u00e3o g\u00eanica, identificar diversidade de microorganismos, predisposi\u00e7\u00e3o gen\u00e9tica a doen\u00e7as, etc.\t\t\t\t\t\t\t\t<\/div>\n\t\t\t\t<\/div>\n\t\t<div class=\"elementor-element elementor-element-fc9108a e-con-full e-flex e-con e-child\" data-id=\"fc9108a\" data-element_type=\"container\" data-e-type=\"container\">\n\t\t\t\t<div class=\"elementor-element elementor-element-5130b06 elementor-widget elementor-widget-image\" data-id=\"5130b06\" data-element_type=\"widget\" data-e-type=\"widget\" data-widget_type=\"image.default\">\n\t\t\t\t\t\t\t\t\t\t\t\t\t\t\t<img decoding=\"async\" width=\"512\" height=\"512\" src=\"https:\/\/producao.lucasprogramador.com.br\/codeseq\/wp-content\/uploads\/2025\/12\/asset-3.webp\" class=\"attachment-full size-full wp-image-87\" alt=\"\" srcset=\"https:\/\/producao.lucasprogramador.com.br\/codeseq\/wp-content\/uploads\/2025\/12\/asset-3.webp 512w, https:\/\/producao.lucasprogramador.com.br\/codeseq\/wp-content\/uploads\/2025\/12\/asset-3-300x300.webp 300w, https:\/\/producao.lucasprogramador.com.br\/codeseq\/wp-content\/uploads\/2025\/12\/asset-3-150x150.webp 150w\" sizes=\"(max-width: 512px) 100vw, 512px\" \/>\t\t\t\t\t\t\t\t\t\t\t\t\t\t\t<\/div>\n\t\t\t\t<\/div>\n\t\t\t\t<\/div>\n\t\t\t\t<div class=\"elementor-element elementor-element-e87f4c8 elementor-align-center elementor-widget elementor-widget-button\" data-id=\"e87f4c8\" data-element_type=\"widget\" data-e-type=\"widget\" data-widget_type=\"button.default\">\n\t\t\t\t\t\t\t\t\t\t<a class=\"elementor-button elementor-button-link elementor-size-sm\" href=\"#elementor-action%3Aaction%3Dpopup%3Aopen%26settings%3DeyJpZCI6IjE1MCIsInRvZ2dsZSI6ZmFsc2V9\">\n\t\t\t\t\t\t<span class=\"elementor-button-content-wrapper\">\n\t\t\t\t\t\t\t\t\t<span class=\"elementor-button-text\">AGENDE UM HOR\u00c1RIO<\/span>\n\t\t\t\t\t<\/span>\n\t\t\t\t\t<\/a>\n\t\t\t\t\t\t\t\t<\/div>\n\t\t\t\t\t<\/div>\n\t\t\t\t<\/div>\n\t\t<div class=\"elementor-element elementor-element-3303c7f e-flex e-con-boxed e-con e-parent\" data-id=\"3303c7f\" data-element_type=\"container\" data-e-type=\"container\">\n\t\t\t\t\t<div class=\"e-con-inner\">\n\t\t\t\t<div class=\"elementor-element elementor-element-8d06ea0 elementor-widget elementor-widget-menu-anchor\" data-id=\"8d06ea0\" data-element_type=\"widget\" data-e-type=\"widget\" data-widget_type=\"menu-anchor.default\">\n\t\t\t\t\t\t\t<div class=\"elementor-menu-anchor\" id=\"bioinformatica\"><\/div>\n\t\t\t\t\t\t<\/div>\n\t\t<div class=\"elementor-element elementor-element-ccb8605 e-con-full e-flex e-con e-child\" data-id=\"ccb8605\" data-element_type=\"container\" data-e-type=\"container\">\n\t\t<div class=\"elementor-element elementor-element-a0c0fcb e-con-full e-flex e-con e-child\" data-id=\"a0c0fcb\" data-element_type=\"container\" data-e-type=\"container\">\n\t\t\t\t<div class=\"elementor-element elementor-element-d783897 elementor-widget elementor-widget-image\" data-id=\"d783897\" data-element_type=\"widget\" data-e-type=\"widget\" data-widget_type=\"image.default\">\n\t\t\t\t\t\t\t\t\t\t\t\t\t\t\t<img loading=\"lazy\" decoding=\"async\" width=\"512\" height=\"512\" src=\"https:\/\/producao.lucasprogramador.com.br\/codeseq\/wp-content\/uploads\/2025\/12\/asset-4.webp\" class=\"attachment-full size-full wp-image-88\" alt=\"\" srcset=\"https:\/\/producao.lucasprogramador.com.br\/codeseq\/wp-content\/uploads\/2025\/12\/asset-4.webp 512w, https:\/\/producao.lucasprogramador.com.br\/codeseq\/wp-content\/uploads\/2025\/12\/asset-4-300x300.webp 300w, https:\/\/producao.lucasprogramador.com.br\/codeseq\/wp-content\/uploads\/2025\/12\/asset-4-150x150.webp 150w\" sizes=\"(max-width: 512px) 100vw, 512px\" \/>\t\t\t\t\t\t\t\t\t\t\t\t\t\t\t<\/div>\n\t\t\t\t<\/div>\n\t\t<div class=\"elementor-element elementor-element-dea9ef5 e-con-full e-flex e-con e-child\" data-id=\"dea9ef5\" data-element_type=\"container\" data-e-type=\"container\">\n\t\t\t\t<div class=\"elementor-element elementor-element-2a7c7c4 elementor-widget__width-inherit elementor-widget-mobile__width-inherit elementor-widget elementor-widget-heading\" data-id=\"2a7c7c4\" data-element_type=\"widget\" data-e-type=\"widget\" data-widget_type=\"heading.default\">\n\t\t\t\t\t<h2 class=\"elementor-heading-title elementor-size-default\">Bioinform\u00e1tica<\/h2>\t\t\t\t<\/div>\n\t\t\t\t<div class=\"elementor-element elementor-element-cf2e447 elementor-widget__width-inherit elementor-widget-mobile__width-inherit elementor-widget elementor-widget-text-editor\" data-id=\"cf2e447\" data-element_type=\"widget\" data-e-type=\"widget\" data-widget_type=\"text-editor.default\">\n\t\t\t\t\t\t\t\t\t<p>Com o crescimento exponencial dos dados de sequenciamento, a bioinform\u00e1tica de hoje um dos grandes gargalos para a an\u00e1lise de dados biol\u00f3gicos. Al\u00e9m da dificuldade de processar os dados em escala, interpretar corretamente os resultados \u00e9 um desafio para profissionais experientes. N\u00f3s oferecemos solu\u00e7\u00f5es em processamento dos dados e no direcionamento das an\u00e1lises, fornecendo imagens e gr\u00e1ficos que auxiliam na interpreta\u00e7\u00e3o. Algumas das an\u00e1lises que oferecemos:<\/p><p>&#8211; Montagem de genomas;<br \/>&#8211; Transcriptomas e express\u00e3o diferencial<br \/>&#8211; Anota\u00e7\u00e3o de genes<br \/>&#8211; Metagen\u00f4mica<\/p><p>&#8211; Polimorfismos<\/p>\t\t\t\t\t\t\t\t<\/div>\n\t\t\t\t<\/div>\n\t\t\t\t<\/div>\n\t\t\t\t<div class=\"elementor-element elementor-element-603b5b0 elementor-align-center elementor-widget elementor-widget-button\" data-id=\"603b5b0\" data-element_type=\"widget\" data-e-type=\"widget\" data-widget_type=\"button.default\">\n\t\t\t\t\t\t\t\t\t\t<a class=\"elementor-button elementor-button-link elementor-size-sm\" href=\"#elementor-action%3Aaction%3Dpopup%3Aopen%26settings%3DeyJpZCI6IjE1MCIsInRvZ2dsZSI6ZmFsc2V9\">\n\t\t\t\t\t\t<span class=\"elementor-button-content-wrapper\">\n\t\t\t\t\t\t\t\t\t<span class=\"elementor-button-text\">AGENDE UM HOR\u00c1RIO<\/span>\n\t\t\t\t\t<\/span>\n\t\t\t\t\t<\/a>\n\t\t\t\t\t\t\t\t<\/div>\n\t\t\t\t\t<\/div>\n\t\t\t\t<\/div>\n\t\t<div class=\"elementor-element elementor-element-2d6a7ae e-flex e-con-boxed e-con e-parent\" data-id=\"2d6a7ae\" data-element_type=\"container\" data-e-type=\"container\">\n\t\t\t\t\t<div class=\"e-con-inner\">\n\t\t\t\t<div class=\"elementor-element elementor-element-5393580 elementor-widget elementor-widget-menu-anchor\" data-id=\"5393580\" data-element_type=\"widget\" data-e-type=\"widget\" data-widget_type=\"menu-anchor.default\">\n\t\t\t\t\t\t\t<div class=\"elementor-menu-anchor\" id=\"sanger\"><\/div>\n\t\t\t\t\t\t<\/div>\n\t\t<div class=\"elementor-element elementor-element-215de54 e-con-full e-flex e-con e-child\" data-id=\"215de54\" data-element_type=\"container\" data-e-type=\"container\">\n\t\t<div class=\"elementor-element elementor-element-e42bb5d e-con-full e-flex e-con e-child\" data-id=\"e42bb5d\" data-element_type=\"container\" data-e-type=\"container\">\n\t\t\t\t<div class=\"elementor-element elementor-element-59ee9d3 elementor-widget__width-inherit elementor-widget-mobile__width-inherit elementor-widget elementor-widget-heading\" data-id=\"59ee9d3\" data-element_type=\"widget\" data-e-type=\"widget\" data-widget_type=\"heading.default\">\n\t\t\t\t\t<h2 class=\"elementor-heading-title elementor-size-default\">Sequenciamento Sanger\n<\/h2>\t\t\t\t<\/div>\n\t\t\t\t<div class=\"elementor-element elementor-element-79cae18 elementor-widget__width-inherit elementor-widget-mobile__width-inherit elementor-widget elementor-widget-text-editor\" data-id=\"79cae18\" data-element_type=\"widget\" data-e-type=\"widget\" data-widget_type=\"text-editor.default\">\n\t\t\t\t\t\t\t\t\tAtrav\u00e9s do sequenciamento de Sanger \u00e9 poss\u00edvel sequenciar fragmentos de at\u00e9 ~900 pares de base, o m\u00e9todo, tamb\u00e9m conhecido como m\u00e9todo de dideoxi, possui diversas aplica\u00e7\u00f5es. Podem ser enviados produtos de PCR ou plasm\u00eddeos. As amostras podem ser enviadas em temperatura ambiente.\nOs servi\u00e7os de consultoria no desenho experimental, desenho de primer, clonagem e bioinform\u00e1tica podem ser acrescentados aos projetos, de acordo com a necessidade. \t\t\t\t\t\t\t\t<\/div>\n\t\t\t\t<\/div>\n\t\t<div class=\"elementor-element elementor-element-970ca76 e-con-full e-flex e-con e-child\" data-id=\"970ca76\" data-element_type=\"container\" data-e-type=\"container\">\n\t\t\t\t<div class=\"elementor-element elementor-element-79b7512 elementor-widget elementor-widget-image\" data-id=\"79b7512\" data-element_type=\"widget\" data-e-type=\"widget\" data-widget_type=\"image.default\">\n\t\t\t\t\t\t\t\t\t\t\t\t\t\t\t<img loading=\"lazy\" decoding=\"async\" width=\"135\" height=\"126\" src=\"https:\/\/producao.lucasprogramador.com.br\/codeseq\/wp-content\/uploads\/2025\/12\/6477618.png\" class=\"attachment-full size-full wp-image-257\" alt=\"\" \/>\t\t\t\t\t\t\t\t\t\t\t\t\t\t\t<\/div>\n\t\t\t\t<\/div>\n\t\t\t\t<\/div>\n\t\t\t\t<div class=\"elementor-element elementor-element-b0bc80b elementor-align-center elementor-widget elementor-widget-button\" data-id=\"b0bc80b\" data-element_type=\"widget\" data-e-type=\"widget\" data-widget_type=\"button.default\">\n\t\t\t\t\t\t\t\t\t\t<a class=\"elementor-button elementor-button-link elementor-size-sm\" href=\"https:\/\/seq.codeseq.com.br\/\" target=\"_blank\" rel=\"noopener\">\n\t\t\t\t\t\t<span class=\"elementor-button-content-wrapper\">\n\t\t\t\t\t\t\t\t\t<span class=\"elementor-button-text\">AGENDE UM HOR\u00c1RIO<\/span>\n\t\t\t\t\t<\/span>\n\t\t\t\t\t<\/a>\n\t\t\t\t\t\t\t\t<\/div>\n\t\t\t\t\t<\/div>\n\t\t\t\t<\/div>\n\t\t\t\t<\/div>\n\t\t","protected":false},"excerpt":{"rendered":"<p>Resultados do in\u00edcio ao fim. Inova\u00e7\u00e3o e tecnologia ao alcance da sua empresa. Nossos servi\u00e7os Consultoria Nosso sistema de consultoria \u00e9 diferente de outros servi\u00e7os especializados: n\u00f3s guiaremos o seu projeto pelo caminho completo, desde a concep\u00e7\u00e3o te\u00f3rica \u00e0 partir dos objetivos, at\u00e9 a aplica\u00e7\u00e3o final, otimizando o retorno e viabilizando novos projetos de inova\u00e7\u00e3o. [&hellip;]<\/p>\n","protected":false},"author":1,"featured_media":0,"parent":0,"menu_order":0,"comment_status":"closed","ping_status":"open","template":"elementor_header_footer","meta":{"footnotes":""},"class_list":["post-246","page","type-page","status-publish","hentry"],"_links":{"self":[{"href":"https:\/\/producao.lucasprogramador.com.br\/codeseq\/wp-json\/wp\/v2\/pages\/246","targetHints":{"allow":["GET"]}}],"collection":[{"href":"https:\/\/producao.lucasprogramador.com.br\/codeseq\/wp-json\/wp\/v2\/pages"}],"about":[{"href":"https:\/\/producao.lucasprogramador.com.br\/codeseq\/wp-json\/wp\/v2\/types\/page"}],"author":[{"embeddable":true,"href":"https:\/\/producao.lucasprogramador.com.br\/codeseq\/wp-json\/wp\/v2\/users\/1"}],"replies":[{"embeddable":true,"href":"https:\/\/producao.lucasprogramador.com.br\/codeseq\/wp-json\/wp\/v2\/comments?post=246"}],"version-history":[{"count":31,"href":"https:\/\/producao.lucasprogramador.com.br\/codeseq\/wp-json\/wp\/v2\/pages\/246\/revisions"}],"predecessor-version":[{"id":316,"href":"https:\/\/producao.lucasprogramador.com.br\/codeseq\/wp-json\/wp\/v2\/pages\/246\/revisions\/316"}],"wp:attachment":[{"href":"https:\/\/producao.lucasprogramador.com.br\/codeseq\/wp-json\/wp\/v2\/media?parent=246"}],"curies":[{"name":"wp","href":"https:\/\/api.w.org\/{rel}","templated":true}]}}