{"id":16488,"date":"2025-10-17T23:09:15","date_gmt":"2025-10-17T23:09:15","guid":{"rendered":"https:\/\/producao.lucasprogramador.com.br\/abfral\/?post_type=product&#038;p=16488"},"modified":"2025-11-26T09:05:28","modified_gmt":"2025-11-26T12:05:28","slug":"fraldas-descartaveis-ecofral","status":"publish","type":"product","link":"https:\/\/producao.lucasprogramador.com.br\/abfral\/produto\/fraldas-descartaveis-ecofral\/","title":{"rendered":"Fraldas Descartaveis Ecofral"},"content":{"rendered":"<p><strong>DADOS DO PRODUTO<\/strong><\/p>\n<table width=\"718\">\n<tbody>\n<tr>\n<td width=\"198\">C\u00f3digo:<\/td>\n<td width=\"520\">PA00014<\/td>\n<\/tr>\n<tr>\n<td width=\"198\">Descri\u00e7\u00e3o:<\/td>\n<td width=\"520\">Fraldas Descart\u00e1veis de uso Geri\u00e1trico Ecofral<\/td>\n<\/tr>\n<tr>\n<td width=\"198\">Cor da Embalagem:<\/td>\n<td width=\"520\">Azul Marinho<\/td>\n<\/tr>\n<tr>\n<td width=\"198\">Conte\u00fado:<\/td>\n<td width=\"520\">8 unidades<\/td>\n<\/tr>\n<tr>\n<td width=\"198\">C\u00f3digo de Barras GTIN-13:<\/td>\n<td width=\"520\">0070341646144<\/td>\n<\/tr>\n<tr>\n<td width=\"198\">Lote e Fabrica\u00e7\u00e3o:<\/td>\n<td width=\"520\">Impressos na embalagem<\/td>\n<\/tr>\n<tr>\n<td width=\"198\">Dimens\u00f5es da embalagem L X P X A (mm):<\/td>\n<td width=\"520\">145 X 145 x 250<\/td>\n<\/tr>\n<tr>\n<td width=\"198\">Validade:<\/td>\n<td width=\"520\">03 anos a partir da data de fabrica\u00e7\u00e3o, quando acondicionados em local adequado.<\/td>\n<\/tr>\n<tr>\n<td width=\"198\">Peso\u00a0\u00a0\u00a0\u00a0 \u00a0\u00a0\u00a0\u00a0 Liquido\u00a0\u00a0\u00a0\u00a0 \u00a0\u00a0\u00a0\u00a0\u00a0 da<\/p>\n<p>embalagem (g)<\/td>\n<td width=\"520\">Aproximadamente 410,0<\/td>\n<\/tr>\n<\/tbody>\n<\/table>\n<p><strong>DADOS DO FABRICANTE<\/strong><\/p>\n<table width=\"718\">\n<tbody>\n<tr>\n<td width=\"227\">Raz\u00e3o Social:<\/td>\n<td width=\"491\">Abifral Comercio e Industria LTDA<\/td>\n<\/tr>\n<tr>\n<td width=\"227\">CNPJ:<\/td>\n<td width=\"491\">49.928.561\/0001-44<\/td>\n<\/tr>\n<tr>\n<td width=\"227\">Endere\u00e7o:<\/td>\n<td width=\"491\">Rua das Arvores, 405, Bairro Distrito Olhos D\u2019agua, Lagoa Santa, Minas Gerais, Brasil, cep: 33240-009<\/td>\n<\/tr>\n<tr>\n<td width=\"227\">Respons\u00e1vel T\u00e9cnica:<\/td>\n<td width=\"491\">Dayana Reis Pereira, CRF\/MG 35.525<\/td>\n<\/tr>\n<tr>\n<td width=\"227\">Atendimento ao consumidor:<\/td>\n<td width=\"491\">(31) 3025-3209<\/td>\n<\/tr>\n<\/tbody>\n<\/table>\n<p><strong>DADOS DE EMBARQUE<\/strong><\/p>\n<table width=\"718\">\n<tbody>\n<tr>\n<td width=\"227\">Unidade de Embarque:<\/td>\n<td width=\"491\">Fardo com 12 embalagens com 8 unidades cada<\/td>\n<\/tr>\n<tr>\n<td width=\"227\">Dimens\u00f5es L X P X A (mm):<\/td>\n<td width=\"491\">700 X 110 X 900<\/td>\n<\/tr>\n<tr>\n<td width=\"227\">Peso Liquido (kg):<\/td>\n<td width=\"491\">Aproximadamente 4,920<\/td>\n<\/tr>\n<\/tbody>\n<\/table>\n<p><strong>CARACTER\u00cdSTICAS DO PRODUTO<\/strong><\/p>\n<p>Produto descart\u00e1vel com excelente poder de absor\u00e7\u00e3o, composto por camada de gel superabsorvente e fibras de celulose, cobertura interna de falso tecido, formato anat\u00f4mico contendo el\u00e1stico nas pernas, barreira antivazamento, cobertura externa perme\u00e1vel, fita tri laminada ultra adesiva nas laterais e indicador de umidade. Componentes at\u00f3xicos, n\u00e3o propensos a causar irrita\u00e7\u00e3o em contato com a pele.<\/p>\n<p>Peso: 40 a 70 kg<\/p>\n<p>Tamanho da cintura: 70 cm \u00e0 120 cm<\/p>\n<p><strong>INDICA\u00c7\u00c3O DE USO<\/strong><\/p>\n<p>P\u00f3s parto, geri\u00e1trico, incontin\u00eancia e p\u00f3s-operat\u00f3rio.<\/p>\n<p><strong>COMPOSI\u00c7\u00c3O:<\/strong><\/p>\n<p>POLIETILENO, POLIPROPILENO COM ALOE VERA, POLIMERO DE ALTA<\/p>\n<p>ABSOR\u00c7\u00c3O, ADESIVO TERMOPL\u00c1STICO, POLPA DE CELULOSE, FITA TRI LAMINADA E ELASTANO<\/p>\n<p><strong>MODO DE USO:<\/strong><\/p>\n<p><strong>Com a pessoa em p\u00e9:<\/strong><\/p>\n<p>Posicione a fralda entre as pernas, deixando a parte macia em contato com a pele. A extremidade com a fita adesiva deve ficar atr\u00e1s.<\/p>\n<p>Encaixe a parte central da fralda na virilha, estendendo a parte frontal sobre a barriga. Puxe com cuidado a parte traseira com as fitas adesivas sobre a parte da frente. Ajuste na cintura iniciando sempre com as fitas inferiores apontadas para o umbigo.<\/p>\n<p>Ajustar na cintura iniciando pelas fitas inferiores direcionadas para o umbigo e as fitas superiores direcionadas para a virilha, de forma que fiquem bem ajustadas, sem aperto.<\/p>\n<p><strong>Com a pessoa deitada:<\/strong><\/p>\n<p>Com a pessoa de lado, posicione a fralda entre as pernas, deixando a parte macia em contato com a pele. As extremidades com as fitas adesivas devem ficar atr\u00e1s.<\/p>\n<p>Coloque a pessoa deitada de costas, ajuste a parte da frente e em seguida ajuste a parte de tr\u00e1s, puxando com cuidado para que fique sobre a parte da frente.<\/p>\n<p>Ajuste na cintura iniciando a fixa\u00e7\u00e3o com as fitas inferiores apontadas para o umbigo e as fitas superiores apontadas para a virilha, formando um V. Ajuste para que fique bem justo.<\/p>\n<p><strong>ASSUNTOS REGULAT\u00d3RIOS:<\/strong><\/p>\n<p>Dispensado de registro do Minist\u00e9rio da Sa\u00fade, conforme portaria N\u00b0 1.480 de 31 de Dezembro de 1990, do Minist\u00e9rio da Sa\u00fade e RDC N\u00b0 142, de 17 de Mar\u00e7o de 2017, do Minist\u00e9rio da sa\u00fade.<\/p>\n<p><strong>RECOMENDA\u00c7\u00d5ES:<\/strong><\/p>\n<p>Manter em local seco, limpo, arejado, sem odor e ao abrigo do sol. Evite o contato das fitas adesivas com talco, \u00f3leo ou pomada para que n\u00e3o percam a ader\u00eancia.<\/p>\n<p>Produto para uso externo e descart\u00e1vel, n\u00e3o deve ser lavado ou reaproveit\u00e1vel, inutilizar ap\u00f3s o uso. Em caso de irrita\u00e7\u00e3o descontinuar o uso.<\/p>\n<p>Manter o produto longe do alcance das crian\u00e7as.<\/p>\n<p><strong>FICHAS T\u00c9CNICAS:<\/strong><\/p>\n<p><a href=\"https:\/\/producao.lucasprogramador.com.br\/abfral\/wp-content\/uploads\/2025\/10\/FICHA-TECNICA-M.pdf\">FICHA TE\u0301CNICA M<\/a><\/p>\n<p><a href=\"https:\/\/producao.lucasprogramador.com.br\/abfral\/wp-content\/uploads\/2025\/10\/FICHA-TECNICA-G.pdf\">FICHA TE\u0301CNICA G<\/a><\/p>\n<p><a href=\"https:\/\/producao.lucasprogramador.com.br\/abfral\/wp-content\/uploads\/2025\/10\/FICHA-TECNICA-XG.pdf\">FICHA TE\u0301CNICA XG<\/a><\/p>\n","protected":false},"excerpt":{"rendered":"<p>DADOS DO PRODUTO C\u00f3digo: PA00014 Descri\u00e7\u00e3o: Fraldas Descart\u00e1veis de uso Geri\u00e1trico Ecofral Cor da Embalagem: Azul Marinho Conte\u00fado: 8 unidades<\/p>\n","protected":false},"featured_media":16489,"comment_status":"open","ping_status":"closed","template":"","meta":[],"product_brand":[],"product_cat":[21],"product_tag":[],"class_list":{"0":"post-16488","1":"product","2":"type-product","3":"status-publish","4":"has-post-thumbnail","6":"product_cat-fralda","8":"first","9":"instock","10":"taxable","11":"shipping-taxable","12":"purchasable","13":"product-type-variable"},"_links":{"self":[{"href":"https:\/\/producao.lucasprogramador.com.br\/abfral\/wp-json\/wp\/v2\/product\/16488","targetHints":{"allow":["GET"]}}],"collection":[{"href":"https:\/\/producao.lucasprogramador.com.br\/abfral\/wp-json\/wp\/v2\/product"}],"about":[{"href":"https:\/\/producao.lucasprogramador.com.br\/abfral\/wp-json\/wp\/v2\/types\/product"}],"replies":[{"embeddable":true,"href":"https:\/\/producao.lucasprogramador.com.br\/abfral\/wp-json\/wp\/v2\/comments?post=16488"}],"version-history":[{"count":3,"href":"https:\/\/producao.lucasprogramador.com.br\/abfral\/wp-json\/wp\/v2\/product\/16488\/revisions"}],"predecessor-version":[{"id":16560,"href":"https:\/\/producao.lucasprogramador.com.br\/abfral\/wp-json\/wp\/v2\/product\/16488\/revisions\/16560"}],"wp:featuredmedia":[{"embeddable":true,"href":"https:\/\/producao.lucasprogramador.com.br\/abfral\/wp-json\/wp\/v2\/media\/16489"}],"wp:attachment":[{"href":"https:\/\/producao.lucasprogramador.com.br\/abfral\/wp-json\/wp\/v2\/media?parent=16488"}],"wp:term":[{"taxonomy":"product_brand","embeddable":true,"href":"https:\/\/producao.lucasprogramador.com.br\/abfral\/wp-json\/wp\/v2\/product_brand?post=16488"},{"taxonomy":"product_cat","embeddable":true,"href":"https:\/\/producao.lucasprogramador.com.br\/abfral\/wp-json\/wp\/v2\/product_cat?post=16488"},{"taxonomy":"product_tag","embeddable":true,"href":"https:\/\/producao.lucasprogramador.com.br\/abfral\/wp-json\/wp\/v2\/product_tag?post=16488"}],"curies":[{"name":"wp","href":"https:\/\/api.w.org\/{rel}","templated":true}]}}