{"id":16223,"date":"2025-11-07T11:40:37","date_gmt":"2025-11-07T11:40:37","guid":{"rendered":"https:\/\/producao.lucasprogramador.com.br\/abfral\/?page_id=16223"},"modified":"2025-11-07T11:40:37","modified_gmt":"2025-11-07T11:40:37","slug":"blog","status":"publish","type":"page","link":"https:\/\/producao.lucasprogramador.com.br\/abfral\/blog\/","title":{"rendered":"Blog"},"content":{"rendered":"\t\t<div data-elementor-type=\"wp-page\" data-elementor-id=\"16223\" class=\"elementor elementor-16223\" data-elementor-post-type=\"page\">\n\t\t\t\t<div class=\"wd-negative-gap elementor-element elementor-element-3030339 e-flex e-con-boxed e-con e-parent\" data-id=\"3030339\" data-element_type=\"container\">\n\t\t\t\t\t<div class=\"e-con-inner\">\n\t\t\t\t<div class=\"elementor-element elementor-element-ab97bae elementor-grid-3 elementor-grid-tablet-2 elementor-grid-mobile-1 elementor-posts--thumbnail-top elementor-card-shadow-yes elementor-posts__hover-gradient elementor-widget elementor-widget-posts\" data-id=\"ab97bae\" data-element_type=\"widget\" data-settings=\"{&quot;cards_columns&quot;:&quot;3&quot;,&quot;cards_columns_tablet&quot;:&quot;2&quot;,&quot;cards_columns_mobile&quot;:&quot;1&quot;,&quot;cards_row_gap&quot;:{&quot;unit&quot;:&quot;px&quot;,&quot;size&quot;:35,&quot;sizes&quot;:[]},&quot;cards_row_gap_tablet&quot;:{&quot;unit&quot;:&quot;px&quot;,&quot;size&quot;:&quot;&quot;,&quot;sizes&quot;:[]},&quot;cards_row_gap_mobile&quot;:{&quot;unit&quot;:&quot;px&quot;,&quot;size&quot;:&quot;&quot;,&quot;sizes&quot;:[]}}\" data-widget_type=\"posts.cards\">\n\t\t\t\t<div class=\"elementor-widget-container\">\n\t\t\t\t\t\t\t<div class=\"elementor-posts-container elementor-posts elementor-posts--skin-cards elementor-grid\" role=\"list\">\n\t\t\t\t<article class=\"elementor-post elementor-grid-item post-16546 post type-post status-publish format-standard hentry category-blog\" role=\"listitem\">\n\t\t\t<div class=\"elementor-post__card\">\n\t\t\t\t<div class=\"elementor-post__text\">\n\t\t\t\t<h3 class=\"elementor-post__title\">\n\t\t\t<a href=\"https:\/\/producao.lucasprogramador.com.br\/abfral\/2025\/11\/12\/fralda-nao-e-limitacao-a-historia-de-joao-e-a-dignidade-de-viver\/\" >\n\t\t\t\tFralda N\u00e3o \u00c9 Limita\u00e7\u00e3o: A Hist\u00f3ria de Jo\u00e3o e a Dignidade de Viver\t\t\t<\/a>\n\t\t<\/h3>\n\t\t\t\t<div class=\"elementor-post__excerpt\">\n\t\t\t<p>A vida de Jo\u00e3o foi marcada por um desafio monumental: o diagn\u00f3stico dif\u00edcil de c\u00e2ncer retal. Sua jornada n\u00e3o foi<\/p>\n\t\t<\/div>\n\t\t\n\t\t<a class=\"elementor-post__read-more\" href=\"https:\/\/producao.lucasprogramador.com.br\/abfral\/2025\/11\/12\/fralda-nao-e-limitacao-a-historia-de-joao-e-a-dignidade-de-viver\/\" aria-label=\"Read more about Fralda N\u00e3o \u00c9 Limita\u00e7\u00e3o: A Hist\u00f3ria de Jo\u00e3o e a Dignidade de Viver\" tabindex=\"-1\" >\n\t\t\tLeia mais\t\t<\/a>\n\n\t\t\t\t<\/div>\n\t\t\t\t<div class=\"elementor-post__meta-data\">\n\t\t\t\t\t<span class=\"elementor-post-date\">\n\t\t\t12\/11\/2025\t\t<\/span>\n\t\t\t\t<\/div>\n\t\t\t\t\t<\/div>\n\t\t<\/article>\n\t\t\t\t<\/div>\n\t\t\n\t\t\t\t\t\t<\/div>\n\t\t\t\t<\/div>\n\t\t\t\t\t<\/div>\n\t\t\t\t<\/div>\n\t\t\t\t<\/div>\n\t\t","protected":false},"excerpt":{"rendered":"","protected":false},"author":1,"featured_media":0,"parent":0,"menu_order":0,"comment_status":"closed","ping_status":"closed","template":"elementor_header_footer","meta":{"footnotes":""},"class_list":["post-16223","page","type-page","status-publish","hentry"],"_links":{"self":[{"href":"https:\/\/producao.lucasprogramador.com.br\/abfral\/wp-json\/wp\/v2\/pages\/16223","targetHints":{"allow":["GET"]}}],"collection":[{"href":"https:\/\/producao.lucasprogramador.com.br\/abfral\/wp-json\/wp\/v2\/pages"}],"about":[{"href":"https:\/\/producao.lucasprogramador.com.br\/abfral\/wp-json\/wp\/v2\/types\/page"}],"author":[{"embeddable":true,"href":"https:\/\/producao.lucasprogramador.com.br\/abfral\/wp-json\/wp\/v2\/users\/1"}],"replies":[{"embeddable":true,"href":"https:\/\/producao.lucasprogramador.com.br\/abfral\/wp-json\/wp\/v2\/comments?post=16223"}],"version-history":[{"count":13,"href":"https:\/\/producao.lucasprogramador.com.br\/abfral\/wp-json\/wp\/v2\/pages\/16223\/revisions"}],"predecessor-version":[{"id":16242,"href":"https:\/\/producao.lucasprogramador.com.br\/abfral\/wp-json\/wp\/v2\/pages\/16223\/revisions\/16242"}],"wp:attachment":[{"href":"https:\/\/producao.lucasprogramador.com.br\/abfral\/wp-json\/wp\/v2\/media?parent=16223"}],"curies":[{"name":"wp","href":"https:\/\/api.w.org\/{rel}","templated":true}]}}